{"id":13844,"date":"2021-09-28T02:59:04","date_gmt":"2021-09-28T02:59:04","guid":{"rendered":"https:\/\/mouldking.store\/product\/sembo-701023-audi-r8-sport-white-1-10-5570055"},"modified":"2021-10-11T03:01:18","modified_gmt":"2021-10-11T03:01:18","slug":"sembo-701023-audi-r8-sport-white-1-10","status":"publish","type":"product","link":"https:\/\/mouldking.store\/vi\/shop\/sembo-701023-audi-r8-sport-white-1-10\/","title":{"rendered":"SEMBO 701023 Audi R8 Sport White 1 10"},"content":{"rendered":"<p><strong>CHI TI\u1ebeT S\u1ea2N PH\u1ea8M<\/strong><\/p>\n<p>SEMBO 701023 Audi R8 Sport White 1 10 is based\u00a0 on Audi R8 Sport Car with ratio 1:10 .\u00a0 It&#8217;s an awesome Brick set Sembo 701023 Audi R8 Sport White 1 10<\/p>\n<ul>\n<li>+ 2768\u00a0 pieces made from high-quality 100% ABS plastic bricks, safe for children, long time to play, 100% compatible with other brick brands<\/li>\n<li><span style=\"font-size: 14.4px;\">Easy-to-build with manual instruction of Sembo 701023 Audi R8 Sport White 1 10 <\/span><span style=\"font-size: 14.4px; color: #555555;\">v\u1edbi g\u1ea1ch b\u1eb1ng g\u1ea1ch h\u01b0\u1edbng d\u1eabn v\u00e0 h\u00ecnh \u1ea3nh ch\u1ea5t l\u01b0\u1ee3ng cao<\/span><\/li>\n<li>Motor, Remote Control and Light are sell in separately, adding more $40<\/li>\n<li><span style=\"font-size: 14.4px;\">Full dimensions of Sembo 701023 Audi R8 Sport White 1 10:<\/span><\/li>\n<\/ul>\n<figure id=\"attachment_186705\" aria-describedby=\"caption-attachment-186705\" style=\"width: 1020px\" class=\"wp-caption alignnone\"><img fetchpriority=\"high\" decoding=\"async\" class=\"wp-image-186705 size-large\" src=\"https:\/\/pay.lpwstore.com\/wp-content\/uploads\/2020\/04\/S-701023-Audi-R8-Sport-White-1-10-10-1024x283.jpg\" alt=\"-\" width=\"1020\" height=\"282\" title=\"-\"><figcaption id=\"caption-attachment-186705\" class=\"wp-caption-text\">SEMBO 701023 Audi R8 Sport White 1 10<\/figcaption><\/figure>\n<h4><strong>GIAO H\u00c0NG V\u00c0 TR\u1ea2 L\u1ea0I<\/strong><\/h4>\n<p>We guarantee for Sembo 701023 Audi R8 Sport White 1 10<\/p>\n<ul>\n<li>Ho\u00e0n tr\u1ea3 \u0111\u1ea7y \u0111\u1ee7 n\u1ebfu kh\u00f4ng nh\u1eadn \u0111\u01b0\u1ee3c \u0111\u01a1n \u0111\u1eb7t h\u00e0ng c\u1ee7a b\u1ea1n<\/li>\n<li>Cung c\u1ea5p mi\u1ec5n ph\u00ed c\u00e1c ph\u1ea7n c\u00f2n thi\u1ebfu ho\u1eb7c s\u00e1ch h\u01b0\u1edbng d\u1eabn<\/li>\n<li>Kh\u00e1ch h\u00e0ng s\u1ebd kh\u00f4ng ph\u1ea3i tr\u1ea3 th\u00eam ti\u1ec1n thu\u1ebf v\u00e0 l\u1ec7 ph\u00ed h\u1ea3i quan. (N\u1ebfu b\u1ea1n ph\u1ea3i tr\u1ea3 ti\u1ec1n, ch\u00fang t\u00f4i s\u1ebd ho\u00e0n l\u1ea1i ti\u1ec1n cho b\u1ea1n)<\/li>\n<li>V\u1eadn chuy\u1ec3n qu\u1ed1c t\u1ebf kh\u00e1 ph\u1ee9c t\u1ea1p, ch\u00fang t\u00f4i c\u1ed1 g\u1eafng h\u1ebft s\u1ee9c \u0111\u1ec3 x\u1eed l\u00fd t\u1ea5t c\u1ea3 c\u00e1c v\u1ea5n \u0111\u1ec1 c\u1ee7a b\u1ea1n. Tuy nhi\u00ean, n\u1ebfu \u0111\u01a1n \u0111\u1eb7t h\u00e0ng c\u1ee7a b\u1ea1n g\u1eb7p m\u1ed9t s\u1ed1 r\u1eafc r\u1ed1i, vui l\u00f2ng li\u00ean h\u1ec7 v\u1edbi ch\u00fang t\u00f4i qua email<\/li>\n<li><span data-text-color=\"alert\"><strong>H\u1ee7y \u0111\u01a1n h\u00e0ng:<\/strong><\/span> N\u1ebfu c\u1ea7n h\u1ee7y \u0111\u01a1n h\u00e0ng, b\u1ea1n c\u1ea7n li\u00ean h\u1ec7 v\u1edbi ch\u00fang t\u00f4i qua email contact@pay.lpwstore.com c\u00e0ng s\u1edbm c\u00e0ng t\u1ed1t. Ch\u00fang t\u00f4i kh\u00f4ng th\u1ec3 d\u1eebng \u0111\u1eb7t h\u00e0ng cho \u0111\u1ebfn 48 gi\u1edd<\/li>\n<\/ul>\n<h4><strong>NH\u1eeeNG PH\u1ea6N C\u00d2N THI\u1ebeU<\/strong><\/h4>\n<p>All parts of Sembo 701023 Audi R8 Sport White 1 10 \u00a0are quality checked before shipping, so if you find some missing or damaged parts, don&#8217;t worry. Please contact us and we will send them to you without any fees, or we will offer a small refund for you to buy in other places.<\/p>\n<figure id=\"attachment_186696\" aria-describedby=\"caption-attachment-186696\" style=\"width: 1020px\" class=\"wp-caption alignnone\"><img decoding=\"async\" class=\"wp-image-186696 size-large\" src=\"https:\/\/pay.lpwstore.com\/wp-content\/uploads\/2020\/04\/S-701023-Audi-R8-Sport-White-1-10-1-1024x583.jpg\" alt=\"-\" width=\"1020\" height=\"581\" title=\"-\"><figcaption id=\"caption-attachment-186696\" class=\"wp-caption-text\">SEMBO 701023 Audi R8 Sport White 1 10<\/figcaption><\/figure>\n<figure id=\"attachment_186697\" aria-describedby=\"caption-attachment-186697\" style=\"width: 1020px\" class=\"wp-caption alignnone\"><img decoding=\"async\" class=\"wp-image-186697 size-large\" src=\"https:\/\/pay.lpwstore.com\/wp-content\/uploads\/2020\/04\/S-701023-Audi-R8-Sport-White-1-10-2-1024x606.jpg\" alt=\"-\" width=\"1020\" height=\"604\" title=\"-\"><figcaption id=\"caption-attachment-186697\" class=\"wp-caption-text\">SEMBO 701023 Audi R8 Sport White 1 10<\/figcaption><\/figure>\n<figure id=\"attachment_186698\" aria-describedby=\"caption-attachment-186698\" style=\"width: 1020px\" class=\"wp-caption alignnone\"><img loading=\"lazy\" decoding=\"async\" class=\"wp-image-186698 size-large\" src=\"https:\/\/pay.lpwstore.com\/wp-content\/uploads\/2020\/04\/S-701023-Audi-R8-Sport-White-1-10-3-1024x571.jpg\" alt=\"-\" width=\"1020\" height=\"569\" title=\"-\"><figcaption id=\"caption-attachment-186698\" class=\"wp-caption-text\">SEMBO 701023 Audi R8 Sport White 1 10<\/figcaption><\/figure>\n<figure id=\"attachment_186699\" aria-describedby=\"caption-attachment-186699\" style=\"width: 1020px\" class=\"wp-caption alignnone\"><img loading=\"lazy\" decoding=\"async\" class=\"wp-image-186699 size-large\" src=\"https:\/\/pay.lpwstore.com\/wp-content\/uploads\/2020\/04\/S-701023-Audi-R8-Sport-White-1-10-4-1024x576.jpg\" alt=\"-\" width=\"1020\" height=\"574\" title=\"-\"><figcaption id=\"caption-attachment-186699\" class=\"wp-caption-text\">SEMBO 701023 Audi R8 Sport White 1 10<\/figcaption><\/figure>\n<figure id=\"attachment_186700\" aria-describedby=\"caption-attachment-186700\" style=\"width: 1020px\" class=\"wp-caption alignnone\"><img loading=\"lazy\" decoding=\"async\" class=\"wp-image-186700 size-large\" src=\"https:\/\/pay.lpwstore.com\/wp-content\/uploads\/2020\/04\/S-701023-Audi-R8-Sport-White-1-10-5-1024x662.jpg\" alt=\"-\" width=\"1020\" height=\"659\" title=\"-\"><figcaption id=\"caption-attachment-186700\" class=\"wp-caption-text\">SEMBO 701023 Audi R8 Sport White 1 10<\/figcaption><\/figure>\n<figure id=\"attachment_186701\" aria-describedby=\"caption-attachment-186701\" style=\"width: 1020px\" class=\"wp-caption alignnone\"><img loading=\"lazy\" decoding=\"async\" class=\"wp-image-186701 size-large\" src=\"https:\/\/pay.lpwstore.com\/wp-content\/uploads\/2020\/04\/S-701023-Audi-R8-Sport-White-1-10-6-1024x491.jpg\" alt=\"-\" width=\"1020\" height=\"489\" title=\"-\"><figcaption id=\"caption-attachment-186701\" class=\"wp-caption-text\">SEMBO 701023 Audi R8 Sport White 1 10<\/figcaption><\/figure>\n<figure id=\"attachment_186702\" aria-describedby=\"caption-attachment-186702\" style=\"width: 1020px\" class=\"wp-caption alignnone\"><img loading=\"lazy\" decoding=\"async\" class=\"wp-image-186702 size-large\" src=\"https:\/\/pay.lpwstore.com\/wp-content\/uploads\/2020\/04\/S-701023-Audi-R8-Sport-White-1-10-7-1024x500.jpg\" alt=\"-\" width=\"1020\" height=\"498\" title=\"-\"><figcaption id=\"caption-attachment-186702\" class=\"wp-caption-text\">SEMBO 701023 Audi R8 Sport White 1 10<\/figcaption><\/figure>\n<figure id=\"attachment_186703\" aria-describedby=\"caption-attachment-186703\" style=\"width: 1020px\" class=\"wp-caption alignnone\"><img loading=\"lazy\" decoding=\"async\" class=\"wp-image-186703 size-large\" src=\"https:\/\/pay.lpwstore.com\/wp-content\/uploads\/2020\/04\/S-701023-Audi-R8-Sport-White-1-10-8-1024x500.jpg\" alt=\"-\" width=\"1020\" height=\"498\" title=\"-\"><figcaption id=\"caption-attachment-186703\" class=\"wp-caption-text\">SEMBO 701023 Audi R8 Sport White 1 10<\/figcaption><\/figure>\n<figure id=\"attachment_186704\" aria-describedby=\"caption-attachment-186704\" style=\"width: 1020px\" class=\"wp-caption alignnone\"><img loading=\"lazy\" decoding=\"async\" class=\"wp-image-186704 size-large\" src=\"https:\/\/pay.lpwstore.com\/wp-content\/uploads\/2020\/04\/S-701023-Audi-R8-Sport-White-1-10-9-1024x773.jpg\" alt=\"-\" width=\"1020\" height=\"770\" title=\"-\"><figcaption id=\"caption-attachment-186704\" class=\"wp-caption-text\">SEMBO 701023 Audi R8 Sport White 1 10<\/figcaption><\/figure>\n<figure id=\"attachment_186706\" aria-describedby=\"caption-attachment-186706\" style=\"width: 1020px\" class=\"wp-caption alignnone\"><img loading=\"lazy\" decoding=\"async\" class=\"wp-image-186706 size-large\" src=\"https:\/\/pay.lpwstore.com\/wp-content\/uploads\/2020\/04\/S-701023-Audi-R8-Sport-White-1-10-11-1024x497.jpg\" alt=\"-\" width=\"1020\" height=\"495\" title=\"-\"><figcaption id=\"caption-attachment-186706\" class=\"wp-caption-text\">SEMBO 701023 Audi R8 Sport White 1 10<\/figcaption><\/figure>\n<figure id=\"attachment_186708\" aria-describedby=\"caption-attachment-186708\" style=\"width: 1020px\" class=\"wp-caption alignnone\"><img loading=\"lazy\" decoding=\"async\" class=\"wp-image-186708 size-large\" src=\"https:\/\/pay.lpwstore.com\/wp-content\/uploads\/2020\/04\/S-701023-Audi-R8-Sport-White-1-10-13-1024x609.jpg\" alt=\"-\" width=\"1020\" height=\"607\" title=\"-\"><figcaption id=\"caption-attachment-186708\" class=\"wp-caption-text\">SEMBO 701023 Audi R8 Sport White 1 10<\/figcaption><\/figure>\n<figure id=\"attachment_186707\" aria-describedby=\"caption-attachment-186707\" style=\"width: 1020px\" class=\"wp-caption alignnone\"><img loading=\"lazy\" decoding=\"async\" class=\"wp-image-186707 size-large\" src=\"https:\/\/pay.lpwstore.com\/wp-content\/uploads\/2020\/04\/S-701023-Audi-R8-Sport-White-1-10-12-1024x991.jpg\" alt=\"-\" width=\"1020\" height=\"987\" title=\"-\"><figcaption id=\"caption-attachment-186707\" class=\"wp-caption-text\">SEMBO 701023 Audi R8 Sport White 1 10<\/figcaption><\/figure>","protected":false},"excerpt":{"rendered":"<h3><strong>SEMBO 701023 Audi R8 Sport White 1 10<\/strong><\/h3>\n<h3><span data-text-color=\"alert\"><strong>Available in May 2020<\/strong><\/span><\/h3>\n<h3><span data-text-color=\"alert\"><strong>NO (Motor &amp; Light version) (Motor &amp; Light cost 40$)<\/strong><\/span><\/h3>\n<ul>\n<li>S\u1ed1 l\u01b0\u1ee3ng g\u1ea1ch: <strong>2768+ <\/strong>chi\u1ebfc<\/li>\n<li>D\u1ecbch v\u1ee5: Ph\u1ee5 t\u00f9ng thay th\u1ebf mi\u1ec5n ph\u00ed<\/li>\n<li>\u0110\u1ec3 \u00fd: <span style=\"text-decoration: underline;\" data-text-color=\"alert\"><strong>Kh\u00f4ng c\u00f3 h\u1ed9p ban \u0111\u1ea7u<\/strong><\/span>, S\u1eed d\u1ee5ng t\u00fai bong b\u00f3ng ho\u1eb7c h\u1ed9p carton tr\u1ed1ng.<\/li>\n<\/ul>\n<div id=\"gtx-trans\" style=\"position: absolute; left: 138px; top: 145.125px;\">\n<div class=\"gtx-trans-icon\"><\/div>\n<\/div>","protected":false},"featured_media":13845,"comment_status":"open","ping_status":"closed","template":"","meta":{"_acf_changed":false},"product_cat":[],"product_tag":[],"class_list":["product","first","outofstock","shipping-taxable","purchasable","product-type-variable","has-default-attributes"],"acf":[],"_links":{"self":[{"href":"https:\/\/mouldking.store\/vi\/wp-json\/wp\/v2\/product\/13844","targetHints":{"allow":["GET"]}}],"collection":[{"href":"https:\/\/mouldking.store\/vi\/wp-json\/wp\/v2\/product"}],"about":[{"href":"https:\/\/mouldking.store\/vi\/wp-json\/wp\/v2\/types\/product"}],"replies":[{"embeddable":true,"href":"https:\/\/mouldking.store\/vi\/wp-json\/wp\/v2\/comments?post=13844"}],"wp:featuredmedia":[{"embeddable":true,"href":"https:\/\/mouldking.store\/vi\/wp-json\/wp\/v2\/media\/13845"}],"wp:attachment":[{"href":"https:\/\/mouldking.store\/vi\/wp-json\/wp\/v2\/media?parent=13844"}],"wp:term":[{"taxonomy":"product_cat","embeddable":true,"href":"https:\/\/mouldking.store\/vi\/wp-json\/wp\/v2\/product_cat?post=13844"},{"taxonomy":"product_tag","embeddable":true,"href":"https:\/\/mouldking.store\/vi\/wp-json\/wp\/v2\/product_tag?post=13844"}],"curies":[{"name":"wp","href":"https:\/\/api.w.org\/{rel}","templated":true}]}}