{"id":13875,"date":"2021-09-28T02:59:29","date_gmt":"2021-09-28T02:59:29","guid":{"rendered":"https:\/\/mouldking.store\/product\/zhegao-ql0959-castle-in-the-sky-6512430"},"modified":"2021-12-23T09:54:33","modified_gmt":"2021-12-23T09:54:33","slug":"zhegao-ql0959-castle-in-the-sky","status":"publish","type":"product","link":"https:\/\/mouldking.store\/vi\/shop\/zhegao-ql0959-castle-in-the-sky\/","title":{"rendered":"ZHEGAO QL0959 L\u00e2u \u0110\u00e0i Tr\u00ean B\u1ea7u Tr\u1eddi"},"content":{"rendered":"<p><strong>CHI TI\u1ebeT S\u1ea2N PH\u1ea8M<\/strong><\/p>\n<p>ZHEGAO QL0959 Castle In The Sky d\u1ef1a tr\u00ean Castle In The Sky . \u0110\u00f3 l\u00e0 m\u1ed9t b\u1ed9 Brick tuy\u1ec7t v\u1eddi ZHEGAO QL0959 Castle In The Sky<\/p>\n<ul>\n<li>+ G\u1ea1ch 3206 mi\u1ebfng l\u00e0m t\u1eeb nh\u1ef1a ABS 100% cao c\u1ea5p, an to\u00e0n cho b\u00e9, th\u1eddi gian ch\u01a1i l\u00e2u, 100% t\u01b0\u01a1ng th\u00edch v\u1edbi c\u00e1c h\u00e3ng g\u1ea1ch kh\u00e1c<\/li>\n<li><span style=\"font-size: 14.4px;\">D\u1ec5 d\u00e0ng x\u00e2y d\u1ef1ng v\u1edbi h\u01b0\u1edbng d\u1eabn th\u1ee7 c\u00f4ng ZHEGAO QL0959 Castle In The Sky <\/span><span style=\"font-size: 14.4px; color: #555555;\">v\u1edbi g\u1ea1ch b\u1eb1ng g\u1ea1ch h\u01b0\u1edbng d\u1eabn v\u00e0 h\u00ecnh \u1ea3nh ch\u1ea5t l\u01b0\u1ee3ng cao<\/span><\/li>\n<li><span style=\"font-size: 14.4px;\">K\u00edch th\u01b0\u1edbc \u0111\u1ea7y \u0111\u1ee7 c\u1ee7a ZHEGAO QL0959 Castle In The Sky:<\/span><\/li>\n<\/ul>\n<figure id=\"attachment_187779\" aria-describedby=\"caption-attachment-187779\" style=\"width: 468px\" class=\"wp-caption alignnone\"><img fetchpriority=\"high\" decoding=\"async\" class=\"size-full wp-image-187779\" src=\"https:\/\/pay.lpwstore.com\/wp-content\/uploads\/2020\/04\/ZHEGAO-QL0959-Castle-In-The-Sky-3.jpg\" alt=\"-\" width=\"468\" height=\"787\" title=\"-\"><figcaption id=\"caption-attachment-187779\" class=\"wp-caption-text\">ZHEGAO QL0959 L\u00e2u \u0110\u00e0i Tr\u00ean B\u1ea7u Tr\u1eddi<\/figcaption><\/figure>\n<h4><strong>GIAO H\u00c0NG V\u00c0 TR\u1ea2 L\u1ea0I<\/strong><\/h4>\n<p>Ch\u00fang t\u00f4i \u0111\u1ea3m b\u1ea3o cho ZHEGAO QL0959 Castle In The Sky<\/p>\n<ul>\n<li>Ho\u00e0n tr\u1ea3 \u0111\u1ea7y \u0111\u1ee7 n\u1ebfu kh\u00f4ng nh\u1eadn \u0111\u01b0\u1ee3c \u0111\u01a1n \u0111\u1eb7t h\u00e0ng c\u1ee7a b\u1ea1n<\/li>\n<li>Cung c\u1ea5p mi\u1ec5n ph\u00ed c\u00e1c ph\u1ea7n c\u00f2n thi\u1ebfu ho\u1eb7c s\u00e1ch h\u01b0\u1edbng d\u1eabn<\/li>\n<li>Kh\u00e1ch h\u00e0ng s\u1ebd kh\u00f4ng ph\u1ea3i tr\u1ea3 th\u00eam ti\u1ec1n thu\u1ebf v\u00e0 l\u1ec7 ph\u00ed h\u1ea3i quan. (N\u1ebfu b\u1ea1n ph\u1ea3i tr\u1ea3 ti\u1ec1n, ch\u00fang t\u00f4i s\u1ebd ho\u00e0n l\u1ea1i ti\u1ec1n cho b\u1ea1n)<\/li>\n<li>V\u1eadn chuy\u1ec3n qu\u1ed1c t\u1ebf kh\u00e1 ph\u1ee9c t\u1ea1p, ch\u00fang t\u00f4i c\u1ed1 g\u1eafng h\u1ebft s\u1ee9c \u0111\u1ec3 x\u1eed l\u00fd t\u1ea5t c\u1ea3 c\u00e1c v\u1ea5n \u0111\u1ec1 c\u1ee7a b\u1ea1n. Tuy nhi\u00ean, n\u1ebfu \u0111\u01a1n \u0111\u1eb7t h\u00e0ng c\u1ee7a b\u1ea1n g\u1eb7p m\u1ed9t s\u1ed1 r\u1eafc r\u1ed1i, vui l\u00f2ng li\u00ean h\u1ec7 v\u1edbi ch\u00fang t\u00f4i qua email<\/li>\n<li><span data-text-color=\"alert\"><strong>H\u1ee7y \u0111\u01a1n h\u00e0ng:<\/strong><\/span> N\u1ebfu c\u1ea7n h\u1ee7y \u0111\u01a1n h\u00e0ng, b\u1ea1n c\u1ea7n li\u00ean h\u1ec7 v\u1edbi ch\u00fang t\u00f4i qua email contact@pay.lpwstore.com c\u00e0ng s\u1edbm c\u00e0ng t\u1ed1t. Ch\u00fang t\u00f4i kh\u00f4ng th\u1ec3 d\u1eebng \u0111\u1eb7t h\u00e0ng cho \u0111\u1ebfn 48 gi\u1edd<\/li>\n<\/ul>\n<h4><strong>NH\u1eeeNG PH\u1ea6N C\u00d2N THI\u1ebeU<\/strong><\/h4>\n<p>T\u1ea5t c\u1ea3 c\u00e1c b\u1ed9 ph\u1eadn c\u1ee7a ZHEGAO QL0959 Castle In The Sky \u0111\u1ec1u \u0111\u01b0\u1ee3c ki\u1ec3m tra ch\u1ea5t l\u01b0\u1ee3ng tr\u01b0\u1edbc khi v\u1eadn chuy\u1ec3n, v\u00ec v\u1eady n\u1ebfu b\u1ea1n ph\u00e1t hi\u1ec7n m\u1ed9t s\u1ed1 b\u1ed9 ph\u1eadn b\u1ecb thi\u1ebfu ho\u1eb7c h\u01b0 h\u1ecfng, \u0111\u1eebng lo l\u1eafng. Vui l\u00f2ng li\u00ean h\u1ec7 v\u1edbi ch\u00fang t\u00f4i v\u00e0 ch\u00fang t\u00f4i s\u1ebd g\u1eedi ch\u00fang cho b\u1ea1n m\u00e0 kh\u00f4ng m\u1ea5t b\u1ea5t k\u1ef3 kho\u1ea3n ph\u00ed n\u00e0o, ho\u1eb7c ch\u00fang t\u00f4i s\u1ebd ho\u00e0n l\u1ea1i m\u1ed9t kho\u1ea3n ti\u1ec1n nh\u1ecf \u0111\u1ec3 b\u1ea1n mua \u1edf nh\u1eefng n\u01a1i kh\u00e1c.<\/p>\n<figure id=\"attachment_187780\" aria-describedby=\"caption-attachment-187780\" style=\"width: 466px\" class=\"wp-caption alignnone\"><img decoding=\"async\" class=\"size-full wp-image-187780\" src=\"https:\/\/pay.lpwstore.com\/wp-content\/uploads\/2020\/04\/ZHEGAO-QL0959-Castle-In-The-Sky-4.jpg\" alt=\"-\" width=\"466\" height=\"391\" title=\"-\"><figcaption id=\"caption-attachment-187780\" class=\"wp-caption-text\">ZHEGAO QL0959 L\u00e2u \u0110\u00e0i Tr\u00ean B\u1ea7u Tr\u1eddi<\/figcaption><\/figure>\n<figure id=\"attachment_187781\" aria-describedby=\"caption-attachment-187781\" style=\"width: 474px\" class=\"wp-caption alignnone\"><img decoding=\"async\" class=\"size-full wp-image-187781\" src=\"https:\/\/pay.lpwstore.com\/wp-content\/uploads\/2020\/04\/ZHEGAO-QL0959-Castle-In-The-Sky-5.jpg\" alt=\"-\" width=\"474\" height=\"391\" title=\"-\"><figcaption id=\"caption-attachment-187781\" class=\"wp-caption-text\">ZHEGAO QL0959 L\u00e2u \u0110\u00e0i Tr\u00ean B\u1ea7u Tr\u1eddi<\/figcaption><\/figure>\n<figure id=\"attachment_187783\" aria-describedby=\"caption-attachment-187783\" style=\"width: 981px\" class=\"wp-caption alignnone\"><img loading=\"lazy\" decoding=\"async\" class=\"size-large wp-image-187783\" src=\"https:\/\/pay.lpwstore.com\/wp-content\/uploads\/2020\/04\/ZHEGAO-QL0959-Castle-In-The-Sky-7-981x1024.jpg\" alt=\"-\" width=\"981\" height=\"1024\" title=\"-\"><figcaption id=\"caption-attachment-187783\" class=\"wp-caption-text\">ZHEGAO QL0959 L\u00e2u \u0110\u00e0i Tr\u00ean B\u1ea7u Tr\u1eddi<\/figcaption><\/figure>\n<figure id=\"attachment_187778\" aria-describedby=\"caption-attachment-187778\" style=\"width: 669px\" class=\"wp-caption alignnone\"><img loading=\"lazy\" decoding=\"async\" class=\"wp-image-187778\" src=\"https:\/\/pay.lpwstore.com\/wp-content\/uploads\/2020\/04\/ZHEGAO-QL0959-Castle-In-The-Sky-2.jpg\" alt=\"-\" width=\"669\" height=\"557\" title=\"-\"><figcaption id=\"caption-attachment-187778\" class=\"wp-caption-text\">ZHEGAO QL0959 L\u00e2u \u0110\u00e0i Tr\u00ean B\u1ea7u Tr\u1eddi<\/figcaption><\/figure>\n<figure id=\"attachment_187777\" aria-describedby=\"caption-attachment-187777\" style=\"width: 669px\" class=\"wp-caption alignnone\"><img loading=\"lazy\" decoding=\"async\" class=\"wp-image-187777\" src=\"https:\/\/pay.lpwstore.com\/wp-content\/uploads\/2020\/04\/ZHEGAO-QL0959-Castle-In-The-Sky-1.jpg\" alt=\"-\" width=\"669\" height=\"575\" title=\"-\"><figcaption id=\"caption-attachment-187777\" class=\"wp-caption-text\">ZHEGAO QL0959 L\u00e2u \u0110\u00e0i Tr\u00ean B\u1ea7u Tr\u1eddi<\/figcaption><\/figure>\n<figure id=\"attachment_187782\" aria-describedby=\"caption-attachment-187782\" style=\"width: 1020px\" class=\"wp-caption alignnone\"><img loading=\"lazy\" decoding=\"async\" class=\"size-large wp-image-187782\" src=\"https:\/\/pay.lpwstore.com\/wp-content\/uploads\/2020\/04\/ZHEGAO-QL0959-Castle-In-The-Sky-6-1024x764.jpg\" alt=\"-\" width=\"1020\" height=\"761\" title=\"-\"><figcaption id=\"caption-attachment-187782\" class=\"wp-caption-text\">ZHEGAO QL0959 L\u00e2u \u0110\u00e0i Tr\u00ean B\u1ea7u Tr\u1eddi<\/figcaption><\/figure>","protected":false},"excerpt":{"rendered":"<h3><strong>ZHEGAO QL0959 L\u00e2u \u0110\u00e0i Tr\u00ean B\u1ea7u Tr\u1eddi<\/strong><\/h3>\n<ul>\n<li>S\u1ed1 l\u01b0\u1ee3ng g\u1ea1ch: <strong>3206+ <\/strong>chi\u1ebfc<\/li>\n<li>D\u1ecbch v\u1ee5: Ph\u1ee5 t\u00f9ng thay th\u1ebf mi\u1ec5n ph\u00ed<\/li>\n<li>\u0110\u1ec3 \u00fd: <span style=\"text-decoration: underline;\" data-text-color=\"alert\"><strong>Kh\u00f4ng c\u00f3 h\u1ed9p ban \u0111\u1ea7u<\/strong><\/span>, S\u1eed d\u1ee5ng t\u00fai bong b\u00f3ng ho\u1eb7c h\u1ed9p carton tr\u1ed1ng.<\/li>\n<\/ul>\n<div id=\"gtx-trans\" style=\"position: absolute; left: 567px; top: 231.625px;\">\n<div class=\"gtx-trans-icon\"><\/div>\n<\/div>","protected":false},"featured_media":13876,"comment_status":"open","ping_status":"closed","template":"","meta":{"_acf_changed":false},"product_cat":[],"product_tag":[],"class_list":["product","first","instock","shipping-taxable","purchasable","product-type-simple"],"acf":[],"_links":{"self":[{"href":"https:\/\/mouldking.store\/vi\/wp-json\/wp\/v2\/product\/13875","targetHints":{"allow":["GET"]}}],"collection":[{"href":"https:\/\/mouldking.store\/vi\/wp-json\/wp\/v2\/product"}],"about":[{"href":"https:\/\/mouldking.store\/vi\/wp-json\/wp\/v2\/types\/product"}],"replies":[{"embeddable":true,"href":"https:\/\/mouldking.store\/vi\/wp-json\/wp\/v2\/comments?post=13875"}],"wp:featuredmedia":[{"embeddable":true,"href":"https:\/\/mouldking.store\/vi\/wp-json\/wp\/v2\/media\/13876"}],"wp:attachment":[{"href":"https:\/\/mouldking.store\/vi\/wp-json\/wp\/v2\/media?parent=13875"}],"wp:term":[{"taxonomy":"product_cat","embeddable":true,"href":"https:\/\/mouldking.store\/vi\/wp-json\/wp\/v2\/product_cat?post=13875"},{"taxonomy":"product_tag","embeddable":true,"href":"https:\/\/mouldking.store\/vi\/wp-json\/wp\/v2\/product_tag?post=13875"}],"curies":[{"name":"wp","href":"https:\/\/api.w.org\/{rel}","templated":true}]}}