{"id":13967,"date":"2021-09-28T03:01:03","date_gmt":"2021-09-27T20:01:03","guid":{"rendered":"https:\/\/mouldking.store\/product\/qizhile-90009-garage-car-parking-6449220"},"modified":"2022-06-15T15:12:12","modified_gmt":"2022-06-15T08:12:12","slug":"qizhile-90009-garage-car-parking","status":"publish","type":"product","link":"https:\/\/mouldking.store\/vi\/shop\/qizhile-90009-garage-car-parking\/","title":{"rendered":"Nh\u00e0 \u0111\u1ec3 xe QIZHILE 90009"},"content":{"rendered":"<p><strong>CHI TI\u1ebeT S\u1ea2N PH\u1ea8M<\/strong><\/p>\n<p>QIZHILE 90009 B\u00e3i \u0111\u1eadu xe trong nh\u00e0 \u0111\u1ec3 xe d\u1ef1a tr\u00ean B\u00e3i \u0111\u1eadu xe trong nh\u00e0 \u0111\u1ec3 xe, c\u00f3 th\u1ec3 v\u1eeba v\u1edbi xe theo t\u1ef7 l\u1ec7 1:8 ho\u1eb7c nh\u1ecf h\u01a1n (1:10; 1:12\u2026) . \u0110\u00f3 l\u00e0 m\u1ed9t b\u1ed9 Brick tuy\u1ec7t v\u1eddi QIZHILE 90009 Garage Car Garage<\/p>\n<ul>\n<li>+ Block \u0111\u00e8n Top Led 2436 mi\u1ebfng, \u0111\u01b0\u1ee3c l\u00e0m t\u1eeb g\u1ea1ch nh\u1ef1a ABS 100% cao c\u1ea5p, an to\u00e0n cho b\u00e9, th\u1eddi gian ch\u01a1i l\u00e2u, 100% t\u01b0\u01a1ng th\u00edch v\u1edbi c\u00e1c h\u00e3ng g\u1ea1ch kh\u00e1c<\/li>\n<li><span style=\"font-size: 14.4px;\">D\u1ec5 d\u00e0ng x\u00e2y d\u1ef1ng v\u1edbi h\u01b0\u1edbng d\u1eabn th\u1ee7 c\u00f4ng c\u1ee7a Nh\u00e0 \u0111\u1ec3 xe QIZHILE 90009 <\/span><span style=\"font-size: 14.4px; color: #555555;\">v\u1edbi g\u1ea1ch b\u1eb1ng g\u1ea1ch h\u01b0\u1edbng d\u1eabn v\u00e0 h\u00ecnh \u1ea3nh ch\u1ea5t l\u01b0\u1ee3ng cao<\/span><\/li>\n<li><span style=\"font-size: 14.4px;\">K\u00edch th\u01b0\u1edbc \u0111\u1ea7y \u0111\u1ee7 c\u1ee7a QIZHILE 90009 Nh\u00e0 \u0111\u1ec3 xe \u00f4 t\u00f4:<\/span><\/li>\n<\/ul>\n<figure id=\"attachment_188861\" aria-describedby=\"caption-attachment-188861\" style=\"width: 1020px\" class=\"wp-caption alignnone\"><img fetchpriority=\"high\" decoding=\"async\" class=\"size-large wp-image-188861\" src=\"https:\/\/pay.lpwstore.com\/wp-content\/uploads\/2020\/05\/QIZHILE-90009-Garage-Car-Parking-2-1024x504.jpg\" alt=\"-\" width=\"1020\" height=\"502\" title=\"-\"><figcaption id=\"caption-attachment-188861\" class=\"wp-caption-text\">Nh\u00e0 \u0111\u1ec3 xe QIZHILE 90009<\/figcaption><\/figure>\n<h4><strong>GIAO H\u00c0NG V\u00c0 TR\u1ea2 L\u1ea0I<\/strong><\/h4>\n<p>Ch\u00fang t\u00f4i \u0111\u1ea3m b\u1ea3o cho Nh\u00e0 \u0111\u1ec3 xe QIZHILE 90009<\/p>\n<ul>\n<li>Ho\u00e0n tr\u1ea3 \u0111\u1ea7y \u0111\u1ee7 n\u1ebfu kh\u00f4ng nh\u1eadn \u0111\u01b0\u1ee3c \u0111\u01a1n \u0111\u1eb7t h\u00e0ng c\u1ee7a b\u1ea1n<\/li>\n<li>Cung c\u1ea5p mi\u1ec5n ph\u00ed c\u00e1c ph\u1ea7n c\u00f2n thi\u1ebfu ho\u1eb7c s\u00e1ch h\u01b0\u1edbng d\u1eabn<\/li>\n<li>Kh\u00e1ch h\u00e0ng s\u1ebd kh\u00f4ng ph\u1ea3i tr\u1ea3 th\u00eam ti\u1ec1n thu\u1ebf v\u00e0 l\u1ec7 ph\u00ed h\u1ea3i quan. (N\u1ebfu b\u1ea1n ph\u1ea3i tr\u1ea3 ti\u1ec1n, ch\u00fang t\u00f4i s\u1ebd ho\u00e0n l\u1ea1i ti\u1ec1n cho b\u1ea1n)<\/li>\n<li>V\u1eadn chuy\u1ec3n qu\u1ed1c t\u1ebf kh\u00e1 ph\u1ee9c t\u1ea1p, ch\u00fang t\u00f4i c\u1ed1 g\u1eafng h\u1ebft s\u1ee9c \u0111\u1ec3 x\u1eed l\u00fd t\u1ea5t c\u1ea3 c\u00e1c v\u1ea5n \u0111\u1ec1 c\u1ee7a b\u1ea1n. Tuy nhi\u00ean, n\u1ebfu \u0111\u01a1n \u0111\u1eb7t h\u00e0ng c\u1ee7a b\u1ea1n g\u1eb7p m\u1ed9t s\u1ed1 r\u1eafc r\u1ed1i, vui l\u00f2ng li\u00ean h\u1ec7 v\u1edbi ch\u00fang t\u00f4i qua email<\/li>\n<li><span data-text-color=\"alert\"><strong>H\u1ee7y \u0111\u01a1n h\u00e0ng:<\/strong><\/span> N\u1ebfu c\u1ea7n h\u1ee7y \u0111\u01a1n h\u00e0ng, b\u1ea1n c\u1ea7n li\u00ean h\u1ec7 v\u1edbi ch\u00fang t\u00f4i qua email contact@pay.lpwstore.com c\u00e0ng s\u1edbm c\u00e0ng t\u1ed1t. Ch\u00fang t\u00f4i kh\u00f4ng th\u1ec3 d\u1eebng \u0111\u1eb7t h\u00e0ng cho \u0111\u1ebfn 48 gi\u1edd<\/li>\n<\/ul>\n<h4><strong>NH\u1eeeNG PH\u1ea6N C\u00d2N THI\u1ebeU<\/strong><\/h4>\n<p>T\u1ea5t c\u1ea3 c\u00e1c b\u1ed9 ph\u1eadn c\u1ee7a Nh\u00e0 \u0111\u1ec3 xe QIZHILE 90009 \u0111\u1ec1u \u0111\u01b0\u1ee3c ki\u1ec3m tra ch\u1ea5t l\u01b0\u1ee3ng tr\u01b0\u1edbc khi v\u1eadn chuy\u1ec3n, v\u00ec v\u1eady n\u1ebfu b\u1ea1n th\u1ea5y m\u1ed9t s\u1ed1 b\u1ed9 ph\u1eadn b\u1ecb thi\u1ebfu ho\u1eb7c h\u01b0 h\u1ecfng, \u0111\u1eebng lo l\u1eafng. Vui l\u00f2ng li\u00ean h\u1ec7 v\u1edbi ch\u00fang t\u00f4i v\u00e0 ch\u00fang t\u00f4i s\u1ebd g\u1eedi ch\u00fang cho b\u1ea1n m\u00e0 kh\u00f4ng m\u1ea5t b\u1ea5t k\u1ef3 kho\u1ea3n ph\u00ed n\u00e0o, ho\u1eb7c ch\u00fang t\u00f4i s\u1ebd ho\u00e0n l\u1ea1i m\u1ed9t kho\u1ea3n ti\u1ec1n nh\u1ecf \u0111\u1ec3 b\u1ea1n mua \u1edf nh\u1eefng n\u01a1i kh\u00e1c.<\/p>\n<h4><strong>B\u01afU KI\u1ec6N<\/strong><\/h4>\n<p>QIZHILE 90009 Nh\u00e0 xe B\u00e3i \u0111\u1eadu xe m\u1edbi trong T\u00fai k\u00edn c\u00f3 Bong b\u00f3ng \u0110\u00f3ng g\u00f3i An to\u00e0n (Kh\u00f4ng c\u00f3 h\u1ed9p nguy\u00ean b\u1ea3n, h\u1ed9p nguy\u00ean b\u1ea3n qu\u00e1 l\u1edbn v\u00e0 d\u1ec5 b\u1ecb v\u1ee1 trong qu\u00e1 tr\u00ecnh v\u1eadn chuy\u1ec3n, \u0111i\u1ec1u n\u00e0y s\u1ebd ti\u1ebft ki\u1ec7m chi ph\u00ed cho b\u1ea1n. Ch\u00fang t\u00f4i h\u1ee9a s\u1ebd \u0111\u00f3ng g\u00f3i c\u00e1c kh\u1ed1i th\u1eadt t\u1ed1t.<\/p>\n<figure id=\"attachment_188866\" aria-describedby=\"caption-attachment-188866\" style=\"width: 1020px\" class=\"wp-caption alignnone\"><img decoding=\"async\" class=\"size-large wp-image-188866\" src=\"https:\/\/pay.lpwstore.com\/wp-content\/uploads\/2020\/05\/QIZHILE-90009-Garage-Car-Parking-7-1024x1024.jpg\" alt=\"-\" width=\"1020\" height=\"1020\" title=\"-\"><figcaption id=\"caption-attachment-188866\" class=\"wp-caption-text\">Nh\u00e0 \u0111\u1ec3 xe QIZHILE 90009<\/figcaption><\/figure>\n<figure id=\"attachment_188865\" aria-describedby=\"caption-attachment-188865\" style=\"width: 700px\" class=\"wp-caption alignnone\"><img decoding=\"async\" class=\"wp-image-188865\" src=\"https:\/\/pay.lpwstore.com\/wp-content\/uploads\/2020\/05\/QIZHILE-90009-Garage-Car-Parking-6.jpg\" alt=\"-\" width=\"700\" height=\"443\" title=\"-\"><figcaption id=\"caption-attachment-188865\" class=\"wp-caption-text\">Nh\u00e0 \u0111\u1ec3 xe QIZHILE 90009<\/figcaption><\/figure>\n<figure id=\"attachment_188864\" aria-describedby=\"caption-attachment-188864\" style=\"width: 700px\" class=\"wp-caption alignnone\"><img loading=\"lazy\" decoding=\"async\" class=\"wp-image-188864\" src=\"https:\/\/pay.lpwstore.com\/wp-content\/uploads\/2020\/05\/QIZHILE-90009-Garage-Car-Parking-5.jpg\" alt=\"-\" width=\"700\" height=\"439\" title=\"-\"><figcaption id=\"caption-attachment-188864\" class=\"wp-caption-text\">Nh\u00e0 \u0111\u1ec3 xe QIZHILE 90009<\/figcaption><\/figure>\n<figure id=\"attachment_188863\" aria-describedby=\"caption-attachment-188863\" style=\"width: 700px\" class=\"wp-caption alignnone\"><img loading=\"lazy\" decoding=\"async\" class=\"wp-image-188863\" src=\"https:\/\/pay.lpwstore.com\/wp-content\/uploads\/2020\/05\/QIZHILE-90009-Garage-Car-Parking-4.jpg\" alt=\"-\" width=\"700\" height=\"443\" title=\"-\"><figcaption id=\"caption-attachment-188863\" class=\"wp-caption-text\">Nh\u00e0 \u0111\u1ec3 xe QIZHILE 90009<\/figcaption><\/figure>\n<figure id=\"attachment_188862\" aria-describedby=\"caption-attachment-188862\" style=\"width: 700px\" class=\"wp-caption alignnone\"><img loading=\"lazy\" decoding=\"async\" class=\"wp-image-188862\" src=\"https:\/\/pay.lpwstore.com\/wp-content\/uploads\/2020\/05\/QIZHILE-90009-Garage-Car-Parking-3.jpg\" alt=\"-\" width=\"700\" height=\"446\" title=\"-\"><figcaption id=\"caption-attachment-188862\" class=\"wp-caption-text\">Nh\u00e0 \u0111\u1ec3 xe QIZHILE 90009<\/figcaption><\/figure>\n<figure id=\"attachment_188860\" aria-describedby=\"caption-attachment-188860\" style=\"width: 1020px\" class=\"wp-caption alignnone\"><img loading=\"lazy\" decoding=\"async\" class=\"size-large wp-image-188860\" src=\"https:\/\/pay.lpwstore.com\/wp-content\/uploads\/2020\/05\/QIZHILE-90009-Garage-Car-Parking-1-1024x692.jpg\" alt=\"-\" width=\"1020\" height=\"689\" title=\"-\"><figcaption id=\"caption-attachment-188860\" class=\"wp-caption-text\">Nh\u00e0 \u0111\u1ec3 xe QIZHILE 90009<\/figcaption><\/figure>","protected":false},"excerpt":{"rendered":"<h3><strong>Nh\u00e0 \u0111\u1ec3 xe QIZHILE 90009<\/strong><\/h3>\n<h3><span data-text-color=\"alert\"><strong>C\u00f3 s\u1eb5n v\u00e0o th\u00e1ng 7 n\u0103m 2020<\/strong><\/span><\/h3>\n<ul>\n<li>S\u1ed1 l\u01b0\u1ee3ng g\u1ea1ch: <strong>2436+ <\/strong>c\u00e1i + Kh\u1ed1i \u0111\u00e8n Led Top<\/li>\n<li>D\u1ecbch v\u1ee5: Ph\u1ee5 t\u00f9ng thay th\u1ebf mi\u1ec5n ph\u00ed<\/li>\n<li>\u0110\u1ec3 \u00fd: <span style=\"text-decoration: underline;\" data-text-color=\"alert\"><strong>Kh\u00f4ng c\u00f3 h\u1ed9p ban \u0111\u1ea7u<\/strong><\/span>, S\u1eed d\u1ee5ng t\u00fai bong b\u00f3ng ho\u1eb7c h\u1ed9p carton tr\u1ed1ng.<\/li>\n<\/ul>\n<div id=\"gtx-trans\" style=\"position: absolute; left: 567px; top: 231.625px;\">\n<div class=\"gtx-trans-icon\"><\/div>\n<\/div>","protected":false},"featured_media":13968,"comment_status":"open","ping_status":"closed","template":"","meta":{"_acf_changed":false},"product_cat":[15],"product_tag":[],"class_list":["product","first","instock","shipping-taxable","purchasable","product-type-simple"],"acf":[],"_links":{"self":[{"href":"https:\/\/mouldking.store\/vi\/wp-json\/wp\/v2\/product\/13967","targetHints":{"allow":["GET"]}}],"collection":[{"href":"https:\/\/mouldking.store\/vi\/wp-json\/wp\/v2\/product"}],"about":[{"href":"https:\/\/mouldking.store\/vi\/wp-json\/wp\/v2\/types\/product"}],"replies":[{"embeddable":true,"href":"https:\/\/mouldking.store\/vi\/wp-json\/wp\/v2\/comments?post=13967"}],"wp:featuredmedia":[{"embeddable":true,"href":"https:\/\/mouldking.store\/vi\/wp-json\/wp\/v2\/media\/13968"}],"wp:attachment":[{"href":"https:\/\/mouldking.store\/vi\/wp-json\/wp\/v2\/media?parent=13967"}],"wp:term":[{"taxonomy":"product_cat","embeddable":true,"href":"https:\/\/mouldking.store\/vi\/wp-json\/wp\/v2\/product_cat?post=13967"},{"taxonomy":"product_tag","embeddable":true,"href":"https:\/\/mouldking.store\/vi\/wp-json\/wp\/v2\/product_tag?post=13967"}],"curies":[{"name":"wp","href":"https:\/\/api.w.org\/{rel}","templated":true}]}}