{"id":13975,"date":"2021-09-28T03:01:33","date_gmt":"2021-09-27T20:01:33","guid":{"rendered":"https:\/\/mouldking.store\/product\/urge-10189-moc-34463-central-perk-big-bang-theory-building-by-brickpolis-5829179"},"modified":"2025-12-25T09:28:05","modified_gmt":"2025-12-25T02:28:05","slug":"urge-10189-moc-34463-central-perk-big-bang-theory-building-by-brickpolis","status":"publish","type":"product","link":"https:\/\/mouldking.store\/vi\/shop\/urge-10189-moc-34463-central-perk-big-bang-theory-building-by-brickpolis\/","title":{"rendered":"URGE 10189 MOC 34463 Central Perk T\u00f2a nh\u00e0 L\u00fd thuy\u1ebft Big Bang c\u1ee7a BrickPolis"},"content":{"rendered":"<p><strong>CHI TI\u1ebeT S\u1ea2N PH\u1ea8M<\/strong><\/p>\n<p>URGE 10189 MOC 34463 Central Perk Big Bang Theory Building d\u1ef1a tr\u00ean MOC 34463 Central Perk Big Bang Theory Building c\u1ee7a Berthil tr\u00ean phim sitcom nhi\u1ec1u t\u1eadp v\u00e0 Rebrickable . \u0110\u00f3 l\u00e0 m\u1ed9t b\u1ed9 Brick tuy\u1ec7t v\u1eddi URGE 10189 MOC 34463 Central Perk T\u00f2a nh\u00e0 L\u00fd thuy\u1ebft Big Bang<\/p>\n<figure id=\"attachment_188741\" aria-describedby=\"caption-attachment-188741\" style=\"width: 1020px\" class=\"wp-caption alignnone\"><img fetchpriority=\"high\" decoding=\"async\" class=\"wp-image-188741 size-large\" src=\"https:\/\/pay.lpwstore.com\/wp-content\/uploads\/2020\/05\/91u9JiUqBEL._RI_-1024x768.jpg\" alt=\"-\" width=\"1020\" height=\"765\" title=\"-\"><figcaption id=\"caption-attachment-188741\" class=\"wp-caption-text\">Lo\u1ea1t phim Thuy\u1ebft V\u1ee5 N\u1ed5 L\u1edbn<\/figcaption><\/figure>\n<ul>\n<li>+ 4638 mi\u1ebfng gh\u00e9p l\u00e0m t\u1eeb g\u1ea1ch nh\u1ef1a ABS 100% cao c\u1ea5p, an to\u00e0n cho b\u00e9, th\u1eddi gian ch\u01a1i l\u00e2u, 100% t\u01b0\u01a1ng th\u00edch v\u1edbi c\u00e1c h\u00e3ng g\u1ea1ch kh\u00e1c<\/li>\n<li><span style=\"font-size: 14.4px\">D\u1ec5 d\u00e0ng x\u00e2y d\u1ef1ng v\u1edbi h\u01b0\u1edbng d\u1eabn th\u1ee7 c\u00f4ng c\u1ee7a xxx <\/span><span style=\"font-size: 14.4px;color: #555555\">v\u1edbi g\u1ea1ch b\u1eb1ng g\u1ea1ch h\u01b0\u1edbng d\u1eabn v\u00e0 h\u00ecnh \u1ea3nh ch\u1ea5t l\u01b0\u1ee3ng cao<\/span><\/li>\n<li><span style=\"font-size: 14.4px\">K\u00edch th\u01b0\u1edbc \u0111\u1ea7y \u0111\u1ee7 c\u1ee7a URGE 10189 MOC 34463 Central Perk T\u00f2a nh\u00e0 L\u00fd thuy\u1ebft Big Bang:<\/span><\/li>\n<\/ul>\n<h4><strong>GIAO H\u00c0NG V\u00c0 TR\u1ea2 L\u1ea0I<\/strong><\/h4>\n<p>Ch\u00fang t\u00f4i \u0111\u1ea3m b\u1ea3o cho URGE 10189 MOC 34463 Central Perk T\u00f2a nh\u00e0 L\u00fd thuy\u1ebft Big Bang<\/p>\n<ul>\n<li>Ho\u00e0n tr\u1ea3 \u0111\u1ea7y \u0111\u1ee7 n\u1ebfu kh\u00f4ng nh\u1eadn \u0111\u01b0\u1ee3c \u0111\u01a1n \u0111\u1eb7t h\u00e0ng c\u1ee7a b\u1ea1n<\/li>\n<li>Cung c\u1ea5p mi\u1ec5n ph\u00ed c\u00e1c ph\u1ea7n c\u00f2n thi\u1ebfu ho\u1eb7c s\u00e1ch h\u01b0\u1edbng d\u1eabn<\/li>\n<li>Kh\u00e1ch h\u00e0ng s\u1ebd kh\u00f4ng ph\u1ea3i tr\u1ea3 th\u00eam ti\u1ec1n thu\u1ebf v\u00e0 l\u1ec7 ph\u00ed h\u1ea3i quan. (N\u1ebfu b\u1ea1n ph\u1ea3i tr\u1ea3 ti\u1ec1n, ch\u00fang t\u00f4i s\u1ebd ho\u00e0n l\u1ea1i ti\u1ec1n cho b\u1ea1n)<\/li>\n<li>V\u1eadn chuy\u1ec3n qu\u1ed1c t\u1ebf kh\u00e1 ph\u1ee9c t\u1ea1p, ch\u00fang t\u00f4i c\u1ed1 g\u1eafng h\u1ebft s\u1ee9c \u0111\u1ec3 x\u1eed l\u00fd t\u1ea5t c\u1ea3 c\u00e1c v\u1ea5n \u0111\u1ec1 c\u1ee7a b\u1ea1n. Tuy nhi\u00ean, n\u1ebfu \u0111\u01a1n \u0111\u1eb7t h\u00e0ng c\u1ee7a b\u1ea1n g\u1eb7p m\u1ed9t s\u1ed1 r\u1eafc r\u1ed1i, vui l\u00f2ng li\u00ean h\u1ec7 v\u1edbi ch\u00fang t\u00f4i qua email<\/li>\n<li><span data-text-color=\"alert\"><strong>H\u1ee7y \u0111\u01a1n h\u00e0ng:<\/strong><\/span> N\u1ebfu c\u1ea7n h\u1ee7y \u0111\u01a1n h\u00e0ng, b\u1ea1n c\u1ea7n li\u00ean h\u1ec7 v\u1edbi ch\u00fang t\u00f4i qua email contact@pay.lpwstore.com c\u00e0ng s\u1edbm c\u00e0ng t\u1ed1t. Ch\u00fang t\u00f4i kh\u00f4ng th\u1ec3 d\u1eebng \u0111\u1eb7t h\u00e0ng cho \u0111\u1ebfn 48 gi\u1edd<\/li>\n<\/ul>\n<h4><strong>NH\u1eeeNG PH\u1ea6N C\u00d2N THI\u1ebeU<\/strong><\/h4>\n<p>T\u1ea5t c\u1ea3 c\u00e1c b\u1ed9 ph\u1eadn c\u1ee7a URGE 10189 MOC 34463 T\u00f2a nh\u00e0 l\u00fd thuy\u1ebft Big Bang Central Perk \u0111\u1ec1u \u0111\u01b0\u1ee3c ki\u1ec3m tra ch\u1ea5t l\u01b0\u1ee3ng tr\u01b0\u1edbc khi v\u1eadn chuy\u1ec3n, v\u00ec v\u1eady n\u1ebfu b\u1ea1n ph\u00e1t hi\u1ec7n m\u1ed9t s\u1ed1 b\u1ed9 ph\u1eadn b\u1ecb thi\u1ebfu ho\u1eb7c h\u01b0 h\u1ecfng, \u0111\u1eebng lo l\u1eafng. Vui l\u00f2ng li\u00ean h\u1ec7 v\u1edbi ch\u00fang t\u00f4i v\u00e0 ch\u00fang t\u00f4i s\u1ebd g\u1eedi ch\u00fang cho b\u1ea1n m\u00e0 kh\u00f4ng m\u1ea5t b\u1ea5t k\u1ef3 kho\u1ea3n ph\u00ed n\u00e0o, ho\u1eb7c ch\u00fang t\u00f4i s\u1ebd ho\u00e0n l\u1ea1i m\u1ed9t kho\u1ea3n ti\u1ec1n nh\u1ecf \u0111\u1ec3 b\u1ea1n mua \u1edf nh\u1eefng n\u01a1i kh\u00e1c.<\/p>\n<h4><strong>B\u01afU KI\u1ec6N<\/strong><\/h4>\n<p>URGE 10189 MOC 34463 Central Perk Big Bang Theory X\u00e2y d\u1ef1ng m\u1edbi trong T\u00fai k\u00edn v\u1edbi \u0110\u00f3ng g\u00f3i An to\u00e0n Bong b\u00f3ng (Kh\u00f4ng c\u00f3 h\u1ed9p nguy\u00ean b\u1ea3n, h\u1ed9p nguy\u00ean b\u1ea3n qu\u00e1 l\u1edbn v\u00e0 d\u1ec5 b\u1ecb v\u1ee1 trong qu\u00e1 tr\u00ecnh v\u1eadn chuy\u1ec3n v\u00e0 \u0111i\u1ec1u n\u00e0y s\u1ebd ti\u1ebft ki\u1ec7m chi ph\u00ed cho b\u1ea1n. Ch\u00fang t\u00f4i h\u1ee9a s\u1ebd \u0111\u00f3ng g\u00f3i c\u00e1c kh\u1ed1i T\u1ed1t.<\/p>\n<figure id=\"attachment_188740\" aria-describedby=\"caption-attachment-188740\" style=\"width: 832px\" class=\"wp-caption alignnone\"><img decoding=\"async\" class=\"size-full wp-image-188740\" src=\"https:\/\/pay.lpwstore.com\/wp-content\/uploads\/2020\/05\/WeChat-Image_20200517210813.jpg\" alt=\"-\" width=\"832\" height=\"832\" title=\"-\"><figcaption id=\"caption-attachment-188740\" class=\"wp-caption-text\">URGE 10189 MOC 34463 Central Perk T\u00f2a nh\u00e0 L\u00fd thuy\u1ebft Big Bang<\/figcaption><\/figure>\n<figure id=\"attachment_188742\" aria-describedby=\"caption-attachment-188742\" style=\"width: 1020px\" class=\"wp-caption alignnone\"><img decoding=\"async\" class=\"size-large wp-image-188742\" src=\"https:\/\/pay.lpwstore.com\/wp-content\/uploads\/2020\/05\/URGE-10189-MOC-34463-Central-Perk-Big-Bang-Theory-Building-2-1024x634.jpg\" alt=\"-\" width=\"1020\" height=\"632\" title=\"-\"><figcaption id=\"caption-attachment-188742\" class=\"wp-caption-text\">URGE 10189 MOC 34463 Central Perk T\u00f2a nh\u00e0 L\u00fd thuy\u1ebft Big Bang<\/figcaption><\/figure>\n<figure id=\"attachment_188743\" aria-describedby=\"caption-attachment-188743\" style=\"width: 1020px\" class=\"wp-caption alignnone\"><img loading=\"lazy\" decoding=\"async\" class=\"size-large wp-image-188743\" src=\"https:\/\/pay.lpwstore.com\/wp-content\/uploads\/2020\/05\/URGE-10189-MOC-34463-Central-Perk-Big-Bang-Theory-Building-3-1024x768.jpg\" alt=\"-\" width=\"1020\" height=\"765\" title=\"-\"><figcaption id=\"caption-attachment-188743\" class=\"wp-caption-text\">URGE 10189 MOC 34463 Central Perk T\u00f2a nh\u00e0 L\u00fd thuy\u1ebft Big Bang<\/figcaption><\/figure>\n<figure id=\"attachment_188744\" aria-describedby=\"caption-attachment-188744\" style=\"width: 768px\" class=\"wp-caption alignnone\"><img loading=\"lazy\" decoding=\"async\" class=\"size-large wp-image-188744\" src=\"https:\/\/pay.lpwstore.com\/wp-content\/uploads\/2020\/05\/URGE-10189-MOC-34463-Central-Perk-Big-Bang-Theory-Building-4-768x1024.jpg\" alt=\"-\" width=\"768\" height=\"1024\" title=\"-\"><figcaption id=\"caption-attachment-188744\" class=\"wp-caption-text\">URGE 10189 MOC 34463 Central Perk T\u00f2a nh\u00e0 L\u00fd thuy\u1ebft Big Bang<\/figcaption><\/figure>\n<figure id=\"attachment_188745\" aria-describedby=\"caption-attachment-188745\" style=\"width: 835px\" class=\"wp-caption alignnone\"><img loading=\"lazy\" decoding=\"async\" class=\"size-large wp-image-188745\" src=\"https:\/\/pay.lpwstore.com\/wp-content\/uploads\/2020\/05\/URGE-10189-MOC-34463-Central-Perk-Big-Bang-Theory-Building-5-835x1024.jpg\" alt=\"-\" width=\"835\" height=\"1024\" title=\"-\"><figcaption id=\"caption-attachment-188745\" class=\"wp-caption-text\">URGE 10189 MOC 34463 Central Perk T\u00f2a nh\u00e0 L\u00fd thuy\u1ebft Big Bang<\/figcaption><\/figure>\n<figure id=\"attachment_188746\" aria-describedby=\"caption-attachment-188746\" style=\"width: 1020px\" class=\"wp-caption alignnone\"><img loading=\"lazy\" decoding=\"async\" class=\"size-large wp-image-188746\" src=\"https:\/\/pay.lpwstore.com\/wp-content\/uploads\/2020\/05\/URGE-10189-MOC-34463-Central-Perk-Big-Bang-Theory-Building-6-1024x683.jpg\" alt=\"-\" width=\"1020\" height=\"680\" title=\"-\"><figcaption id=\"caption-attachment-188746\" class=\"wp-caption-text\">URGE 10189 MOC 34463 Central Perk T\u00f2a nh\u00e0 L\u00fd thuy\u1ebft Big Bang<\/figcaption><\/figure>\n<figure id=\"attachment_188747\" aria-describedby=\"caption-attachment-188747\" style=\"width: 1020px\" class=\"wp-caption alignnone\"><img loading=\"lazy\" decoding=\"async\" class=\"size-large wp-image-188747\" src=\"https:\/\/pay.lpwstore.com\/wp-content\/uploads\/2020\/05\/URGE-10189-MOC-34463-Central-Perk-Big-Bang-Theory-Building-7-1024x683.jpg\" alt=\"-\" width=\"1020\" height=\"680\" title=\"-\"><figcaption id=\"caption-attachment-188747\" class=\"wp-caption-text\">URGE 10189 MOC 34463 Central Perk T\u00f2a nh\u00e0 L\u00fd thuy\u1ebft Big Bang<\/figcaption><\/figure>","protected":false},"excerpt":{"rendered":"<h3><strong>URGE 10189 MOC 34463 Central Perk T\u00f2a nh\u00e0 L\u00fd thuy\u1ebft Big Bang<\/strong><\/h3>\n<ul>\n<li>S\u1ed1 l\u01b0\u1ee3ng g\u1ea1ch: <strong>4638+ <\/strong>chi\u1ebfc<\/li>\n<li>D\u1ecbch v\u1ee5: Ph\u1ee5 t\u00f9ng thay th\u1ebf mi\u1ec5n ph\u00ed<\/li>\n<li>\u0110\u1ec3 \u00fd: <span style=\"text-decoration: underline\" data-text-color=\"alert\"><strong>Kh\u00f4ng c\u00f3 h\u1ed9p ban \u0111\u1ea7u<\/strong><\/span>, S\u1eed d\u1ee5ng t\u00fai bong b\u00f3ng ho\u1eb7c h\u1ed9p carton tr\u1ed1ng.<\/li>\n<\/ul>","protected":false},"featured_media":13976,"comment_status":"open","ping_status":"closed","template":"","meta":{"_acf_changed":false},"product_cat":[15],"product_tag":[4448],"class_list":["product","first","instock","shipping-taxable","purchasable","product-type-simple"],"acf":[],"_links":{"self":[{"href":"https:\/\/mouldking.store\/vi\/wp-json\/wp\/v2\/product\/13975","targetHints":{"allow":["GET"]}}],"collection":[{"href":"https:\/\/mouldking.store\/vi\/wp-json\/wp\/v2\/product"}],"about":[{"href":"https:\/\/mouldking.store\/vi\/wp-json\/wp\/v2\/types\/product"}],"replies":[{"embeddable":true,"href":"https:\/\/mouldking.store\/vi\/wp-json\/wp\/v2\/comments?post=13975"}],"wp:featuredmedia":[{"embeddable":true,"href":"https:\/\/mouldking.store\/vi\/wp-json\/wp\/v2\/media\/13976"}],"wp:attachment":[{"href":"https:\/\/mouldking.store\/vi\/wp-json\/wp\/v2\/media?parent=13975"}],"wp:term":[{"taxonomy":"product_cat","embeddable":true,"href":"https:\/\/mouldking.store\/vi\/wp-json\/wp\/v2\/product_cat?post=13975"},{"taxonomy":"product_tag","embeddable":true,"href":"https:\/\/mouldking.store\/vi\/wp-json\/wp\/v2\/product_tag?post=13975"}],"curies":[{"name":"wp","href":"https:\/\/api.w.org\/{rel}","templated":true}]}}