{"id":14032,"date":"2021-09-28T03:02:27","date_gmt":"2021-09-27T20:02:27","guid":{"rendered":"https:\/\/mouldking.store\/product\/lej-906-moc-31189-il-toro-azzurro-super-car-9985005"},"modified":"2025-12-25T09:28:05","modified_gmt":"2025-12-25T02:28:05","slug":"lej-906-moc-31189-il-toro-azzurro-super-car","status":"publish","type":"product","link":"https:\/\/mouldking.store\/vi\/shop\/lej-906-moc-31189-il-toro-azzurro-super-car\/","title":{"rendered":"Si\u00eau xe LEJ 906 MOC 31189 Il Toro Azzurro"},"content":{"rendered":"<h4><strong>CHI TI\u1ebeT S\u1ea2N PH\u1ea8M<\/strong><\/h4>\n<h4>M\u1ed9t b\u1ed9 Brick tuy\u1ec7t v\u1eddi Si\u00eau xe LEJ 906 MOC 31189 Il Toro Azzurro d\u1ef1a tr\u00ean MOC 31189 Il Toro Azzurro, bao g\u1ed3m:<\/h4>\n<ul>\n<li>M\u1ed9t V10 \u1edf ph\u00eda tr\u01b0\u1edbc,<\/li>\n<li>H\u1ed9p s\u1ed1 tu\u1ea7n t\u1ef1 4 c\u1ea5p ho\u1ea1t \u0111\u1ed9ng v\u1edbi b\u00e0n \u0111\u1ea1p c\u00f3 c\u00e1nh \u1edf v\u00f4 l\u0103ng,<\/li>\n<li>C\u00f4ng t\u1eafc A0 DNR trong b\u1ea3ng \u0111i\u1ec1u khi\u1ec3n, h\u1ec7 th\u1ed1ng treo \u0111\u1ed9c l\u1eadp tr\u00ean t\u1ea5t c\u1ea3 c\u00e1c b\u00e1nh,<\/li>\n<li>d\u1eabn \u0111\u1ed9ng 4 b\u00e1nh<\/li>\n<li>T\u1ea5t c\u1ea3 c\u00e1c c\u1eeda c\u00f3 th\u1ec3 m\u1edf.<\/li>\n<\/ul>\n<h4>\u2022 +2700 mi\u1ebfng gh\u00e9p l\u00e0m t\u1eeb g\u1ea1ch nh\u1ef1a ABS 100% cao c\u1ea5p, an to\u00e0n cho b\u00e9, th\u1eddi gian ch\u01a1i l\u00e2u, 100% t\u01b0\u01a1ng th\u00edch v\u1edbi c\u00e1c h\u00e3ng g\u1ea1ch kh\u00e1c<\/h4>\n<p><span style=\"font-size: 14.4px\">\u2022 D\u1ec5 l\u1eafp r\u00e1p v\u1edbi h\u01b0\u1edbng d\u1eabn s\u1eed d\u1ee5ng LEJ 906 MOC 31189 Il Toro Azzurro Super Car<\/span><span style=\"font-size: 14.4px\">\u00a0g\u1ea1ch b\u1eb1ng g\u1ea1ch h\u01b0\u1edbng d\u1eabn v\u00e0 h\u00ecnh \u1ea3nh ch\u1ea5t l\u01b0\u1ee3ng cao<\/span><\/p>\n<p><span style=\"font-size: 14.4px\">\u2022 K\u00edch th\u01b0\u1edbc \u0111\u1ea7y \u0111\u1ee7 Si\u00eau Xe LEJ 906 MOC 31189 Il Toro Azzurro<\/span><\/p>\n<figure id=\"attachment_188831\" aria-describedby=\"caption-attachment-188831\" style=\"width: 750px\" class=\"wp-caption alignnone\"><img fetchpriority=\"high\" decoding=\"async\" class=\"size-full wp-image-188831\" src=\"https:\/\/pay.lpwstore.com\/wp-content\/uploads\/2020\/05\/LEJ-906-MOC-31189-Il-Toro-Azzurro-Super-Car-2.jpg\" alt=\"-\" width=\"750\" height=\"424\" title=\"-\"><figcaption id=\"caption-attachment-188831\" class=\"wp-caption-text\">Si\u00eau xe LEJ 906 MOC 31189 Il Toro Azzurro<\/figcaption><\/figure>\n<h4><strong>GIAO H\u00c0NG V\u00c0 TR\u1ea2 L\u1ea0I<\/strong><\/h4>\n<ul>\n<li>Ch\u00fang t\u00f4i \u0111\u1ea3m b\u1ea3o cho LEJ 906 MOC 31189 Il Toro Azzurro Super Car: \u2013 Ho\u00e0n ti\u1ec1n \u0111\u1ea7y \u0111\u1ee7 n\u1ebfu kh\u00f4ng nh\u1eadn \u0111\u01b0\u1ee3c \u0111\u01a1n \u0111\u1eb7t h\u00e0ng c\u1ee7a b\u1ea1n \u2013 Cung c\u1ea5p mi\u1ec5n ph\u00ed c\u00e1c ph\u1ee5 t\u00f9ng ho\u1eb7c s\u00e1ch h\u01b0\u1edbng d\u1eabn b\u1ecb thi\u1ebfu \u2013 Kh\u00e1ch h\u00e0ng s\u1ebd kh\u00f4ng ph\u1ea3i tr\u1ea3 th\u00eam b\u1ea5t k\u1ef3 kho\u1ea3n thu\u1ebf v\u00e0 ph\u00ed h\u1ea3i quan n\u00e0o. (N\u1ebfu b\u1ea1n ph\u1ea3i tr\u1ea3 ti\u1ec1n, ch\u00fang t\u00f4i s\u1ebd ho\u00e0n l\u1ea1i ti\u1ec1n cho b\u1ea1n)<\/li>\n<li>V\u1eadn chuy\u1ec3n qu\u1ed1c t\u1ebf kh\u00e1 ph\u1ee9c t\u1ea1p, ch\u00fang t\u00f4i c\u1ed1 g\u1eafng h\u1ebft s\u1ee9c \u0111\u1ec3 x\u1eed l\u00fd t\u1ea5t c\u1ea3 c\u00e1c v\u1ea5n \u0111\u1ec1 c\u1ee7a b\u1ea1n. Tuy nhi\u00ean, n\u1ebfu \u0111\u01a1n \u0111\u1eb7t h\u00e0ng c\u1ee7a b\u1ea1n g\u1eb7p m\u1ed9t s\u1ed1 r\u1eafc r\u1ed1i, vui l\u00f2ng li\u00ean h\u1ec7 v\u1edbi ch\u00fang t\u00f4i qua email<\/li>\n<li>H\u1ee6Y \u0110\u01a0N H\u00c0NG: N\u1ebfu c\u1ea7n h\u1ee7y \u0111\u01a1n h\u00e0ng, b\u1ea1n c\u1ea7n li\u00ean h\u1ec7 v\u1edbi ch\u00fang t\u00f4i qua email contact@pay.lpwstore.com c\u00e0ng s\u1edbm c\u00e0ng t\u1ed1t. Ch\u00fang t\u00f4i kh\u00f4ng th\u1ec3 d\u1eebng \u0111\u1eb7t h\u00e0ng cho \u0111\u1ebfn 48 gi\u1edd<\/li>\n<\/ul>\n<h4><strong>NH\u1eeeNG PH\u1ea6N C\u00d2N THI\u1ebeU<\/strong><\/h4>\n<p>T\u1ea5t c\u1ea3 c\u00e1c b\u1ed9 ph\u1eadn c\u1ee7a Si\u00eau xe LEJ 906 MOC 31189 Il Toro Azzurro \u0111\u1ec1u \u0111\u01b0\u1ee3c ki\u1ec3m tra ch\u1ea5t l\u01b0\u1ee3ng tr\u01b0\u1edbc khi v\u1eadn chuy\u1ec3n, v\u00ec v\u1eady n\u1ebfu b\u1ea1n th\u1ea5y thi\u1ebfu ho\u1eb7c h\u01b0 h\u1ecfng m\u1ed9t s\u1ed1 b\u1ed9 ph\u1eadn, \u0111\u1eebng lo l\u1eafng. Vui l\u00f2ng li\u00ean h\u1ec7 v\u1edbi ch\u00fang t\u00f4i v\u00e0 ch\u00fang t\u00f4i s\u1ebd g\u1eedi ch\u00fang cho b\u1ea1n m\u00e0 kh\u00f4ng m\u1ea5t b\u1ea5t k\u1ef3 kho\u1ea3n ph\u00ed n\u00e0o, ho\u1eb7c ch\u00fang t\u00f4i s\u1ebd ho\u00e0n l\u1ea1i m\u1ed9t kho\u1ea3n ti\u1ec1n nh\u1ecf \u0111\u1ec3 b\u1ea1n mua \u1edf nh\u1eefng n\u01a1i kh\u00e1c<\/p>\n<figure id=\"attachment_188842\" aria-describedby=\"caption-attachment-188842\" style=\"width: 1000px\" class=\"wp-caption alignnone\"><img decoding=\"async\" class=\"size-full wp-image-188842\" src=\"https:\/\/pay.lpwstore.com\/wp-content\/uploads\/2020\/05\/LEJ-906-MOC-31189-Il-Toro-Azzurro-Super-Car-11.png\" alt=\"-\" width=\"1000\" height=\"1000\" title=\"-\"><figcaption id=\"caption-attachment-188842\" class=\"wp-caption-text\">Si\u00eau xe LEJ 906 MOC 31189 Il Toro Azzurro<\/figcaption><\/figure>\n<figure id=\"attachment_188841\" aria-describedby=\"caption-attachment-188841\" style=\"width: 1000px\" class=\"wp-caption alignnone\"><img decoding=\"async\" class=\"size-full wp-image-188841\" src=\"https:\/\/pay.lpwstore.com\/wp-content\/uploads\/2020\/05\/LEJ-906-MOC-31189-Il-Toro-Azzurro-Super-Car-10.png\" alt=\"-\" width=\"1000\" height=\"1000\" title=\"-\"><figcaption id=\"caption-attachment-188841\" class=\"wp-caption-text\">Si\u00eau xe LEJ 906 MOC 31189 Il Toro Azzurro<\/figcaption><\/figure>\n<figure id=\"attachment_188840\" aria-describedby=\"caption-attachment-188840\" style=\"width: 1000px\" class=\"wp-caption alignnone\"><img loading=\"lazy\" decoding=\"async\" class=\"size-full wp-image-188840\" src=\"https:\/\/pay.lpwstore.com\/wp-content\/uploads\/2020\/05\/LEJ-906-MOC-31189-Il-Toro-Azzurro-Super-Car-9.png\" alt=\"-\" width=\"1000\" height=\"1000\" title=\"-\"><figcaption id=\"caption-attachment-188840\" class=\"wp-caption-text\">Si\u00eau xe LEJ 906 MOC 31189 Il Toro Azzurro<\/figcaption><\/figure>\n<p><img loading=\"lazy\" decoding=\"async\" class=\"alignnone size-full wp-image-188839\" src=\"https:\/\/pay.lpwstore.com\/wp-content\/uploads\/2020\/05\/LEJ-906-MOC-31189-Il-Toro-Azzurro-Super-Car-8.png\" alt=\"-\" width=\"750\" height=\"725\" title=\"-\"><\/p>\n<figure id=\"attachment_188838\" aria-describedby=\"caption-attachment-188838\" style=\"width: 1000px\" class=\"wp-caption alignnone\"><img loading=\"lazy\" decoding=\"async\" class=\"size-full wp-image-188838\" src=\"https:\/\/pay.lpwstore.com\/wp-content\/uploads\/2020\/05\/LEJ-906-MOC-31189-Il-Toro-Azzurro-Super-Car-7.png\" alt=\"-\" width=\"1000\" height=\"1000\" title=\"-\"><figcaption id=\"caption-attachment-188838\" class=\"wp-caption-text\">Si\u00eau xe LEJ 906 MOC 31189 Il Toro Azzurro<\/figcaption><\/figure>\n<figure id=\"attachment_188836\" aria-describedby=\"caption-attachment-188836\" style=\"width: 1000px\" class=\"wp-caption alignnone\"><img loading=\"lazy\" decoding=\"async\" class=\"size-full wp-image-188836\" src=\"https:\/\/pay.lpwstore.com\/wp-content\/uploads\/2020\/05\/LEJ-906-MOC-31189-Il-Toro-Azzurro-Super-Car-5.png\" alt=\"-\" width=\"1000\" height=\"888\" title=\"-\"><figcaption id=\"caption-attachment-188836\" class=\"wp-caption-text\">Si\u00eau xe LEJ 906 MOC 31189 Il Toro Azzurro<\/figcaption><\/figure>\n<figure id=\"attachment_188835\" aria-describedby=\"caption-attachment-188835\" style=\"width: 750px\" class=\"wp-caption alignnone\"><img loading=\"lazy\" decoding=\"async\" class=\"size-full wp-image-188835\" src=\"https:\/\/pay.lpwstore.com\/wp-content\/uploads\/2020\/05\/LEJ-906-MOC-31189-Il-Toro-Azzurro-Super-Car-4.jpg\" alt=\"-\" width=\"750\" height=\"750\" title=\"-\"><figcaption id=\"caption-attachment-188835\" class=\"wp-caption-text\">Si\u00eau xe LEJ 906 MOC 31189 Il Toro Azzurro<\/figcaption><\/figure>\n<figure id=\"attachment_188834\" aria-describedby=\"caption-attachment-188834\" style=\"width: 970px\" class=\"wp-caption alignnone\"><img loading=\"lazy\" decoding=\"async\" class=\"size-large wp-image-188834\" src=\"https:\/\/pay.lpwstore.com\/wp-content\/uploads\/2020\/05\/LEJ-906-MOC-31189-Il-Toro-Azzurro-Super-Car-3-970x1024.png\" alt=\"-\" width=\"970\" height=\"1024\" title=\"-\"><figcaption id=\"caption-attachment-188834\" class=\"wp-caption-text\">Si\u00eau xe LEJ 906 MOC 31189 Il Toro Azzurro<\/figcaption><\/figure>\n<figure id=\"attachment_188833\" aria-describedby=\"caption-attachment-188833\" style=\"width: 750px\" class=\"wp-caption alignnone\"><img loading=\"lazy\" decoding=\"async\" class=\"size-full wp-image-188833\" src=\"https:\/\/pay.lpwstore.com\/wp-content\/uploads\/2020\/05\/LEJ-906-MOC-31189-Il-Toro-Azzurro-Super-Car-3.jpg\" alt=\"-\" width=\"750\" height=\"750\" title=\"-\"><figcaption id=\"caption-attachment-188833\" class=\"wp-caption-text\">Si\u00eau xe LEJ 906 MOC 31189 Il Toro Azzurro<\/figcaption><\/figure>\n<figure id=\"attachment_188832\" aria-describedby=\"caption-attachment-188832\" style=\"width: 1000px\" class=\"wp-caption alignnone\"><img loading=\"lazy\" decoding=\"async\" class=\"size-full wp-image-188832\" src=\"https:\/\/pay.lpwstore.com\/wp-content\/uploads\/2020\/05\/LEJ-906-MOC-31189-Il-Toro-Azzurro-Super-Car-2.png\" alt=\"-\" width=\"1000\" height=\"1012\" title=\"-\"><figcaption id=\"caption-attachment-188832\" class=\"wp-caption-text\">Si\u00eau xe LEJ 906 MOC 31189 Il Toro Azzurro<\/figcaption><\/figure>\n<figure id=\"attachment_188829\" aria-describedby=\"caption-attachment-188829\" style=\"width: 750px\" class=\"wp-caption alignnone\"><img loading=\"lazy\" decoding=\"async\" class=\"size-full wp-image-188829\" src=\"https:\/\/pay.lpwstore.com\/wp-content\/uploads\/2020\/05\/LEJ-906-MOC-31189-Il-Toro-Azzurro-Super-Car-1.jpg\" alt=\"-\" width=\"750\" height=\"562\" title=\"-\"><figcaption id=\"caption-attachment-188829\" class=\"wp-caption-text\">Si\u00eau xe LEJ 906 MOC 31189 Il Toro Azzurro<\/figcaption><\/figure>","protected":false},"excerpt":{"rendered":"<p><strong>Si\u00eau xe LEJ 906 MOC 31189 Il Toro Azzurro<\/strong><\/p>\n<ul>\n<li>S\u1ed1 l\u01b0\u1ee3ng g\u1ea1ch: <strong>2700+ <\/strong>chi\u1ebfc \/\u00a0<span style=\"text-decoration: underline\" data-text-color=\"alert\"><strong>Kh\u00f4ng c\u00f3 PHI\u00caN B\u1ea2N \u0110\u1ed8NG C\u01a0<\/strong><\/span><\/li>\n<li>D\u1ecbch v\u1ee5: Ph\u1ee5 t\u00f9ng thay th\u1ebf mi\u1ec5n ph\u00ed<\/li>\n<li>\u0110\u1ec3 \u00fd: <span style=\"text-decoration: underline\" data-text-color=\"alert\"><strong>Kh\u00f4ng c\u00f3 h\u1ed9p ban \u0111\u1ea7u<\/strong><\/span>, S\u1eed d\u1ee5ng t\u00fai bong b\u00f3ng ho\u1eb7c h\u1ed9p carton tr\u1ed1ng.<\/li>\n<\/ul>\n<div class=\"jfk-bubble gtx-bubble\" role=\"alertdialog\" aria-describedby=\"bubble-7\">\n<div id=\"bubble-7\" class=\"jfk-bubble-content-id\">\n<div id=\"gtx-host\" style=\"min-width: 200px;max-width: 400px\"><\/div>\n<\/div>\n<div class=\"jfk-bubble-closebtn-id jfk-bubble-closebtn\" role=\"button\" aria-label=\"\u0110\u00f3ng\"><\/div>\n<div class=\"jfk-bubble-arrow-id jfk-bubble-arrow jfk-bubble-arrowup\">\n<div class=\"jfk-bubble-arrowimplbefore\"><\/div>\n<div class=\"jfk-bubble-arrowimplafter\"><\/div>\n<\/div>\n<\/div>","protected":false},"featured_media":14033,"comment_status":"open","ping_status":"closed","template":"","meta":{"_acf_changed":false},"product_cat":[15],"product_tag":[4450],"class_list":["product","first","instock","shipping-taxable","purchasable","product-type-simple"],"acf":[],"_links":{"self":[{"href":"https:\/\/mouldking.store\/vi\/wp-json\/wp\/v2\/product\/14032","targetHints":{"allow":["GET"]}}],"collection":[{"href":"https:\/\/mouldking.store\/vi\/wp-json\/wp\/v2\/product"}],"about":[{"href":"https:\/\/mouldking.store\/vi\/wp-json\/wp\/v2\/types\/product"}],"replies":[{"embeddable":true,"href":"https:\/\/mouldking.store\/vi\/wp-json\/wp\/v2\/comments?post=14032"}],"wp:featuredmedia":[{"embeddable":true,"href":"https:\/\/mouldking.store\/vi\/wp-json\/wp\/v2\/media\/14033"}],"wp:attachment":[{"href":"https:\/\/mouldking.store\/vi\/wp-json\/wp\/v2\/media?parent=14032"}],"wp:term":[{"taxonomy":"product_cat","embeddable":true,"href":"https:\/\/mouldking.store\/vi\/wp-json\/wp\/v2\/product_cat?post=14032"},{"taxonomy":"product_tag","embeddable":true,"href":"https:\/\/mouldking.store\/vi\/wp-json\/wp\/v2\/product_tag?post=14032"}],"curies":[{"name":"wp","href":"https:\/\/api.w.org\/{rel}","templated":true}]}}