{"id":14094,"date":"2021-09-28T03:03:39","date_gmt":"2021-09-28T03:03:39","guid":{"rendered":"https:\/\/mouldking.store\/product\/cada-c61041-moc-39933-lamborghini-centenario-light-blue-cepheus-hypercar-1-8-1571010"},"modified":"2025-12-25T09:28:05","modified_gmt":"2025-12-25T02:28:05","slug":"cada-c61041-moc-39933-lamborghini-centenario-light-blue-cepheus-hypercar-1-8","status":"publish","type":"product","link":"https:\/\/mouldking.store\/vi\/shop\/cada-c61041-moc-39933-lamborghini-centenario-light-blue-cepheus-hypercar-1-8\/","title":{"rendered":"CADA C61041 MOC 39933 Lamborghini Centenario Light Blue Cepheus Hypercar 1 8"},"content":{"rendered":"<p><strong>CHI TI\u1ebeT S\u1ea2N PH\u1ea8M<\/strong><\/p>\n<p>CADA C61041 MOC 39933 Lamborghini Centenario Light Blue Cepheus Hypercar 1 8 is based\u00a0 on \u00a0Lamborghini Centenario Light Blue Cepheus Hypercar and a <span data-text-color=\"alert\"><strong>Authorised designed of Tlego<\/strong><\/span> .\u00a0 It&#8217;s an awesome Brick set CADA C61041 MOC 39933 Lamborghini Centenario Light Blue Cepheus Hypercar 1 8 <img fetchpriority=\"high\" decoding=\"async\" class=\"alignnone size-large wp-image-187014\" src=\"https:\/\/pay.lpwstore.com\/wp-content\/uploads\/2020\/04\/a5e045f54fe0f55416ca9214e171ab67.jpg\" alt=\"-\" width=\"800\" height=\"534\" title=\"-\"> The Lamborghini Centenario might not be much more than a tweaked Aventador under the skin but that fact didn\u2019t stop the Italian automaker from easily selling out the high-priced supercar. Now one of them has reached the used car market. This particular Centenario was delivered to a U.S. customer last year and is painted in an awesome shade of bright blue, making it one of the most recognizable Centenarios on earth. Like other Centenarios, the vehicle pairs its exterior paint with a number of gloss carbon fiber parts, including the front splitter, side skirts, and most of the rear fascia. Perhaps the most incredible angle of the entire car is the rear thanks to blue accents that travel up the fins of the diffuser. A carbon fiber roof and carbon accents on the wheels help to complete the outside. <img decoding=\"async\" class=\"alignnone size-large wp-image-187015\" src=\"https:\/\/pay.lpwstore.com\/wp-content\/uploads\/2020\/04\/e7aa3ff5771a7fa6e04a532219263fe8.jpg\" alt=\"-\" width=\"800\" height=\"534\" title=\"-\"><\/p>\n<ul>\n<li>+ 3700\u00a0 pieces made from high-quality 100% ABS plastic bricks, safe for children, long time to play, 100% compatible with other brick brands<\/li>\n<li><span style=\"font-size: 14.4px;\">Easy-to-build with manual instruction of CADA C61041 MOC 39933 Lamborghini Centenario Light Blue Cepheus Hypercar 1 8 <\/span><span style=\"font-size: 14.4px; color: #555555;\">v\u1edbi g\u1ea1ch b\u1eb1ng g\u1ea1ch h\u01b0\u1edbng d\u1eabn v\u00e0 h\u00ecnh \u1ea3nh ch\u1ea5t l\u01b0\u1ee3ng cao<\/span><\/li>\n<li><span style=\"font-size: 14.4px;\">Full dimensions of CADA C61041 MOC 39933 Lamborghini Centenario Light Blue Cepheus Hypercar 1 8:<\/span><\/li>\n<\/ul>\n<figure id=\"attachment_187013\" aria-describedby=\"caption-attachment-187013\" style=\"width: 1020px\" class=\"wp-caption alignnone\"><img decoding=\"async\" class=\"wp-image-187013 size-large\" src=\"https:\/\/pay.lpwstore.com\/wp-content\/uploads\/2020\/04\/MOC-39933-Lamborghini-Centenario-Light-Blue-Cepheus-Hypercar-1-8-5-Copy-1024x519.png\" alt=\"-\" width=\"1020\" height=\"517\" title=\"-\"><figcaption id=\"caption-attachment-187013\" class=\"wp-caption-text\">CADA C61041 MOC 39933 Lamborghini Centenario Light Blue Cepheus Hypercar 1 8<\/figcaption><\/figure>\n<blockquote><p>MOC Number: 39933 Name: Lamborghini Centenario Light Blue Cepheus Hypercar 1:8 Designed by: T-Lego Designed year: 2020 Number of part: 3789 parts Category: Technic &gt; Model<\/p><\/blockquote>\n<figure id=\"attachment_189006\" aria-describedby=\"caption-attachment-189006\" style=\"width: 1020px\" class=\"wp-caption alignnone\"><img loading=\"lazy\" decoding=\"async\" class=\"size-large wp-image-189006\" src=\"https:\/\/pay.lpwstore.com\/wp-content\/uploads\/2020\/05\/CADA-C61041-MOC-39933-Lamborghini-Centenario-Light-Blue-Cepheus-Hypercar-1-8-4-1024x860.png\" alt=\"-\" width=\"1020\" height=\"857\" title=\"-\"><figcaption id=\"caption-attachment-189006\" class=\"wp-caption-text\">CADA C61041 MOC 39933 Lamborghini Centenario Light Blue Cepheus Hypercar 1 8<\/figcaption><\/figure>\n<h4><strong>GIAO H\u00c0NG V\u00c0 TR\u1ea2 L\u1ea0I<\/strong><\/h4>\n<p>We guarantee for CADA C61041 MOC 39933 Lamborghini Centenario Light Blue Cepheus Hypercar 1 8<\/p>\n<ul>\n<li>Ho\u00e0n tr\u1ea3 \u0111\u1ea7y \u0111\u1ee7 n\u1ebfu kh\u00f4ng nh\u1eadn \u0111\u01b0\u1ee3c \u0111\u01a1n \u0111\u1eb7t h\u00e0ng c\u1ee7a b\u1ea1n<\/li>\n<li>Cung c\u1ea5p mi\u1ec5n ph\u00ed c\u00e1c ph\u1ea7n c\u00f2n thi\u1ebfu ho\u1eb7c s\u00e1ch h\u01b0\u1edbng d\u1eabn<\/li>\n<li>Kh\u00e1ch h\u00e0ng s\u1ebd kh\u00f4ng ph\u1ea3i tr\u1ea3 th\u00eam ti\u1ec1n thu\u1ebf v\u00e0 l\u1ec7 ph\u00ed h\u1ea3i quan. (N\u1ebfu b\u1ea1n ph\u1ea3i tr\u1ea3 ti\u1ec1n, ch\u00fang t\u00f4i s\u1ebd ho\u00e0n l\u1ea1i ti\u1ec1n cho b\u1ea1n)<\/li>\n<li>V\u1eadn chuy\u1ec3n qu\u1ed1c t\u1ebf kh\u00e1 ph\u1ee9c t\u1ea1p, ch\u00fang t\u00f4i c\u1ed1 g\u1eafng h\u1ebft s\u1ee9c \u0111\u1ec3 x\u1eed l\u00fd t\u1ea5t c\u1ea3 c\u00e1c v\u1ea5n \u0111\u1ec1 c\u1ee7a b\u1ea1n. Tuy nhi\u00ean, n\u1ebfu \u0111\u01a1n \u0111\u1eb7t h\u00e0ng c\u1ee7a b\u1ea1n g\u1eb7p m\u1ed9t s\u1ed1 r\u1eafc r\u1ed1i, vui l\u00f2ng li\u00ean h\u1ec7 v\u1edbi ch\u00fang t\u00f4i qua email<\/li>\n<li><span data-text-color=\"alert\"><strong>H\u1ee7y \u0111\u01a1n h\u00e0ng:<\/strong><\/span> N\u1ebfu c\u1ea7n h\u1ee7y \u0111\u01a1n h\u00e0ng, b\u1ea1n c\u1ea7n li\u00ean h\u1ec7 v\u1edbi ch\u00fang t\u00f4i qua email contact@pay.lpwstore.com c\u00e0ng s\u1edbm c\u00e0ng t\u1ed1t. Ch\u00fang t\u00f4i kh\u00f4ng th\u1ec3 d\u1eebng \u0111\u1eb7t h\u00e0ng cho \u0111\u1ebfn 48 gi\u1edd<\/li>\n<\/ul>\n<h4><strong>NH\u1eeeNG PH\u1ea6N C\u00d2N THI\u1ebeU<\/strong><\/h4>\n<p>All parts of CADA C61041 MOC 39933 Lamborghini Centenario Light Blue Cepheus Hypercar 1 8 \u00a0are quality checked before shipping, so if you find some missing or damaged parts, don&#8217;t worry. Please contact us and we will send them to you without any fees, or we will offer a small refund for you to buy in other places.<\/p>\n<figure id=\"attachment_189009\" aria-describedby=\"caption-attachment-189009\" style=\"width: 1020px\" class=\"wp-caption alignnone\"><img loading=\"lazy\" decoding=\"async\" class=\"size-large wp-image-189009\" src=\"https:\/\/pay.lpwstore.com\/wp-content\/uploads\/2020\/05\/CADA-C61041-MOC-39933-Lamborghini-Centenario-Light-Blue-Cepheus-Hypercar-1-8-8-1024x499.png\" alt=\"-\" width=\"1020\" height=\"497\" title=\"-\"><figcaption id=\"caption-attachment-189009\" class=\"wp-caption-text\">CADA C61041 MOC 39933 Lamborghini Centenario Light Blue Cepheus Hypercar 1 8<\/figcaption><\/figure>\n<figure id=\"attachment_189010\" aria-describedby=\"caption-attachment-189010\" style=\"width: 1020px\" class=\"wp-caption alignnone\"><img loading=\"lazy\" decoding=\"async\" class=\"size-large wp-image-189010\" src=\"https:\/\/pay.lpwstore.com\/wp-content\/uploads\/2020\/05\/CADA-C61041-MOC-39933-Lamborghini-Centenario-Light-Blue-Cepheus-Hypercar-1-8-9-1024x435.png\" alt=\"-\" width=\"1020\" height=\"433\" title=\"-\"><figcaption id=\"caption-attachment-189010\" class=\"wp-caption-text\">CADA C61041 MOC 39933 Lamborghini Centenario Light Blue Cepheus Hypercar 1 8<\/figcaption><\/figure>\n<figure id=\"attachment_189011\" aria-describedby=\"caption-attachment-189011\" style=\"width: 1020px\" class=\"wp-caption alignnone\"><img loading=\"lazy\" decoding=\"async\" class=\"size-large wp-image-189011\" src=\"https:\/\/pay.lpwstore.com\/wp-content\/uploads\/2020\/05\/CADA-C61041-MOC-39933-Lamborghini-Centenario-Light-Blue-Cepheus-Hypercar-1-8-10-1024x576.png\" alt=\"-\" width=\"1020\" height=\"574\" title=\"-\"><figcaption id=\"caption-attachment-189011\" class=\"wp-caption-text\">CADA C61041 MOC 39933 Lamborghini Centenario Light Blue Cepheus Hypercar 1 8<\/figcaption><\/figure>\n<figure id=\"attachment_189012\" aria-describedby=\"caption-attachment-189012\" style=\"width: 1020px\" class=\"wp-caption alignnone\"><img loading=\"lazy\" decoding=\"async\" class=\"size-large wp-image-189012\" src=\"https:\/\/pay.lpwstore.com\/wp-content\/uploads\/2020\/05\/CADA-C61041-MOC-39933-Lamborghini-Centenario-Light-Blue-Cepheus-Hypercar-1-8-11-1024x576.png\" alt=\"-\" width=\"1020\" height=\"574\" title=\"-\"><figcaption id=\"caption-attachment-189012\" class=\"wp-caption-text\">CADA C61041 MOC 39933 Lamborghini Centenario Light Blue Cepheus Hypercar 1 8<\/figcaption><\/figure>\n<figure id=\"attachment_189013\" aria-describedby=\"caption-attachment-189013\" style=\"width: 1020px\" class=\"wp-caption alignnone\"><img loading=\"lazy\" decoding=\"async\" class=\"size-large wp-image-189013\" src=\"https:\/\/pay.lpwstore.com\/wp-content\/uploads\/2020\/05\/CADA-C61041-MOC-39933-Lamborghini-Centenario-Light-Blue-Cepheus-Hypercar-1-8-12-1024x576.png\" alt=\"-\" width=\"1020\" height=\"574\" title=\"-\"><figcaption id=\"caption-attachment-189013\" class=\"wp-caption-text\">CADA C61041 MOC 39933 Lamborghini Centenario Light Blue Cepheus Hypercar 1 8<\/figcaption><\/figure>\n<figure id=\"attachment_189008\" aria-describedby=\"caption-attachment-189008\" style=\"width: 1020px\" class=\"wp-caption alignnone\"><img loading=\"lazy\" decoding=\"async\" class=\"size-large wp-image-189008\" src=\"https:\/\/pay.lpwstore.com\/wp-content\/uploads\/2020\/05\/CADA-C61041-MOC-39933-Lamborghini-Centenario-Light-Blue-Cepheus-Hypercar-1-8-6-1024x797.png\" alt=\"-\" width=\"1020\" height=\"794\" title=\"-\"><figcaption id=\"caption-attachment-189008\" class=\"wp-caption-text\">CADA C61041 MOC 39933 Lamborghini Centenario Light Blue Cepheus Hypercar 1 8<\/figcaption><\/figure>\n<figure id=\"attachment_189007\" aria-describedby=\"caption-attachment-189007\" style=\"width: 1020px\" class=\"wp-caption alignnone\"><img loading=\"lazy\" decoding=\"async\" class=\"size-large wp-image-189007\" src=\"https:\/\/pay.lpwstore.com\/wp-content\/uploads\/2020\/05\/CADA-C61041-MOC-39933-Lamborghini-Centenario-Light-Blue-Cepheus-Hypercar-1-8-5-1024x709.png\" alt=\"-\" width=\"1020\" height=\"706\" title=\"-\"><figcaption id=\"caption-attachment-189007\" class=\"wp-caption-text\">CADA C61041 MOC 39933 Lamborghini Centenario Light Blue Cepheus Hypercar 1 8<\/figcaption><\/figure>\n<figure id=\"attachment_186998\" aria-describedby=\"caption-attachment-186998\" style=\"width: 1020px\" class=\"wp-caption alignnone\"><img loading=\"lazy\" decoding=\"async\" class=\"wp-image-186998 size-large\" src=\"https:\/\/pay.lpwstore.com\/wp-content\/uploads\/2020\/04\/MOC-39933-Lamborghini-Centenario-Light-Blue-Cepheus-Hypercar-1-8-4-1024x517.jpg\" alt=\"-\" width=\"1020\" height=\"515\" title=\"-\"><figcaption id=\"caption-attachment-186998\" class=\"wp-caption-text\">CADA C61041 MOC 39933 Lamborghini Centenario Light Blue Cepheus Hypercar 1 8<\/figcaption><\/figure>\n<figure id=\"attachment_186999\" aria-describedby=\"caption-attachment-186999\" style=\"width: 1020px\" class=\"wp-caption alignnone\"><img loading=\"lazy\" decoding=\"async\" class=\"wp-image-186999 size-large\" src=\"https:\/\/pay.lpwstore.com\/wp-content\/uploads\/2020\/04\/MOC-39933-Lamborghini-Centenario-Light-Blue-Cepheus-Hypercar-1-8-5-1024x519.jpg\" alt=\"-\" width=\"1020\" height=\"517\" title=\"-\"><figcaption id=\"caption-attachment-186999\" class=\"wp-caption-text\">CADA C61041 MOC 39933 Lamborghini Centenario Light Blue Cepheus Hypercar 1 8<\/figcaption><\/figure>\n<figure id=\"attachment_187001\" aria-describedby=\"caption-attachment-187001\" style=\"width: 1020px\" class=\"wp-caption alignnone\"><img loading=\"lazy\" decoding=\"async\" class=\"wp-image-187001 size-large\" src=\"https:\/\/pay.lpwstore.com\/wp-content\/uploads\/2020\/04\/MOC-39933-Lamborghini-Centenario-Light-Blue-Cepheus-Hypercar-1-8-7-1024x568.jpg\" alt=\"-\" width=\"1020\" height=\"566\" title=\"-\"><figcaption id=\"caption-attachment-187001\" class=\"wp-caption-text\">CADA C61041 MOC 39933 Lamborghini Centenario Light Blue Cepheus Hypercar 1 8<\/figcaption><\/figure>\n<figure id=\"attachment_187010\" aria-describedby=\"caption-attachment-187010\" style=\"width: 1020px\" class=\"wp-caption alignnone\"><img loading=\"lazy\" decoding=\"async\" class=\"wp-image-187010 size-large\" src=\"https:\/\/pay.lpwstore.com\/wp-content\/uploads\/2020\/04\/MOC-39933-Lamborghini-Centenario-Light-Blue-Cepheus-Hypercar-1-8-16-1024x907.jpg\" alt=\"-\" width=\"1020\" height=\"903\" title=\"-\"><figcaption id=\"caption-attachment-187010\" class=\"wp-caption-text\">CADA C61041 MOC 39933 Lamborghini Centenario Light Blue Cepheus Hypercar 1 8<\/figcaption><\/figure>\n<figure id=\"attachment_187009\" aria-describedby=\"caption-attachment-187009\" style=\"width: 1020px\" class=\"wp-caption alignnone\"><img loading=\"lazy\" decoding=\"async\" class=\"wp-image-187009 size-large\" src=\"https:\/\/pay.lpwstore.com\/wp-content\/uploads\/2020\/04\/MOC-39933-Lamborghini-Centenario-Light-Blue-Cepheus-Hypercar-1-8-15-1024x869.jpg\" alt=\"-\" width=\"1020\" height=\"866\" title=\"-\"><figcaption id=\"caption-attachment-187009\" class=\"wp-caption-text\">CADA C61041 MOC 39933 Lamborghini Centenario Light Blue Cepheus Hypercar 1 8<\/figcaption><\/figure>\n<figure id=\"attachment_187008\" aria-describedby=\"caption-attachment-187008\" style=\"width: 1020px\" class=\"wp-caption alignnone\"><img loading=\"lazy\" decoding=\"async\" class=\"wp-image-187008 size-large\" src=\"https:\/\/pay.lpwstore.com\/wp-content\/uploads\/2020\/04\/MOC-39933-Lamborghini-Centenario-Light-Blue-Cepheus-Hypercar-1-8-14-1024x672.jpg\" alt=\"-\" width=\"1020\" height=\"669\" title=\"-\"><figcaption id=\"caption-attachment-187008\" class=\"wp-caption-text\">CADA C61041 MOC 39933 Lamborghini Centenario Light Blue Cepheus Hypercar 1 8<\/figcaption><\/figure>\n<figure id=\"attachment_187007\" aria-describedby=\"caption-attachment-187007\" style=\"width: 1020px\" class=\"wp-caption alignnone\"><img loading=\"lazy\" decoding=\"async\" class=\"wp-image-187007 size-large\" src=\"https:\/\/pay.lpwstore.com\/wp-content\/uploads\/2020\/04\/MOC-39933-Lamborghini-Centenario-Light-Blue-Cepheus-Hypercar-1-8-13-1024x666.jpg\" alt=\"-\" width=\"1020\" height=\"663\" title=\"-\"><figcaption id=\"caption-attachment-187007\" class=\"wp-caption-text\">CADA C61041 MOC 39933 Lamborghini Centenario Light Blue Cepheus Hypercar 1 8<\/figcaption><\/figure>\n<figure id=\"attachment_187006\" aria-describedby=\"caption-attachment-187006\" style=\"width: 1020px\" class=\"wp-caption alignnone\"><img loading=\"lazy\" decoding=\"async\" class=\"wp-image-187006 size-large\" src=\"https:\/\/pay.lpwstore.com\/wp-content\/uploads\/2020\/04\/MOC-39933-Lamborghini-Centenario-Light-Blue-Cepheus-Hypercar-1-8-12-1024x634.jpg\" alt=\"-\" width=\"1020\" height=\"632\" title=\"-\"><figcaption id=\"caption-attachment-187006\" class=\"wp-caption-text\">CADA C61041 MOC 39933 Lamborghini Centenario Light Blue Cepheus Hypercar 1 8<\/figcaption><\/figure>\n<figure id=\"attachment_187005\" aria-describedby=\"caption-attachment-187005\" style=\"width: 1020px\" class=\"wp-caption alignnone\"><img loading=\"lazy\" decoding=\"async\" class=\"wp-image-187005 size-large\" src=\"https:\/\/pay.lpwstore.com\/wp-content\/uploads\/2020\/04\/MOC-39933-Lamborghini-Centenario-Light-Blue-Cepheus-Hypercar-1-8-11-1024x577.jpg\" alt=\"-\" width=\"1020\" height=\"575\" title=\"-\"><figcaption id=\"caption-attachment-187005\" class=\"wp-caption-text\">CADA C61041 MOC 39933 Lamborghini Centenario Light Blue Cepheus Hypercar 1 8<\/figcaption><\/figure>\n<figure id=\"attachment_187004\" aria-describedby=\"caption-attachment-187004\" style=\"width: 1020px\" class=\"wp-caption alignnone\"><img loading=\"lazy\" decoding=\"async\" class=\"wp-image-187004 size-large\" src=\"https:\/\/pay.lpwstore.com\/wp-content\/uploads\/2020\/04\/MOC-39933-Lamborghini-Centenario-Light-Blue-Cepheus-Hypercar-1-8-10-1024x576.jpg\" alt=\"-\" width=\"1020\" height=\"574\" title=\"-\"><figcaption id=\"caption-attachment-187004\" class=\"wp-caption-text\">CADA C61041 MOC 39933 Lamborghini Centenario Light Blue Cepheus Hypercar 1 8<\/figcaption><\/figure>\n<figure id=\"attachment_187002\" aria-describedby=\"caption-attachment-187002\" style=\"width: 1020px\" class=\"wp-caption alignnone\"><img loading=\"lazy\" decoding=\"async\" class=\"wp-image-187002 size-large\" src=\"https:\/\/pay.lpwstore.com\/wp-content\/uploads\/2020\/04\/MOC-39933-Lamborghini-Centenario-Light-Blue-Cepheus-Hypercar-1-8-8-1024x576.jpg\" alt=\"-\" width=\"1020\" height=\"574\" title=\"-\"><figcaption id=\"caption-attachment-187002\" class=\"wp-caption-text\">CADA C61041 MOC 39933 Lamborghini Centenario Light Blue Cepheus Hypercar 1 8<\/figcaption><\/figure>\n<figure id=\"attachment_190006\" aria-describedby=\"caption-attachment-190006\" style=\"width: 556px\" class=\"wp-caption alignnone\"><img loading=\"lazy\" decoding=\"async\" class=\"size-large wp-image-190006\" src=\"https:\/\/pay.lpwstore.com\/wp-content\/uploads\/2020\/05\/CADA-C61041-MOC-39933-Lamborghini-Centenario-Light-Blue-Cepheus-Hypercar-1-8-5-1-556x1024.png\" alt=\"-\" width=\"556\" height=\"1024\" title=\"-\"><figcaption id=\"caption-attachment-190006\" class=\"wp-caption-text\">CADA C61041 MOC 39933 Lamborghini Centenario Light Blue Cepheus Hypercar 1 8<\/figcaption><\/figure>\n<figure id=\"attachment_190007\" aria-describedby=\"caption-attachment-190007\" style=\"width: 790px\" class=\"wp-caption alignnone\"><img loading=\"lazy\" decoding=\"async\" class=\"size-full wp-image-190007\" src=\"https:\/\/pay.lpwstore.com\/wp-content\/uploads\/2020\/05\/CADA-C61041-MOC-39933-Lamborghini-Centenario-Light-Blue-Cepheus-Hypercar-1-8-6-1.png\" alt=\"-\" width=\"790\" height=\"526\" title=\"-\"><figcaption id=\"caption-attachment-190007\" class=\"wp-caption-text\">CADA C61041 MOC 39933 Lamborghini Centenario Light Blue Cepheus Hypercar 1 8<\/figcaption><\/figure>\n<figure id=\"attachment_190008\" aria-describedby=\"caption-attachment-190008\" style=\"width: 790px\" class=\"wp-caption alignnone\"><img loading=\"lazy\" decoding=\"async\" class=\"size-full wp-image-190008\" src=\"https:\/\/pay.lpwstore.com\/wp-content\/uploads\/2020\/05\/CADA-C61041-MOC-39933-Lamborghini-Centenario-Light-Blue-Cepheus-Hypercar-1-8-7.png\" alt=\"-\" width=\"790\" height=\"943\" title=\"-\"><figcaption id=\"caption-attachment-190008\" class=\"wp-caption-text\">CADA C61041 MOC 39933 Lamborghini Centenario Light Blue Cepheus Hypercar 1 8<\/figcaption><\/figure>\n<figure id=\"attachment_190009\" aria-describedby=\"caption-attachment-190009\" style=\"width: 674px\" class=\"wp-caption alignnone\"><img loading=\"lazy\" decoding=\"async\" class=\"size-large wp-image-190009\" src=\"https:\/\/pay.lpwstore.com\/wp-content\/uploads\/2020\/05\/CADA-C61041-MOC-39933-Lamborghini-Centenario-Light-Blue-Cepheus-Hypercar-1-8-8-1-674x1024.png\" alt=\"-\" width=\"674\" height=\"1024\" title=\"-\"><figcaption id=\"caption-attachment-190009\" class=\"wp-caption-text\">CADA C61041 MOC 39933 Lamborghini Centenario Light Blue Cepheus Hypercar 1 8<\/figcaption><\/figure>\n<figure id=\"attachment_190010\" aria-describedby=\"caption-attachment-190010\" style=\"width: 790px\" class=\"wp-caption alignnone\"><img loading=\"lazy\" decoding=\"async\" class=\"size-full wp-image-190010\" src=\"https:\/\/pay.lpwstore.com\/wp-content\/uploads\/2020\/05\/CADA-C61041-MOC-39933-Lamborghini-Centenario-Light-Blue-Cepheus-Hypercar-1-8-9-1.png\" alt=\"-\" width=\"790\" height=\"774\" title=\"-\"><figcaption id=\"caption-attachment-190010\" class=\"wp-caption-text\">CADA C61041 MOC 39933 Lamborghini Centenario Light Blue Cepheus Hypercar 1 8<\/figcaption><\/figure>\n<figure id=\"attachment_190011\" aria-describedby=\"caption-attachment-190011\" style=\"width: 727px\" class=\"wp-caption alignnone\"><img loading=\"lazy\" decoding=\"async\" class=\"size-large wp-image-190011\" src=\"https:\/\/pay.lpwstore.com\/wp-content\/uploads\/2020\/05\/CADA-C61041-MOC-39933-Lamborghini-Centenario-Light-Blue-Cepheus-Hypercar-1-8-10-1-727x1024.png\" alt=\"-\" width=\"727\" height=\"1024\" title=\"-\"><figcaption id=\"caption-attachment-190011\" class=\"wp-caption-text\">CADA C61041 MOC 39933 Lamborghini Centenario Light Blue Cepheus Hypercar 1 8<\/figcaption><\/figure>\n<figure id=\"attachment_190012\" aria-describedby=\"caption-attachment-190012\" style=\"width: 682px\" class=\"wp-caption alignnone\"><img loading=\"lazy\" decoding=\"async\" class=\"size-large wp-image-190012\" src=\"https:\/\/pay.lpwstore.com\/wp-content\/uploads\/2020\/05\/CADA-C61041-MOC-39933-Lamborghini-Centenario-Light-Blue-Cepheus-Hypercar-1-8-11-1-682x1024.png\" alt=\"-\" width=\"682\" height=\"1024\" title=\"-\"><figcaption id=\"caption-attachment-190012\" class=\"wp-caption-text\">CADA C61041 MOC 39933 Lamborghini Centenario Light Blue Cepheus Hypercar 1 8<\/figcaption><\/figure>\n<figure id=\"attachment_190013\" aria-describedby=\"caption-attachment-190013\" style=\"width: 551px\" class=\"wp-caption alignnone\"><img loading=\"lazy\" decoding=\"async\" class=\"size-large wp-image-190013\" src=\"https:\/\/pay.lpwstore.com\/wp-content\/uploads\/2020\/05\/CADA-C61041-MOC-39933-Lamborghini-Centenario-Light-Blue-Cepheus-Hypercar-1-8-12-1-551x1024.png\" alt=\"-\" width=\"551\" height=\"1024\" title=\"-\"><figcaption id=\"caption-attachment-190013\" class=\"wp-caption-text\">CADA C61041 MOC 39933 Lamborghini Centenario Light Blue Cepheus Hypercar 1 8<\/figcaption><\/figure>\n<figure id=\"attachment_190014\" aria-describedby=\"caption-attachment-190014\" style=\"width: 713px\" class=\"wp-caption alignnone\"><img loading=\"lazy\" decoding=\"async\" class=\"size-large wp-image-190014\" src=\"https:\/\/pay.lpwstore.com\/wp-content\/uploads\/2020\/05\/CADA-C61041-MOC-39933-Lamborghini-Centenario-Light-Blue-Cepheus-Hypercar-1-8-13-713x1024.png\" alt=\"-\" width=\"713\" height=\"1024\" title=\"-\"><figcaption id=\"caption-attachment-190014\" class=\"wp-caption-text\">CADA C61041 MOC 39933 Lamborghini Centenario Light Blue Cepheus Hypercar 1 8<\/figcaption><\/figure>\n<figure id=\"attachment_190015\" aria-describedby=\"caption-attachment-190015\" style=\"width: 726px\" class=\"wp-caption alignnone\"><img loading=\"lazy\" decoding=\"async\" class=\"size-large wp-image-190015\" src=\"https:\/\/pay.lpwstore.com\/wp-content\/uploads\/2020\/05\/CADA-C61041-MOC-39933-Lamborghini-Centenario-Light-Blue-Cepheus-Hypercar-1-8-14-726x1024.png\" alt=\"-\" width=\"726\" height=\"1024\" title=\"-\"><figcaption id=\"caption-attachment-190015\" class=\"wp-caption-text\">CADA C61041 MOC 39933 Lamborghini Centenario Light Blue Cepheus Hypercar 1 8<\/figcaption><\/figure>\n<figure id=\"attachment_190017\" aria-describedby=\"caption-attachment-190017\" style=\"width: 779px\" class=\"wp-caption alignnone\"><img loading=\"lazy\" decoding=\"async\" class=\"size-large wp-image-190017\" src=\"https:\/\/pay.lpwstore.com\/wp-content\/uploads\/2020\/05\/CADA-C61041-MOC-39933-Lamborghini-Centenario-Light-Blue-Cepheus-Hypercar-1-8-15-779x1024.png\" alt=\"-\" width=\"779\" height=\"1024\" title=\"-\"><figcaption id=\"caption-attachment-190017\" class=\"wp-caption-text\">CADA C61041 MOC 39933 Lamborghini Centenario Light Blue Cepheus Hypercar 1 8<\/figcaption><\/figure>\n<figure id=\"attachment_190018\" aria-describedby=\"caption-attachment-190018\" style=\"width: 790px\" class=\"wp-caption alignnone\"><img loading=\"lazy\" decoding=\"async\" class=\"size-full wp-image-190018\" src=\"https:\/\/pay.lpwstore.com\/wp-content\/uploads\/2020\/05\/CADA-C61041-MOC-39933-Lamborghini-Centenario-Light-Blue-Cepheus-Hypercar-1-8-16.png\" alt=\"-\" width=\"790\" height=\"695\" title=\"-\"><figcaption id=\"caption-attachment-190018\" class=\"wp-caption-text\">CADA C61041 MOC 39933 Lamborghini Centenario Light Blue Cepheus Hypercar 1 8<\/figcaption><\/figure>\n<figure id=\"attachment_190019\" aria-describedby=\"caption-attachment-190019\" style=\"width: 724px\" class=\"wp-caption alignnone\"><img loading=\"lazy\" decoding=\"async\" class=\"size-large wp-image-190019\" src=\"https:\/\/pay.lpwstore.com\/wp-content\/uploads\/2020\/05\/CADA-C61041-MOC-39933-Lamborghini-Centenario-Light-Blue-Cepheus-Hypercar-1-8-17-724x1024.png\" alt=\"-\" width=\"724\" height=\"1024\" title=\"-\"><figcaption id=\"caption-attachment-190019\" class=\"wp-caption-text\">CADA C61041 MOC 39933 Lamborghini Centenario Light Blue Cepheus Hypercar 1 8<\/figcaption><\/figure>","protected":false},"excerpt":{"rendered":"<h3><strong>CADA C61041 MOC 39933 Lamborghini Centenario Light Blue Cepheus Hypercar 1 8<\/strong><\/h3>\n<h3><span data-text-color=\"alert\"><strong>NO Motor version (Motor cost 35$)<\/strong><\/span><\/h3>\n<ul>\n<li>S\u1ed1 l\u01b0\u1ee3ng g\u1ea1ch: <strong>3700+ <\/strong>chi\u1ebfc<\/li>\n<li>D\u1ecbch v\u1ee5: Ph\u1ee5 t\u00f9ng thay th\u1ebf mi\u1ec5n ph\u00ed<\/li>\n<li>\u0110\u1ec3 \u00fd: <span style=\"text-decoration: underline;\" data-text-color=\"alert\"><strong>Kh\u00f4ng c\u00f3 h\u1ed9p ban \u0111\u1ea7u<\/strong><\/span>, S\u1eed d\u1ee5ng t\u00fai bong b\u00f3ng ho\u1eb7c h\u1ed9p carton tr\u1ed1ng.<\/li>\n<\/ul>","protected":false},"featured_media":14095,"comment_status":"open","ping_status":"closed","template":"","meta":{"_acf_changed":false},"product_cat":[],"product_tag":[],"class_list":["product","first","instock","shipping-taxable","purchasable","product-type-simple"],"acf":[],"_links":{"self":[{"href":"https:\/\/mouldking.store\/vi\/wp-json\/wp\/v2\/product\/14094","targetHints":{"allow":["GET"]}}],"collection":[{"href":"https:\/\/mouldking.store\/vi\/wp-json\/wp\/v2\/product"}],"about":[{"href":"https:\/\/mouldking.store\/vi\/wp-json\/wp\/v2\/types\/product"}],"replies":[{"embeddable":true,"href":"https:\/\/mouldking.store\/vi\/wp-json\/wp\/v2\/comments?post=14094"}],"wp:featuredmedia":[{"embeddable":true,"href":"https:\/\/mouldking.store\/vi\/wp-json\/wp\/v2\/media\/14095"}],"wp:attachment":[{"href":"https:\/\/mouldking.store\/vi\/wp-json\/wp\/v2\/media?parent=14094"}],"wp:term":[{"taxonomy":"product_cat","embeddable":true,"href":"https:\/\/mouldking.store\/vi\/wp-json\/wp\/v2\/product_cat?post=14094"},{"taxonomy":"product_tag","embeddable":true,"href":"https:\/\/mouldking.store\/vi\/wp-json\/wp\/v2\/product_tag?post=14094"}],"curies":[{"name":"wp","href":"https:\/\/api.w.org\/{rel}","templated":true}]}}