{"id":14180,"date":"2021-09-28T03:04:21","date_gmt":"2021-09-28T03:04:21","guid":{"rendered":"https:\/\/mouldking.store\/product\/urge-10191-oscars-wheels-9192435"},"modified":"2021-12-23T09:54:32","modified_gmt":"2021-12-23T09:54:32","slug":"urge-10191-oscars-wheels","status":"publish","type":"product","link":"https:\/\/mouldking.store\/vi\/shop\/urge-10191-oscars-wheels\/","title":{"rendered":"URGE 10191 B\u00e1nh xe Oscar"},"content":{"rendered":"<p>Ch\u1ebf \u0111\u1ed9 xem ph\u1ed1: Oscar\u00b4s Wheels thu\u1ed9c lo\u1ea1t m\u00f4 h\u00ecnh ti\u00ean ti\u1ebfn c\u1ee7a b\u1ed9 kh\u1ed1i x\u00e2y d\u1ef1ng. To\u00e0n b\u1ed9 b\u1ed9 ch\u1ee9a 2759 h\u1ea1t kh\u1ed1i x\u00e2y d\u1ef1ng. N\u00f3 \u0111\u01b0\u1ee3c ra m\u1eaft l\u1ea7n \u0111\u1ea7u ti\u00ean v\u00e0o n\u0103m 2018.<\/p>\n<p><img fetchpriority=\"high\" decoding=\"async\" class=\"size-full wp-image-190801 aligncenter\" src=\"https:\/\/pay.lpwstore.com\/wp-content\/uploads\/2020\/06\/URGE-10191-Oscar\u00b4s-Wheels-Auto-repair-shop9.jpg\" alt=\"URGE-10191-Oscar\u00b4s-Wheels-Auto-repair-shop9\" width=\"800\" height=\"800\" title=\"-\"><\/p>\n<p><img decoding=\"async\" class=\"size-full wp-image-190795 aligncenter\" src=\"https:\/\/pay.lpwstore.com\/wp-content\/uploads\/2020\/06\/URGE-10191-Oscar\u00b4s-Wheels-Auto-repair-shop-2.jpg\" alt=\"-\" width=\"800\" height=\"800\" title=\"-\"> <img decoding=\"async\" class=\"size-full wp-image-190796 aligncenter\" src=\"https:\/\/pay.lpwstore.com\/wp-content\/uploads\/2020\/06\/URGE-10191-Oscar\u00b4s-Wheels-Auto-repair-shop-3.jpg\" alt=\"-\" width=\"800\" height=\"800\" title=\"-\"> <img loading=\"lazy\" decoding=\"async\" class=\"size-full wp-image-190797 aligncenter\" src=\"https:\/\/pay.lpwstore.com\/wp-content\/uploads\/2020\/06\/URGE-10191-Oscar\u00b4s-Wheels-Auto-repair-shop-4.jpg\" alt=\"-\" width=\"800\" height=\"800\" title=\"-\"> <img loading=\"lazy\" decoding=\"async\" class=\"size-full wp-image-190798 aligncenter\" src=\"https:\/\/pay.lpwstore.com\/wp-content\/uploads\/2020\/06\/URGE-10191-Oscar\u00b4s-Wheels-Auto-repair-shop-5.jpg\" alt=\"-\" width=\"800\" height=\"800\" title=\"-\"> <img loading=\"lazy\" decoding=\"async\" class=\"size-full wp-image-190799 aligncenter\" src=\"https:\/\/pay.lpwstore.com\/wp-content\/uploads\/2020\/06\/URGE-10191-Oscar\u00b4s-Wheels-Auto-repair-shop-6.jpg\" alt=\"-\" width=\"800\" height=\"800\" title=\"-\"> <img loading=\"lazy\" decoding=\"async\" class=\"size-full wp-image-190800 aligncenter\" src=\"https:\/\/pay.lpwstore.com\/wp-content\/uploads\/2020\/06\/URGE-10191-Oscar\u00b4s-Wheels-Auto-repair-shop-7.jpg\" alt=\"-\" width=\"800\" height=\"800\" title=\"-\"><\/p>","protected":false},"excerpt":{"rendered":"<p><span style=\"font-size: 150%; color: #ff0000;\"><strong>B\u00c1N TR\u01af\u1edaC. C\u00d3 S\u1eb4N V\u00c0O CU\u1ed0I TH\u00c1NG 7 N\u0102M 2020<\/strong><\/span><\/p>\n<ul>\n<li>Bao g\u1ed3m <strong>2759+<\/strong> chi\u1ebfc<\/li>\n<li>S\u00e1ch h\u01b0\u1edbng d\u1eabn s\u1eed d\u1ee5ng<\/li>\n<li>Kh\u1ed1i ABS ch\u1ea5t l\u01b0\u1ee3ng cao<\/li>\n<\/ul>","protected":false},"featured_media":14181,"comment_status":"open","ping_status":"closed","template":"","meta":{"_acf_changed":false},"product_cat":[],"product_tag":[],"class_list":["product","first","outofstock","shipping-taxable","purchasable","product-type-simple"],"acf":[],"_links":{"self":[{"href":"https:\/\/mouldking.store\/vi\/wp-json\/wp\/v2\/product\/14180","targetHints":{"allow":["GET"]}}],"collection":[{"href":"https:\/\/mouldking.store\/vi\/wp-json\/wp\/v2\/product"}],"about":[{"href":"https:\/\/mouldking.store\/vi\/wp-json\/wp\/v2\/types\/product"}],"replies":[{"embeddable":true,"href":"https:\/\/mouldking.store\/vi\/wp-json\/wp\/v2\/comments?post=14180"}],"wp:featuredmedia":[{"embeddable":true,"href":"https:\/\/mouldking.store\/vi\/wp-json\/wp\/v2\/media\/14181"}],"wp:attachment":[{"href":"https:\/\/mouldking.store\/vi\/wp-json\/wp\/v2\/media?parent=14180"}],"wp:term":[{"taxonomy":"product_cat","embeddable":true,"href":"https:\/\/mouldking.store\/vi\/wp-json\/wp\/v2\/product_cat?post=14180"},{"taxonomy":"product_tag","embeddable":true,"href":"https:\/\/mouldking.store\/vi\/wp-json\/wp\/v2\/product_tag?post=14180"}],"curies":[{"name":"wp","href":"https:\/\/api.w.org\/{rel}","templated":true}]}}