{"id":14244,"date":"2021-09-28T03:05:48","date_gmt":"2021-09-28T03:05:48","guid":{"rendered":"https:\/\/mouldking.store\/product\/sembo-101213-101216-empires-of-steel-8337177"},"modified":"2021-12-23T09:54:32","modified_gmt":"2021-12-23T09:54:32","slug":"sembo-101213-101216-empires-of-steel","status":"publish","type":"product","link":"https:\/\/mouldking.store\/vi\/shop\/sembo-101213-101216-empires-of-steel\/","title":{"rendered":"SEMBO 101213 \u2013 101216 \u0110\u1ebf ch\u1ebf th\u00e9p"},"content":{"rendered":"<p><span>Iron Empire: 4 xe t\u0103ng di\u1ec7t voi, xe t\u0103ng h\u1ea1ng n\u1eb7ng h\u1ed5, xe t\u0103ng h\u1ea1ng n\u1eb7ng s\u0103n h\u1ed5 v\u00e0 xe t\u0103ng h\u1ea1ng n\u1eb7ng Tigers (Empires of Steel) thu\u1ed9c lo\u1ea1t b\u1ed9 kh\u1ed1i x\u00e2y d\u1ef1ng d\u00e0nh cho qu\u00e2n \u0111\u1ed9i. To\u00e0n b\u1ed9 b\u1ed9 ch\u1ee9a 957 h\u1ea1t kh\u1ed1i x\u00e2y d\u1ef1ng.\u00a0<\/span><span>N\u00f3 \u0111\u01b0\u1ee3c ra m\u1eaft l\u1ea7n \u0111\u1ea7u ti\u00ean v\u00e0o n\u0103m 2018.<\/span><\/p>\n<p><img fetchpriority=\"high\" decoding=\"async\" class=\"size-full wp-image-190882 aligncenter\" src=\"https:\/\/pay.lpwstore.com\/wp-content\/uploads\/2020\/06\/SEMBO-101213-101216-Empires-of-Steel.jpg\" alt=\"SEMBO-101213---101216-Empires-of-Steel\" width=\"800\" height=\"800\" title=\"-\"> <img decoding=\"async\" class=\"size-full wp-image-190885 aligncenter\" src=\"https:\/\/pay.lpwstore.com\/wp-content\/uploads\/2020\/06\/SEMBO-101213-101216-Empires-of-Steel-4.jpg\" alt=\"-\" width=\"800\" height=\"800\" title=\"-\"> <img decoding=\"async\" class=\"size-full wp-image-190884 aligncenter\" src=\"https:\/\/pay.lpwstore.com\/wp-content\/uploads\/2020\/06\/SEMBO-101213-101216-Empires-of-Steel-3.jpg\" alt=\"-\" width=\"800\" height=\"800\" title=\"-\"> <img loading=\"lazy\" decoding=\"async\" class=\"size-full wp-image-190886 aligncenter\" src=\"https:\/\/pay.lpwstore.com\/wp-content\/uploads\/2020\/06\/SEMBO-101213-101216-Empires-of-Steel-5.jpg\" alt=\"-\" width=\"790\" height=\"1092\" title=\"-\"> <img loading=\"lazy\" decoding=\"async\" class=\"size-full wp-image-190887 aligncenter\" src=\"https:\/\/pay.lpwstore.com\/wp-content\/uploads\/2020\/06\/SEMBO-101213-101216-Empires-of-Steel-6.jpg\" alt=\"-\" width=\"790\" height=\"1092\" title=\"-\"> <img loading=\"lazy\" decoding=\"async\" class=\"size-full wp-image-190888 aligncenter\" src=\"https:\/\/pay.lpwstore.com\/wp-content\/uploads\/2020\/06\/SEMBO-101213-101216-Empires-of-Steel-7.jpg\" alt=\"-\" width=\"790\" height=\"1092\" title=\"-\"> <img loading=\"lazy\" decoding=\"async\" class=\"size-full wp-image-190889 aligncenter\" src=\"https:\/\/pay.lpwstore.com\/wp-content\/uploads\/2020\/06\/SEMBO-101213-101216-Empires-of-Steel-8.jpg\" alt=\"-\" width=\"790\" height=\"1092\" title=\"-\"><\/p>","protected":false},"excerpt":{"rendered":"<ul>\n<li>Bao g\u1ed3m <strong>957+<\/strong> chi\u1ebfc<\/li>\n<li>S\u00e1ch h\u01b0\u1edbng d\u1eabn s\u1eed d\u1ee5ng<\/li>\n<li>Kh\u1ed1i ABS ch\u1ea5t l\u01b0\u1ee3ng cao<\/li>\n<\/ul>","protected":false},"featured_media":14245,"comment_status":"open","ping_status":"closed","template":"","meta":{"_acf_changed":false},"product_cat":[],"product_tag":[],"class_list":["product","first","instock","shipping-taxable","purchasable","product-type-simple"],"acf":[],"_links":{"self":[{"href":"https:\/\/mouldking.store\/vi\/wp-json\/wp\/v2\/product\/14244","targetHints":{"allow":["GET"]}}],"collection":[{"href":"https:\/\/mouldking.store\/vi\/wp-json\/wp\/v2\/product"}],"about":[{"href":"https:\/\/mouldking.store\/vi\/wp-json\/wp\/v2\/types\/product"}],"replies":[{"embeddable":true,"href":"https:\/\/mouldking.store\/vi\/wp-json\/wp\/v2\/comments?post=14244"}],"wp:featuredmedia":[{"embeddable":true,"href":"https:\/\/mouldking.store\/vi\/wp-json\/wp\/v2\/media\/14245"}],"wp:attachment":[{"href":"https:\/\/mouldking.store\/vi\/wp-json\/wp\/v2\/media?parent=14244"}],"wp:term":[{"taxonomy":"product_cat","embeddable":true,"href":"https:\/\/mouldking.store\/vi\/wp-json\/wp\/v2\/product_cat?post=14244"},{"taxonomy":"product_tag","embeddable":true,"href":"https:\/\/mouldking.store\/vi\/wp-json\/wp\/v2\/product_tag?post=14244"}],"curies":[{"name":"wp","href":"https:\/\/api.w.org\/{rel}","templated":true}]}}