{"id":14409,"date":"2021-09-28T03:06:16","date_gmt":"2021-09-28T03:06:16","guid":{"rendered":"https:\/\/mouldking.store\/product\/xingbao-01020-china-town-chinese-theater-9665127"},"modified":"2024-01-29T10:01:59","modified_gmt":"2024-01-29T03:01:59","slug":"xingbao-01020-china-town-chinese-theater","status":"publish","type":"product","link":"https:\/\/mouldking.store\/vi\/shop\/xingbao-01020-china-town-chinese-theater\/","title":{"rendered":"XINGBAO 01020 China Town: Nh\u00e0 h\u00e1t Trung Qu\u1ed1c"},"content":{"rendered":"<p>China Street: Chinese Theatre (Ph\u1ed1 Trung Qu\u1ed1c: Nh\u00e0 h\u00e1t Trung Hoa) thu\u1ed9c d\u00f2ng m\u00f4 h\u00ecnh n\u00e2ng cao c\u1ee7a b\u1ed9 x\u1ebfp kh\u1ed1i x\u1ebfp h\u00ecnh, tr\u1ecdn b\u1ed9 g\u1ed3m 3820 h\u1ea1t x\u1ebfp kh\u1ed1i x\u1ebfp h\u00ecnh. N\u00f3 \u0111\u01b0\u1ee3c ra m\u1eaft l\u1ea7n \u0111\u1ea7u ti\u00ean v\u00e0o n\u0103m 2018.<\/p>\n<p><img fetchpriority=\"high\" decoding=\"async\" class=\"size-full wp-image-190954 aligncenter\" src=\"https:\/\/pay.lpwstore.com\/wp-content\/uploads\/2020\/06\/XINGBAO-01020-China-Town-Chinese-Theater.jpg\" alt=\"XINGBAO-01020-China-Town-Chinese-Theater\" width=\"800\" height=\"800\" title=\"-\"> <img decoding=\"async\" class=\"size-medium wp-image-190955 aligncenter\" src=\"https:\/\/pay.lpwstore.com\/wp-content\/uploads\/2020\/06\/XINGBAO-01020-China-Town-Chinese-Theater-2.jpg\" alt=\"-\" width=\"800\" height=\"800\" title=\"-\"> <img decoding=\"async\" class=\"size-medium wp-image-190956 aligncenter\" src=\"https:\/\/pay.lpwstore.com\/wp-content\/uploads\/2020\/06\/XINGBAO-01020-China-Town-Chinese-Theater-3.jpg\" alt=\"-\" width=\"800\" height=\"800\" title=\"-\"> <img loading=\"lazy\" decoding=\"async\" class=\"size-medium wp-image-190957 aligncenter\" src=\"https:\/\/pay.lpwstore.com\/wp-content\/uploads\/2020\/06\/XINGBAO-01020-China-Town-Chinese-Theater-4.jpg\" alt=\"-\" width=\"800\" height=\"800\" title=\"-\"> <img loading=\"lazy\" decoding=\"async\" class=\"size-medium wp-image-190958 aligncenter\" src=\"https:\/\/pay.lpwstore.com\/wp-content\/uploads\/2020\/06\/XINGBAO-01020-China-Town-Chinese-Theater-5.jpg\" alt=\"-\" width=\"800\" height=\"800\" title=\"-\"> <img loading=\"lazy\" decoding=\"async\" class=\"size-medium wp-image-190959 aligncenter\" src=\"https:\/\/pay.lpwstore.com\/wp-content\/uploads\/2020\/06\/XINGBAO-01020-China-Town-Chinese-Theater-6.jpg\" alt=\"-\" width=\"800\" height=\"800\" title=\"-\"><\/p>","protected":false},"excerpt":{"rendered":"<ul>\n<li>Bao g\u1ed3m <strong>3820+<\/strong> chi\u1ebfc<\/li>\n<li>S\u00e1ch h\u01b0\u1edbng d\u1eabn s\u1eed d\u1ee5ng<\/li>\n<li>Kh\u1ed1i ABS ch\u1ea5t l\u01b0\u1ee3ng cao<\/li>\n<\/ul>","protected":false},"featured_media":14410,"comment_status":"open","ping_status":"closed","template":"","meta":{"_acf_changed":false},"product_cat":[15],"product_tag":[],"class_list":["product","first","instock","shipping-taxable","purchasable","product-type-simple"],"acf":[],"_links":{"self":[{"href":"https:\/\/mouldking.store\/vi\/wp-json\/wp\/v2\/product\/14409","targetHints":{"allow":["GET"]}}],"collection":[{"href":"https:\/\/mouldking.store\/vi\/wp-json\/wp\/v2\/product"}],"about":[{"href":"https:\/\/mouldking.store\/vi\/wp-json\/wp\/v2\/types\/product"}],"replies":[{"embeddable":true,"href":"https:\/\/mouldking.store\/vi\/wp-json\/wp\/v2\/comments?post=14409"}],"wp:featuredmedia":[{"embeddable":true,"href":"https:\/\/mouldking.store\/vi\/wp-json\/wp\/v2\/media\/14410"}],"wp:attachment":[{"href":"https:\/\/mouldking.store\/vi\/wp-json\/wp\/v2\/media?parent=14409"}],"wp:term":[{"taxonomy":"product_cat","embeddable":true,"href":"https:\/\/mouldking.store\/vi\/wp-json\/wp\/v2\/product_cat?post=14409"},{"taxonomy":"product_tag","embeddable":true,"href":"https:\/\/mouldking.store\/vi\/wp-json\/wp\/v2\/product_tag?post=14409"}],"curies":[{"name":"wp","href":"https:\/\/api.w.org\/{rel}","templated":true}]}}