{"id":14458,"date":"2021-09-28T03:06:55","date_gmt":"2021-09-28T03:06:55","guid":{"rendered":"https:\/\/mouldking.store\/product\/18k-k90-night-king-viserion-ice-dragon-game-of-thrones-by-martin-ot-6347527"},"modified":"2021-12-23T09:54:28","modified_gmt":"2021-12-23T09:54:28","slug":"18k-k90-night-king-viserion-ice-dragon-game-of-thrones-by-martin-ot","status":"publish","type":"product","link":"https:\/\/mouldking.store\/vi\/shop\/18k-k90-night-king-viserion-ice-dragon-game-of-thrones-by-martin-ot\/","title":{"rendered":"18K K90 Night King Viserion Ice Dragon Game of Thrones by Martin Ot"},"content":{"rendered":"<div class=\"richtext_wrap\">\n<div class=\"richtext\">Game of Thrones: Dragon Mom and Drog, Game of Thrones Drogon (Viserion) belong to the building block set of the film and television game series. The whole set contains 1691 building block particles. It will be launched in 2020.<\/div>\n<\/div>\n<p><img fetchpriority=\"high\" decoding=\"async\" class=\"size-full wp-image-191530\" src=\"https:\/\/pay.lpwstore.com\/wp-content\/uploads\/2020\/06\/001600.jpg\" width=\"970\" height=\"545\" alt=\"-\" title=\"-\"> <img decoding=\"async\" class=\"size-full wp-image-191463 aligncenter\" src=\"https:\/\/pay.lpwstore.com\/wp-content\/uploads\/2020\/06\/18K-K89-Night-King-Viserion-Ice-Dragon-Game-of-Thrones-by-Martin-Ot-3.jpg\" alt=\"-\" width=\"800\" height=\"800\" title=\"-\"> <img decoding=\"async\" class=\"size-full wp-image-191462 aligncenter\" src=\"https:\/\/pay.lpwstore.com\/wp-content\/uploads\/2020\/06\/18K-K89-Night-King-Viserion-Ice-Dragon-Game-of-Thrones-by-Martin-Ot-2.jpg\" alt=\"-\" width=\"800\" height=\"800\" title=\"-\"> <img loading=\"lazy\" decoding=\"async\" class=\"size-full wp-image-191461 aligncenter\" src=\"https:\/\/pay.lpwstore.com\/wp-content\/uploads\/2020\/06\/18K-K89-Night-King-Viserion-Ice-Dragon-Game-of-Thrones-by-Martin-Ot.jpg\" alt=\"18K-K89-Night-King-Viserion-Ice-Dragon-Game-of-Thrones-by-Martin-Ot\" width=\"800\" height=\"800\" title=\"-\"><\/p>","protected":false},"excerpt":{"rendered":"<ul>\n<li>Bao g\u1ed3m: <strong>1691+ <\/strong>chi\u1ebfc<\/li>\n<li>D\u1ecbch v\u1ee5: Ph\u1ee5 t\u00f9ng thay th\u1ebf mi\u1ec5n ph\u00ed<\/li>\n<li>L\u01b0u \u00fd: Kh\u00f4ng c\u00f3 h\u1ed9p g\u1ed1c, s\u1eed d\u1ee5ng t\u00fai bong b\u00f3ng ho\u1eb7c h\u1ed9p tr\u1ed1ng.<\/li>\n<\/ul>","protected":false},"featured_media":14459,"comment_status":"open","ping_status":"closed","template":"","meta":{"_acf_changed":false},"product_cat":[],"product_tag":[],"class_list":["product","first","instock","shipping-taxable","purchasable","product-type-simple"],"acf":[],"_links":{"self":[{"href":"https:\/\/mouldking.store\/vi\/wp-json\/wp\/v2\/product\/14458","targetHints":{"allow":["GET"]}}],"collection":[{"href":"https:\/\/mouldking.store\/vi\/wp-json\/wp\/v2\/product"}],"about":[{"href":"https:\/\/mouldking.store\/vi\/wp-json\/wp\/v2\/types\/product"}],"replies":[{"embeddable":true,"href":"https:\/\/mouldking.store\/vi\/wp-json\/wp\/v2\/comments?post=14458"}],"wp:featuredmedia":[{"embeddable":true,"href":"https:\/\/mouldking.store\/vi\/wp-json\/wp\/v2\/media\/14459"}],"wp:attachment":[{"href":"https:\/\/mouldking.store\/vi\/wp-json\/wp\/v2\/media?parent=14458"}],"wp:term":[{"taxonomy":"product_cat","embeddable":true,"href":"https:\/\/mouldking.store\/vi\/wp-json\/wp\/v2\/product_cat?post=14458"},{"taxonomy":"product_tag","embeddable":true,"href":"https:\/\/mouldking.store\/vi\/wp-json\/wp\/v2\/product_tag?post=14458"}],"curies":[{"name":"wp","href":"https:\/\/api.w.org\/{rel}","templated":true}]}}