{"id":14469,"date":"2021-09-28T03:06:59","date_gmt":"2021-09-28T03:06:59","guid":{"rendered":"https:\/\/mouldking.store\/product\/builo-qc006-land-rover-defender-pick-up-6-wheels-flying-huntsman-kahn-design-8054778"},"modified":"2021-12-23T09:54:28","modified_gmt":"2021-12-23T09:54:28","slug":"builo-qc006-land-rover-defender-pick-up-6-wheels-flying-huntsman-kahn-design","status":"publish","type":"product","link":"https:\/\/mouldking.store\/vi\/shop\/builo-qc006-land-rover-defender-pick-up-6-wheels-flying-huntsman-kahn-design\/","title":{"rendered":"BUILO QC006 Land Rover Defender Pick Up 6 Wheels Flying Huntsman Kahn Design"},"content":{"rendered":"<p><strong>CHI TI\u1ebeT S\u1ea2N PH\u1ea8M<\/strong><\/p>\n<p>BUILO QC006 Land Rover Defender Pick Up 6 Wheels Flying Huntsman Kahn Design base on Land Rover Defender Pick Up 6 Wheels Flying Huntsman of Kahn Design.\u00a0 It&#8217;s an awesome Brick set MOC, produced by Lepinworld.<\/p>\n<p>the Mercedes-AMG G63 6&#215;6 for this. That\u2019s not to say the extraordinary factory-built off-roader started the 6&#215;6 trend, but it certainly gave tough truck enthusiasts an extra push to build a six-wheelers out of just about everything. The latest mega-monster is this highly custom 2017 Land Rover Defender \u2013 a machine already well-suited for tackling the road less traveled. Built as a pickup truck by Chelsea Truck Company, this Flying Huntsman 6&#215;6 is actually for sale and can be yours for the modest price of \u00a3279,999. That\u2019s roughly $348,230 in U.S. currency, which is about as modest as, well, this truck.<\/p>\n<figure id=\"attachment_191448\" aria-describedby=\"caption-attachment-191448\" style=\"width: 1020px\" class=\"wp-caption alignnone\"><img fetchpriority=\"high\" decoding=\"async\" class=\"size-large wp-image-191448\" src=\"https:\/\/pay.lpwstore.com\/wp-content\/uploads\/2020\/06\/BUILO-QC006-Land-Rover-Defender-Pick-Up-6-Wheels-Flying-Huntsman-Kahn-Design-3-1024x995.png\" alt=\"-\" width=\"1020\" height=\"991\" title=\"-\"><figcaption id=\"caption-attachment-191448\" class=\"wp-caption-text\">BUILO QC006 Land Rover Defender Pick Up 6 Wheels Flying Huntsman Kahn Design<\/figcaption><\/figure>\n<figure id=\"attachment_191447\" aria-describedby=\"caption-attachment-191447\" style=\"width: 1020px\" class=\"wp-caption alignnone\"><img decoding=\"async\" class=\"size-large wp-image-191447\" src=\"https:\/\/pay.lpwstore.com\/wp-content\/uploads\/2020\/06\/BUILO-QC006-Land-Rover-Defender-Pick-Up-6-Wheels-Flying-Huntsman-Kahn-Design-2-1024x491.png\" alt=\"-\" width=\"1020\" height=\"489\" title=\"-\"><figcaption id=\"caption-attachment-191447\" class=\"wp-caption-text\">BUILO QC006 Land Rover Defender Pick Up 6 Wheels Flying Huntsman Kahn Design<\/figcaption><\/figure>\n<figure id=\"attachment_191449\" aria-describedby=\"caption-attachment-191449\" style=\"width: 1020px\" class=\"wp-caption alignnone\"><img decoding=\"async\" class=\"size-large wp-image-191449\" src=\"https:\/\/pay.lpwstore.com\/wp-content\/uploads\/2020\/06\/BUILO-QC006-Land-Rover-Defender-Pick-Up-6-Wheels-Flying-Huntsman-Kahn-Design-4-1024x791.png\" alt=\"-\" width=\"1020\" height=\"788\" title=\"-\"><figcaption id=\"caption-attachment-191449\" class=\"wp-caption-text\">BUILO QC006 Land Rover Defender Pick Up 6 Wheels Flying Huntsman Kahn Design<\/figcaption><\/figure>\n<ul>\n<li>+ 2911\u00a0 pieces made from high-quality 100% ABS plastic bricks, safe for children, long time to play, 100% compatible with other brick brands<\/li>\n<li>Inlcude some Chome parts, with changing coloer from Green to Grey Titan<\/li>\n<li><span style=\"font-size: 14.4px;\">Easy-to-build with manual instruction of IMV 42010 Land Rover Defender Half-Track by Prinoth <\/span><span style=\"font-size: 14.4px; color: #555555;\">v\u1edbi g\u1ea1ch b\u1eb1ng g\u1ea1ch h\u01b0\u1edbng d\u1eabn v\u00e0 h\u00ecnh \u1ea3nh ch\u1ea5t l\u01b0\u1ee3ng cao<\/span><\/li>\n<li><span style=\"font-size: 14.4px;\">Full dimensions of BUILO QC006 Land Rover Defender Pick Up 6 Wheels Flying Huntsman Kahn Design: 25cm high x 51cm long<\/span><\/li>\n<\/ul>\n<h4><strong>GIAO H\u00c0NG V\u00c0 TR\u1ea2 L\u1ea0I<\/strong><\/h4>\n<p>We guarantee for BUILO QC006 Land Rover Defender Pick Up 6 Wheels Flying Huntsman Kahn Design<\/p>\n<ul>\n<li>Ho\u00e0n tr\u1ea3 \u0111\u1ea7y \u0111\u1ee7 n\u1ebfu kh\u00f4ng nh\u1eadn \u0111\u01b0\u1ee3c \u0111\u01a1n \u0111\u1eb7t h\u00e0ng c\u1ee7a b\u1ea1n<\/li>\n<li>Cung c\u1ea5p mi\u1ec5n ph\u00ed c\u00e1c ph\u1ea7n c\u00f2n thi\u1ebfu ho\u1eb7c s\u00e1ch h\u01b0\u1edbng d\u1eabn<\/li>\n<li>Kh\u00e1ch h\u00e0ng s\u1ebd kh\u00f4ng ph\u1ea3i tr\u1ea3 th\u00eam ti\u1ec1n thu\u1ebf v\u00e0 l\u1ec7 ph\u00ed h\u1ea3i quan. (N\u1ebfu b\u1ea1n ph\u1ea3i tr\u1ea3 ti\u1ec1n, ch\u00fang t\u00f4i s\u1ebd ho\u00e0n l\u1ea1i ti\u1ec1n cho b\u1ea1n)<\/li>\n<li>V\u1eadn chuy\u1ec3n qu\u1ed1c t\u1ebf kh\u00e1 ph\u1ee9c t\u1ea1p, ch\u00fang t\u00f4i c\u1ed1 g\u1eafng h\u1ebft s\u1ee9c \u0111\u1ec3 x\u1eed l\u00fd t\u1ea5t c\u1ea3 c\u00e1c v\u1ea5n \u0111\u1ec1 c\u1ee7a b\u1ea1n. Tuy nhi\u00ean, n\u1ebfu \u0111\u01a1n \u0111\u1eb7t h\u00e0ng c\u1ee7a b\u1ea1n g\u1eb7p m\u1ed9t s\u1ed1 r\u1eafc r\u1ed1i, vui l\u00f2ng li\u00ean h\u1ec7 v\u1edbi ch\u00fang t\u00f4i qua email<\/li>\n<li><span data-text-color=\"alert\"><strong>H\u1ee7y \u0111\u01a1n h\u00e0ng:<\/strong><\/span> N\u1ebfu c\u1ea7n h\u1ee7y \u0111\u01a1n h\u00e0ng, b\u1ea1n c\u1ea7n li\u00ean h\u1ec7 v\u1edbi ch\u00fang t\u00f4i qua email contact@pay.lpwstore.com c\u00e0ng s\u1edbm c\u00e0ng t\u1ed1t. Ch\u00fang t\u00f4i kh\u00f4ng th\u1ec3 d\u1eebng \u0111\u1eb7t h\u00e0ng cho \u0111\u1ebfn 48 gi\u1edd<\/li>\n<\/ul>\n<h4><strong>NH\u1eeeNG PH\u1ea6N C\u00d2N THI\u1ebeU<\/strong><\/h4>\n<p>All parts of BUILO QC006 Land Rover Defender Pick Up 6 Wheels Flying Huntsman Kahn Design \u00a0are quality checked before shipping, so if you find some missing or damaged parts, don&#8217;t worry. Please contact us and we will send them to you without any fees, or we will offer a small refund for you to buy in other places.<\/p>\n<figure id=\"attachment_191446\" aria-describedby=\"caption-attachment-191446\" style=\"width: 1020px\" class=\"wp-caption alignnone\"><img loading=\"lazy\" decoding=\"async\" class=\"size-large wp-image-191446\" src=\"https:\/\/pay.lpwstore.com\/wp-content\/uploads\/2020\/06\/BUILO-QC006-Land-Rover-Defender-Pick-Up-6-Wheels-Flying-Huntsman-Kahn-Design-1-1024x984.png\" alt=\"-\" width=\"1020\" height=\"980\" title=\"-\"><figcaption id=\"caption-attachment-191446\" class=\"wp-caption-text\">BUILO QC006 Land Rover Defender Pick Up 6 Wheels Flying Huntsman Kahn Design<\/figcaption><\/figure>\n<div id=\"gtx-trans\" style=\"position: absolute; left: 549px; top: 34.5195px;\">\n<div class=\"gtx-trans-icon\"><\/div>\n<\/div>","protected":false},"excerpt":{"rendered":"<h3><span data-text-color=\"alert\"><strong>AVAILABLE IN AUGUST 2020 &#8211; NO MOTOR VERSION<\/strong><\/span><\/h3>\n<ul>\n<li>S\u1ed1 l\u01b0\u1ee3ng g\u1ea1ch:<strong> +2911 <\/strong>chi\u1ebfc<\/li>\n<li>D\u1ecbch v\u1ee5: Ph\u1ee5 t\u00f9ng thay th\u1ebf mi\u1ec5n ph\u00ed<\/li>\n<li>L\u01b0u \u00fd: Kh\u00f4ng c\u00f3 h\u1ed9p g\u1ed1c, s\u1eed d\u1ee5ng t\u00fai bong b\u00f3ng ho\u1eb7c h\u1ed9p tr\u1ed1ng.<\/li>\n<\/ul>","protected":false},"featured_media":14470,"comment_status":"open","ping_status":"closed","template":"","meta":{"_acf_changed":false},"product_cat":[],"product_tag":[],"class_list":["product","first","instock","shipping-taxable","purchasable","product-type-simple"],"acf":[],"_links":{"self":[{"href":"https:\/\/mouldking.store\/vi\/wp-json\/wp\/v2\/product\/14469","targetHints":{"allow":["GET"]}}],"collection":[{"href":"https:\/\/mouldking.store\/vi\/wp-json\/wp\/v2\/product"}],"about":[{"href":"https:\/\/mouldking.store\/vi\/wp-json\/wp\/v2\/types\/product"}],"replies":[{"embeddable":true,"href":"https:\/\/mouldking.store\/vi\/wp-json\/wp\/v2\/comments?post=14469"}],"wp:featuredmedia":[{"embeddable":true,"href":"https:\/\/mouldking.store\/vi\/wp-json\/wp\/v2\/media\/14470"}],"wp:attachment":[{"href":"https:\/\/mouldking.store\/vi\/wp-json\/wp\/v2\/media?parent=14469"}],"wp:term":[{"taxonomy":"product_cat","embeddable":true,"href":"https:\/\/mouldking.store\/vi\/wp-json\/wp\/v2\/product_cat?post=14469"},{"taxonomy":"product_tag","embeddable":true,"href":"https:\/\/mouldking.store\/vi\/wp-json\/wp\/v2\/product_tag?post=14469"}],"curies":[{"name":"wp","href":"https:\/\/api.w.org\/{rel}","templated":true}]}}