{"id":14481,"date":"2021-09-28T03:07:08","date_gmt":"2021-09-28T03:07:08","guid":{"rendered":"https:\/\/mouldking.store\/product\/qizhile-90008-soccer-field-modular-building-6180505"},"modified":"2021-12-23T09:54:28","modified_gmt":"2021-12-23T09:54:28","slug":"qizhile-90008-soccer-field-modular-building","status":"publish","type":"product","link":"https:\/\/mouldking.store\/vi\/shop\/qizhile-90008-soccer-field-modular-building\/","title":{"rendered":"QIZHILE 90008 SOCCER FIELD T\u00f2a nh\u00e0 m\u00f4-\u0111un"},"content":{"rendered":"<p>The soccer field (SOCCER FIELD) belongs to the advanced model series of building block sets. The entire set contains 4654 building block particles.\u00a0It will be launched in 2020.<\/p>\n<p><img fetchpriority=\"high\" decoding=\"async\" class=\"size-full wp-image-191480 aligncenter\" src=\"https:\/\/pay.lpwstore.com\/wp-content\/uploads\/2020\/06\/QIZHILE-90008-SOCCER-FIELD-Modular-Building.jpg\" alt=\"QIZHILE-90008-SOCCER-FIELD-Modular-Building\" width=\"800\" height=\"2459\" title=\"-\"><\/p>","protected":false},"excerpt":{"rendered":"<ul>\n<li>Bao g\u1ed3m <strong>4654+<\/strong> chi\u1ebfc<\/li>\n<li>S\u00e1ch h\u01b0\u1edbng d\u1eabn s\u1eed d\u1ee5ng<\/li>\n<li>Kh\u1ed1i ABS ch\u1ea5t l\u01b0\u1ee3ng cao<\/li>\n<\/ul>","protected":false},"featured_media":14482,"comment_status":"open","ping_status":"closed","template":"","meta":{"_acf_changed":false},"product_cat":[390],"product_tag":[],"class_list":["product","first","instock","shipping-taxable","purchasable","product-type-simple"],"acf":[],"_links":{"self":[{"href":"https:\/\/mouldking.store\/vi\/wp-json\/wp\/v2\/product\/14481","targetHints":{"allow":["GET"]}}],"collection":[{"href":"https:\/\/mouldking.store\/vi\/wp-json\/wp\/v2\/product"}],"about":[{"href":"https:\/\/mouldking.store\/vi\/wp-json\/wp\/v2\/types\/product"}],"replies":[{"embeddable":true,"href":"https:\/\/mouldking.store\/vi\/wp-json\/wp\/v2\/comments?post=14481"}],"wp:featuredmedia":[{"embeddable":true,"href":"https:\/\/mouldking.store\/vi\/wp-json\/wp\/v2\/media\/14482"}],"wp:attachment":[{"href":"https:\/\/mouldking.store\/vi\/wp-json\/wp\/v2\/media?parent=14481"}],"wp:term":[{"taxonomy":"product_cat","embeddable":true,"href":"https:\/\/mouldking.store\/vi\/wp-json\/wp\/v2\/product_cat?post=14481"},{"taxonomy":"product_tag","embeddable":true,"href":"https:\/\/mouldking.store\/vi\/wp-json\/wp\/v2\/product_tag?post=14481"}],"curies":[{"name":"wp","href":"https:\/\/api.w.org\/{rel}","templated":true}]}}