{"id":14491,"date":"2021-09-28T03:07:21","date_gmt":"2021-09-28T03:07:21","guid":{"rendered":"https:\/\/mouldking.store\/product\/xingbao-xb-06020-aircraft-carrier-001a-battleship-4984256"},"modified":"2023-02-10T04:00:31","modified_gmt":"2023-02-09T21:00:31","slug":"xingbao-xb-06020-aircraft-carrier-001a-battleship","status":"publish","type":"product","link":"https:\/\/mouldking.store\/vi\/shop\/xingbao-xb-06020-aircraft-carrier-001a-battleship\/","title":{"rendered":"T\u00e0u s\u00e2n bay XINGBAO XB-06020 T\u00e0u s\u00e2n bay 001A"},"content":{"rendered":"<p><span>T\u00e0u s\u00e2n bay 001A l\u00e0 t\u00e0u s\u00e2n bay t\u1ef1 \u0111\u00f3ng m\u1edbi \u0111\u1ea7u ti\u00ean c\u1ee7a Trung Qu\u1ed1c. D\u1ef1a tr\u00ean nghi\u00ean c\u1ee9u t\u00e0u s\u00e2n bay l\u1edbp Kuznetsov c\u1ee7a Li\u00ean X\u00f4 c\u0169 v\u00e0 t\u00e0u s\u00e2n bay Li\u00eau Ninh c\u1ee7a Trung Qu\u1ed1c, do Trung Qu\u1ed1c t\u1ef1 ph\u00e1t tri\u1ec3n v\u00e0 c\u1ea3i ti\u1ebfn. N\u00f3 l\u00e0 chi\u1ebfc m\u00e1y bay s\u1ea3n xu\u1ea5t n\u1ed9i \u0111\u1ecba \u0111\u1ea7u ti\u00ean theo \u0111\u00fang ngh\u0129a c\u1ee7a Trung Qu\u1ed1c. t\u00e0u s\u00e2n bay.\u00a0<\/span><span>S\u1ea3n ph\u1ea9m \u0111\u01b0\u1ee3c t\u1ea1o ra v\u1edbi t\u1ef7 l\u1ec7 1:525, gi\u00fap kh\u00f4i ph\u1ee5c cao c\u00e1c \u0111\u1eb7c \u0111i\u1ec3m c\u1ee7a t\u00e0u s\u00e2n bay, v\u1edbi kh\u1ea3 n\u0103ng c\u01a1 \u0111\u1ed9ng m\u1ea1nh m\u1ebd v\u00e0 v\u1ebb ngo\u00e0i tinh t\u1ebf.<\/span><\/p>\n<p><img fetchpriority=\"high\" decoding=\"async\" class=\"size-full wp-image-191545 aligncenter\" src=\"https:\/\/pay.lpwstore.com\/wp-content\/uploads\/2020\/06\/XINGBAO-XB-06020-Aircraft-Carrier-001A-Battleship.jpg\" alt=\"XINGBAO-XB-06020-Aircraft-Carrier-001A-Battleship\" width=\"800\" height=\"800\" title=\"-\"> <img decoding=\"async\" class=\"size-full wp-image-191546 aligncenter\" src=\"https:\/\/pay.lpwstore.com\/wp-content\/uploads\/2020\/06\/XINGBAO-XB-06020-Aircraft-Carrier-001A-Battleship-2.jpg\" alt=\"-\" width=\"800\" height=\"800\" title=\"-\"> <img decoding=\"async\" class=\"size-full wp-image-191547 aligncenter\" src=\"https:\/\/pay.lpwstore.com\/wp-content\/uploads\/2020\/06\/XINGBAO-XB-06020-Aircraft-Carrier-001A-Battleship-3.jpg\" alt=\"-\" width=\"800\" height=\"800\" title=\"-\"> <img loading=\"lazy\" decoding=\"async\" class=\"size-full wp-image-191548 aligncenter\" src=\"https:\/\/pay.lpwstore.com\/wp-content\/uploads\/2020\/06\/XINGBAO-XB-06020-Aircraft-Carrier-001A-Battleship-4.jpg\" alt=\"-\" width=\"800\" height=\"800\" title=\"-\"><\/p>","protected":false},"excerpt":{"rendered":"<ul>\n<li>Bao g\u1ed3m <strong>1379+<\/strong> chi\u1ebfc<\/li>\n<li>S\u00e1ch h\u01b0\u1edbng d\u1eabn s\u1eed d\u1ee5ng<\/li>\n<li>Kh\u1ed1i ABS ch\u1ea5t l\u01b0\u1ee3ng cao<\/li>\n<\/ul>","protected":false},"featured_media":14492,"comment_status":"open","ping_status":"closed","template":"","meta":{"_acf_changed":false},"product_cat":[],"product_tag":[],"class_list":["product","first","instock","shipping-taxable","purchasable","product-type-simple"],"acf":[],"_links":{"self":[{"href":"https:\/\/mouldking.store\/vi\/wp-json\/wp\/v2\/product\/14491","targetHints":{"allow":["GET"]}}],"collection":[{"href":"https:\/\/mouldking.store\/vi\/wp-json\/wp\/v2\/product"}],"about":[{"href":"https:\/\/mouldking.store\/vi\/wp-json\/wp\/v2\/types\/product"}],"replies":[{"embeddable":true,"href":"https:\/\/mouldking.store\/vi\/wp-json\/wp\/v2\/comments?post=14491"}],"wp:featuredmedia":[{"embeddable":true,"href":"https:\/\/mouldking.store\/vi\/wp-json\/wp\/v2\/media\/14492"}],"wp:attachment":[{"href":"https:\/\/mouldking.store\/vi\/wp-json\/wp\/v2\/media?parent=14491"}],"wp:term":[{"taxonomy":"product_cat","embeddable":true,"href":"https:\/\/mouldking.store\/vi\/wp-json\/wp\/v2\/product_cat?post=14491"},{"taxonomy":"product_tag","embeddable":true,"href":"https:\/\/mouldking.store\/vi\/wp-json\/wp\/v2\/product_tag?post=14491"}],"curies":[{"name":"wp","href":"https:\/\/api.w.org\/{rel}","templated":true}]}}