{"id":14593,"date":"2021-09-28T03:08:54","date_gmt":"2021-09-28T03:08:54","guid":{"rendered":"https:\/\/mouldking.store\/product\/cada-c51021-world-war-ii-military-three-wheeled-motorcycle-6971179"},"modified":"2022-04-26T15:00:22","modified_gmt":"2022-04-26T08:00:22","slug":"cada-c51021-world-war-ii-military-three-wheeled-motorcycle","status":"publish","type":"product","link":"https:\/\/mouldking.store\/vi\/shop\/cada-c51021-world-war-ii-military-three-wheeled-motorcycle\/","title":{"rendered":"CADA C51021 Xe m\u00e1y ba b\u00e1nh qu\u00e2n s\u1ef1 trong Th\u1ebf chi\u1ebfn II"},"content":{"rendered":"<p>World War II Military Motorcycle (World War II Military Motorcycle) belongs to the mechanical building block building block set, the entire set contains 629 building block particles.\u00a0It was first launched in 2018.<\/p>\n<p><img fetchpriority=\"high\" decoding=\"async\" class=\"size-full wp-image-191901 aligncenter\" src=\"https:\/\/pay.lpwstore.com\/wp-content\/uploads\/2020\/06\/CADA-C51021-World-War-II-Military-Three-Wheeled-Motorcycle.jpg\" alt=\"CADA-C51021-World-War-II-Military-Three-Wheeled-Motorcycle\" width=\"800\" height=\"800\" title=\"-\"> <img decoding=\"async\" class=\"size-full wp-image-191904 aligncenter\" src=\"https:\/\/pay.lpwstore.com\/wp-content\/uploads\/2020\/06\/CADA-C51021-World-War-II-Military-Three-Wheeled-Motorcycle-4.jpg\" alt=\"-\" width=\"800\" height=\"800\" title=\"-\"> <img decoding=\"async\" class=\"size-full wp-image-191903 aligncenter\" src=\"https:\/\/pay.lpwstore.com\/wp-content\/uploads\/2020\/06\/CADA-C51021-World-War-II-Military-Three-Wheeled-Motorcycle-3.jpg\" alt=\"-\" width=\"800\" height=\"800\" title=\"-\"> <img loading=\"lazy\" decoding=\"async\" class=\"size-full wp-image-191902 aligncenter\" src=\"https:\/\/pay.lpwstore.com\/wp-content\/uploads\/2020\/06\/CADA-C51021-World-War-II-Military-Three-Wheeled-Motorcycle-2.jpg\" alt=\"-\" width=\"800\" height=\"800\" title=\"-\"><\/p>","protected":false},"excerpt":{"rendered":"<ul>\n<li>Bao g\u1ed3m <strong>629+<\/strong> chi\u1ebfc<\/li>\n<li>S\u00e1ch h\u01b0\u1edbng d\u1eabn s\u1eed d\u1ee5ng<\/li>\n<li>Kh\u1ed1i ABS ch\u1ea5t l\u01b0\u1ee3ng cao<\/li>\n<\/ul>","protected":false},"featured_media":14594,"comment_status":"open","ping_status":"closed","template":"","meta":{"_acf_changed":false},"product_cat":[372],"product_tag":[],"class_list":["product","first","instock","shipping-taxable","purchasable","product-type-simple"],"acf":[],"_links":{"self":[{"href":"https:\/\/mouldking.store\/vi\/wp-json\/wp\/v2\/product\/14593","targetHints":{"allow":["GET"]}}],"collection":[{"href":"https:\/\/mouldking.store\/vi\/wp-json\/wp\/v2\/product"}],"about":[{"href":"https:\/\/mouldking.store\/vi\/wp-json\/wp\/v2\/types\/product"}],"replies":[{"embeddable":true,"href":"https:\/\/mouldking.store\/vi\/wp-json\/wp\/v2\/comments?post=14593"}],"wp:featuredmedia":[{"embeddable":true,"href":"https:\/\/mouldking.store\/vi\/wp-json\/wp\/v2\/media\/14594"}],"wp:attachment":[{"href":"https:\/\/mouldking.store\/vi\/wp-json\/wp\/v2\/media?parent=14593"}],"wp:term":[{"taxonomy":"product_cat","embeddable":true,"href":"https:\/\/mouldking.store\/vi\/wp-json\/wp\/v2\/product_cat?post=14593"},{"taxonomy":"product_tag","embeddable":true,"href":"https:\/\/mouldking.store\/vi\/wp-json\/wp\/v2\/product_tag?post=14593"}],"curies":[{"name":"wp","href":"https:\/\/api.w.org\/{rel}","templated":true}]}}