{"id":14617,"date":"2021-09-28T03:09:22","date_gmt":"2021-09-28T03:09:22","guid":{"rendered":"https:\/\/mouldking.store\/product\/sembo-107007-wandering-earth-cn171-troop-carrier-military-truck-3270907"},"modified":"2021-12-23T09:54:27","modified_gmt":"2021-12-23T09:54:27","slug":"sembo-107007-wandering-earth-cn171-troop-carrier-military-truck","status":"publish","type":"product","link":"https:\/\/mouldking.store\/vi\/shop\/sembo-107007-wandering-earth-cn171-troop-carrier-military-truck\/","title":{"rendered":"SEMBO 107007 Lang thang Tr\u00e1i \u0111\u1ea5t CN171 Xe t\u1ea3i qu\u00e2n s\u1ef1 ch\u1edf qu\u00e2n"},"content":{"rendered":"<p>Lang Thang Tr\u00e1i \u0110\u1ea5t: CN171 Xe T\u1ea3i Qu\u00e2n S\u1ef1 thu\u1ed9c b\u1ed9 x\u00e2y d\u1ef1ng kh\u1ed1i c\u1ee7a lo\u1ea1t phim v\u00e0 tr\u00f2 ch\u01a1i truy\u1ec1n h\u00ecnh. To\u00e0n b\u1ed9 ch\u1ee9a 1925 h\u1ea1t kh\u1ed1i x\u00e2y d\u1ef1ng. N\u00f3 \u0111\u01b0\u1ee3c ra m\u1eaft v\u00e0o n\u0103m 2019.<\/p>\n<p><img fetchpriority=\"high\" decoding=\"async\" class=\"size-full wp-image-191939 aligncenter\" src=\"https:\/\/pay.lpwstore.com\/wp-content\/uploads\/2020\/06\/SEMBO-107007-Wandering-Earth-CN171-Troop-Carrier-Military-Truck-3.jpg\" alt=\"-\" width=\"780\" height=\"916\" title=\"-\"> <img decoding=\"async\" class=\"size-full wp-image-191940 aligncenter\" src=\"https:\/\/pay.lpwstore.com\/wp-content\/uploads\/2020\/06\/SEMBO-107007-Wandering-Earth-CN171-Troop-Carrier-Military-Truck-4.jpg\" alt=\"-\" width=\"800\" height=\"800\" title=\"-\"> <img decoding=\"async\" class=\"size-full wp-image-191941 aligncenter\" src=\"https:\/\/pay.lpwstore.com\/wp-content\/uploads\/2020\/06\/SEMBO-107007-Wandering-Earth-CN171-Troop-Carrier-Military-Truck-5.jpg\" alt=\"-\" width=\"800\" height=\"800\" title=\"-\"> <img loading=\"lazy\" decoding=\"async\" class=\"size-full wp-image-191938 aligncenter\" src=\"https:\/\/pay.lpwstore.com\/wp-content\/uploads\/2020\/06\/SEMBO-107007-Wandering-Earth-CN171-Troop-Carrier-Military-Truck-2.jpg\" alt=\"-\" width=\"800\" height=\"800\" title=\"-\"><\/p>","protected":false},"excerpt":{"rendered":"<ul>\n<li>Bao g\u1ed3m <strong>1925+<\/strong> chi\u1ebfc<\/li>\n<li>S\u00e1ch h\u01b0\u1edbng d\u1eabn s\u1eed d\u1ee5ng<\/li>\n<li>Kh\u1ed1i ABS ch\u1ea5t l\u01b0\u1ee3ng cao<\/li>\n<\/ul>","protected":false},"featured_media":14618,"comment_status":"open","ping_status":"closed","template":"","meta":{"_acf_changed":false},"product_cat":[372],"product_tag":[],"class_list":["product","first","instock","shipping-taxable","purchasable","product-type-simple"],"acf":[],"_links":{"self":[{"href":"https:\/\/mouldking.store\/vi\/wp-json\/wp\/v2\/product\/14617","targetHints":{"allow":["GET"]}}],"collection":[{"href":"https:\/\/mouldking.store\/vi\/wp-json\/wp\/v2\/product"}],"about":[{"href":"https:\/\/mouldking.store\/vi\/wp-json\/wp\/v2\/types\/product"}],"replies":[{"embeddable":true,"href":"https:\/\/mouldking.store\/vi\/wp-json\/wp\/v2\/comments?post=14617"}],"wp:featuredmedia":[{"embeddable":true,"href":"https:\/\/mouldking.store\/vi\/wp-json\/wp\/v2\/media\/14618"}],"wp:attachment":[{"href":"https:\/\/mouldking.store\/vi\/wp-json\/wp\/v2\/media?parent=14617"}],"wp:term":[{"taxonomy":"product_cat","embeddable":true,"href":"https:\/\/mouldking.store\/vi\/wp-json\/wp\/v2\/product_cat?post=14617"},{"taxonomy":"product_tag","embeddable":true,"href":"https:\/\/mouldking.store\/vi\/wp-json\/wp\/v2\/product_tag?post=14617"}],"curies":[{"name":"wp","href":"https:\/\/api.w.org\/{rel}","templated":true}]}}