{"id":14622,"date":"2021-09-28T03:09:26","date_gmt":"2021-09-27T20:09:26","guid":{"rendered":"https:\/\/mouldking.store\/product\/panlos-613002-lunatic-hospital-modular-building-3110694"},"modified":"2023-05-19T15:00:53","modified_gmt":"2023-05-19T08:00:53","slug":"panlos-613002-lunatic-hospital-modular-building","status":"publish","type":"product","link":"https:\/\/mouldking.store\/vi\/shop\/panlos-613002-lunatic-hospital-modular-building\/","title":{"rendered":"PANLOS 613002 T\u00f2a nh\u00e0 m\u00f4-\u0111un B\u1ec7nh vi\u1ec7n Lunatic"},"content":{"rendered":"<p>B\u1ec7nh vi\u1ec7n Lunatic thu\u1ed9c chu\u1ed7i m\u00f4 h\u00ecnh kh\u1ed1i x\u00e2y d\u1ef1ng ti\u00ean ti\u1ebfn. To\u00e0n b\u1ed9 ch\u1ee9a 7527 h\u1ea1t kh\u1ed1i x\u00e2y d\u1ef1ng. N\u00f3 s\u1ebd \u0111\u01b0\u1ee3c ra m\u1eaft v\u00e0o n\u0103m 2020.<\/p>\n<p><img fetchpriority=\"high\" decoding=\"async\" class=\"size-full wp-image-191955 aligncenter\" src=\"https:\/\/pay.lpwstore.com\/wp-content\/uploads\/2020\/06\/PANLOS-613002-Lunatic-Hospital-Modular-Building2-scaled.jpg\" alt=\"PANLOS-613002-Lunatic-Hospital-Modular-Building2\" width=\"707\" height=\"2560\" title=\"-\"><\/p>","protected":false},"excerpt":{"rendered":"<ul>\n<li>Bao g\u1ed3m <strong>7527+<\/strong> chi\u1ebfc<\/li>\n<li>S\u00e1ch h\u01b0\u1edbng d\u1eabn s\u1eed d\u1ee5ng<\/li>\n<li>Kh\u1ed1i ABS ch\u1ea5t l\u01b0\u1ee3ng cao<\/li>\n<\/ul>","protected":false},"author":1,"featured_media":14623,"comment_status":"open","ping_status":"closed","template":"","meta":{"_acf_changed":false},"product_cat":[390],"product_tag":[],"class_list":["product","first","instock","shipping-taxable","purchasable","product-type-simple"],"acf":[],"_links":{"self":[{"href":"https:\/\/mouldking.store\/vi\/wp-json\/wp\/v2\/product\/14622","targetHints":{"allow":["GET"]}}],"collection":[{"href":"https:\/\/mouldking.store\/vi\/wp-json\/wp\/v2\/product"}],"about":[{"href":"https:\/\/mouldking.store\/vi\/wp-json\/wp\/v2\/types\/product"}],"author":[{"embeddable":true,"href":"https:\/\/mouldking.store\/vi\/wp-json\/wp\/v2\/users\/1"}],"replies":[{"embeddable":true,"href":"https:\/\/mouldking.store\/vi\/wp-json\/wp\/v2\/comments?post=14622"}],"wp:featuredmedia":[{"embeddable":true,"href":"https:\/\/mouldking.store\/vi\/wp-json\/wp\/v2\/media\/14623"}],"wp:attachment":[{"href":"https:\/\/mouldking.store\/vi\/wp-json\/wp\/v2\/media?parent=14622"}],"wp:term":[{"taxonomy":"product_cat","embeddable":true,"href":"https:\/\/mouldking.store\/vi\/wp-json\/wp\/v2\/product_cat?post=14622"},{"taxonomy":"product_tag","embeddable":true,"href":"https:\/\/mouldking.store\/vi\/wp-json\/wp\/v2\/product_tag?post=14622"}],"curies":[{"name":"wp","href":"https:\/\/api.w.org\/{rel}","templated":true}]}}