{"id":14674,"date":"2021-09-28T03:09:43","date_gmt":"2021-09-27T20:09:43","guid":{"rendered":"https:\/\/mouldking.store\/product\/18k-k101-winterfell-castle-game-of-thrones-movie-8493943"},"modified":"2022-12-14T15:34:58","modified_gmt":"2022-12-14T08:34:58","slug":"18k-k101-winterfell-castle-game-of-thrones-movie","status":"publish","type":"product","link":"https:\/\/mouldking.store\/vi\/shop\/18k-k101-winterfell-castle-game-of-thrones-movie\/","title":{"rendered":"Phim Tr\u00f2 ch\u01a1i V\u01b0\u01a1ng quy\u1ec1n L\u00e2u \u0111\u00e0i Winterfell 18K K101"},"content":{"rendered":"<p>Game of Thrones: Winterfell (Game of Thrones: Winterfell) belongs to the building block set of the film and television game series. The whole set contains 2217 building block particles.\u00a0It will be launched in 2020.<\/p>\n<p><img fetchpriority=\"high\" decoding=\"async\" class=\"wp-image-191981 aligncenter\" src=\"https:\/\/pay.lpwstore.com\/wp-content\/uploads\/2020\/06\/18K-K101-Winterfell-Castle-Game-of-Thrones-Movie-6-scaled.jpg\" alt=\"18K-K101-Winterfell-Castle-Game-of-Thrones-Movie-6\" width=\"458\" height=\"3519\" title=\"-\"><\/p>","protected":false},"excerpt":{"rendered":"<ul>\n<li>Bao g\u1ed3m <strong>2217+<\/strong> chi\u1ebfc<\/li>\n<li>S\u00e1ch h\u01b0\u1edbng d\u1eabn s\u1eed d\u1ee5ng<\/li>\n<li>Kh\u1ed1i ABS ch\u1ea5t l\u01b0\u1ee3ng cao<\/li>\n<li>kh\u00f4ng c\u00f3 r\u1ed3ng<\/li>\n<\/ul>","protected":false},"featured_media":14675,"comment_status":"open","ping_status":"closed","template":"","meta":{"_acf_changed":false},"product_cat":[581],"product_tag":[],"class_list":["product","first","outofstock","shipping-taxable","purchasable","product-type-simple"],"acf":[],"_links":{"self":[{"href":"https:\/\/mouldking.store\/vi\/wp-json\/wp\/v2\/product\/14674","targetHints":{"allow":["GET"]}}],"collection":[{"href":"https:\/\/mouldking.store\/vi\/wp-json\/wp\/v2\/product"}],"about":[{"href":"https:\/\/mouldking.store\/vi\/wp-json\/wp\/v2\/types\/product"}],"replies":[{"embeddable":true,"href":"https:\/\/mouldking.store\/vi\/wp-json\/wp\/v2\/comments?post=14674"}],"wp:featuredmedia":[{"embeddable":true,"href":"https:\/\/mouldking.store\/vi\/wp-json\/wp\/v2\/media\/14675"}],"wp:attachment":[{"href":"https:\/\/mouldking.store\/vi\/wp-json\/wp\/v2\/media?parent=14674"}],"wp:term":[{"taxonomy":"product_cat","embeddable":true,"href":"https:\/\/mouldking.store\/vi\/wp-json\/wp\/v2\/product_cat?post=14674"},{"taxonomy":"product_tag","embeddable":true,"href":"https:\/\/mouldking.store\/vi\/wp-json\/wp\/v2\/product_tag?post=14674"}],"curies":[{"name":"wp","href":"https:\/\/api.w.org\/{rel}","templated":true}]}}