{"id":14703,"date":"2021-09-28T03:10:04","date_gmt":"2021-09-27T20:10:04","guid":{"rendered":"https:\/\/mouldking.store\/product\/sembo-203307-aerospace-cryogenic-liquid-bundling-carrier-rocket-space-flight-7256823"},"modified":"2023-06-12T10:05:15","modified_gmt":"2023-06-12T03:05:15","slug":"sembo-203307-aerospace-cryogenic-liquid-bundling-carrier-rocket-space-flight","status":"publish","type":"product","link":"https:\/\/mouldking.store\/vi\/shop\/sembo-203307-aerospace-cryogenic-liquid-bundling-carrier-rocket-space-flight\/","title":{"rendered":"SEMBO 203307 G\u00f3i ch\u1ea5t l\u1ecfng \u0111\u00f4ng l\u1ea1nh h\u00e0ng kh\u00f4ng v\u0169 tr\u1ee5 T\u00ean l\u1eeda mang - Chuy\u1ebfn bay v\u00e0o v\u0169 tr\u1ee5"},"content":{"rendered":"<p>V\u0103n h\u00f3a v\u00e0 s\u00e1ng t\u1ea1o h\u00e0ng kh\u00f4ng v\u0169 tr\u1ee5: Ph\u01b0\u01a1ng ti\u1ec7n ph\u00f3ng g\u00f3i ch\u1ea5t l\u1ecfng \u0111\u00f4ng l\u1ea1nh (Chuy\u1ebfn bay v\u0169 tr\u1ee5) thu\u1ed9c chu\u1ed7i ch\u1ee7 \u0111\u1ec1 c\u1ee7a b\u1ed9 kh\u1ed1i x\u00e2y d\u1ef1ng, to\u00e0n b\u1ed9 b\u1ed9 ch\u1ee9a 1202 h\u1ea1t kh\u1ed1i x\u00e2y d\u1ef1ng. N\u00f3 s\u1ebd \u0111\u01b0\u1ee3c ra m\u1eaft v\u00e0o n\u0103m 2020.<\/p>\n<p><img fetchpriority=\"high\" decoding=\"async\" class=\"size-full wp-image-192282 aligncenter\" src=\"https:\/\/pay.lpwstore.com\/wp-content\/uploads\/2020\/06\/SEMBO-203307-Aerospace-cryogenic-liquid-bundling-Carrier-Rocket-Space-Flight.jpg\" alt=\"SEMBO-203307-Aerospace-cryogenic-liquid-bundling-Carrier-Rocket---Space-Flight\" width=\"800\" height=\"800\" title=\"-\"> <img decoding=\"async\" class=\"size-full wp-image-192284 aligncenter\" src=\"https:\/\/pay.lpwstore.com\/wp-content\/uploads\/2020\/06\/SEMBO-203307-Aerospace-cryogenic-liquid-bundling-Carrier-Rocket-Space-Flight-3.jpg\" alt=\"-\" width=\"800\" height=\"800\" title=\"-\"> <img decoding=\"async\" class=\"size-full wp-image-192283 aligncenter\" src=\"https:\/\/pay.lpwstore.com\/wp-content\/uploads\/2020\/06\/SEMBO-203307-Aerospace-cryogenic-liquid-bundling-Carrier-Rocket-Space-Flight-2.jpg\" alt=\"-\" width=\"800\" height=\"800\" title=\"-\"><\/p>","protected":false},"excerpt":{"rendered":"<ul>\n<li>Bao g\u1ed3m <strong>1202+<\/strong> chi\u1ebfc<\/li>\n<li>S\u00e1ch h\u01b0\u1edbng d\u1eabn s\u1eed d\u1ee5ng<\/li>\n<li>Kh\u1ed1i ABS ch\u1ea5t l\u01b0\u1ee3ng cao<\/li>\n<\/ul>","protected":false},"featured_media":14704,"comment_status":"open","ping_status":"closed","template":"","meta":{"_acf_changed":false},"product_cat":[15],"product_tag":[],"class_list":["product","first","instock","sale","shipping-taxable","purchasable","product-type-simple"],"acf":[],"_links":{"self":[{"href":"https:\/\/mouldking.store\/vi\/wp-json\/wp\/v2\/product\/14703","targetHints":{"allow":["GET"]}}],"collection":[{"href":"https:\/\/mouldking.store\/vi\/wp-json\/wp\/v2\/product"}],"about":[{"href":"https:\/\/mouldking.store\/vi\/wp-json\/wp\/v2\/types\/product"}],"replies":[{"embeddable":true,"href":"https:\/\/mouldking.store\/vi\/wp-json\/wp\/v2\/comments?post=14703"}],"wp:featuredmedia":[{"embeddable":true,"href":"https:\/\/mouldking.store\/vi\/wp-json\/wp\/v2\/media\/14704"}],"wp:attachment":[{"href":"https:\/\/mouldking.store\/vi\/wp-json\/wp\/v2\/media?parent=14703"}],"wp:term":[{"taxonomy":"product_cat","embeddable":true,"href":"https:\/\/mouldking.store\/vi\/wp-json\/wp\/v2\/product_cat?post=14703"},{"taxonomy":"product_tag","embeddable":true,"href":"https:\/\/mouldking.store\/vi\/wp-json\/wp\/v2\/product_tag?post=14703"}],"curies":[{"name":"wp","href":"https:\/\/api.w.org\/{rel}","templated":true}]}}