{"id":14822,"date":"2021-09-28T03:11:52","date_gmt":"2021-09-28T03:11:52","guid":{"rendered":"https:\/\/mouldking.store\/product\/xingbao-xb-06003-sa-2-guideline-v75-missile-vehicle-9891994"},"modified":"2021-12-23T09:53:41","modified_gmt":"2021-12-23T09:53:41","slug":"xingbao-xb-06003-sa-2-guideline-v75-missile-vehicle","status":"publish","type":"product","link":"https:\/\/mouldking.store\/vi\/shop\/xingbao-xb-06003-sa-2-guideline-v75-missile-vehicle\/","title":{"rendered":"XINGBAO XB-06003 SA-2 GUIDELINE V75 missile vehicle"},"content":{"rendered":"<p><span>The V75 missile car (SA-2 GUIDELINE) belongs to the advanced model series of building block sets. The entire set contains 1623 building block particles.\u00a0<\/span><span>N\u00f3 \u0111\u01b0\u1ee3c ra m\u1eaft l\u1ea7n \u0111\u1ea7u ti\u00ean v\u00e0o n\u0103m 2017.<\/span><\/p>\n<p><img fetchpriority=\"high\" decoding=\"async\" class=\"size-full wp-image-192627 aligncenter\" src=\"https:\/\/pay.lpwstore.com\/wp-content\/uploads\/2020\/06\/XINGBAO-XB-06003-SA-2-GUIDELINE-V75-missile-vehicle-5.jpg\" alt=\"XINGBAO-XB-06003-SA-2-GUIDELINE-V75-missile-vehicle-5\" width=\"800\" height=\"800\" title=\"-\"> <img decoding=\"async\" class=\"size-full wp-image-192626 aligncenter\" src=\"https:\/\/pay.lpwstore.com\/wp-content\/uploads\/2020\/06\/XINGBAO-XB-06003-SA-2-GUIDELINE-V75-missile-vehicle-4.jpg\" alt=\"-\" width=\"800\" height=\"800\" title=\"-\"> <img decoding=\"async\" class=\"size-full wp-image-192625 aligncenter\" src=\"https:\/\/pay.lpwstore.com\/wp-content\/uploads\/2020\/06\/XINGBAO-XB-06003-SA-2-GUIDELINE-V75-missile-vehicle-3.jpg\" alt=\"-\" width=\"800\" height=\"800\" title=\"-\"> <img loading=\"lazy\" decoding=\"async\" class=\"size-full wp-image-192624 aligncenter\" src=\"https:\/\/pay.lpwstore.com\/wp-content\/uploads\/2020\/06\/XINGBAO-XB-06003-SA-2-GUIDELINE-V75-missile-vehicle-2.jpg\" alt=\"-\" width=\"800\" height=\"800\" title=\"-\"><\/p>","protected":false},"excerpt":{"rendered":"<ul>\n<li>Bao g\u1ed3m <strong>1623+<\/strong> chi\u1ebfc<\/li>\n<li>S\u00e1ch h\u01b0\u1edbng d\u1eabn s\u1eed d\u1ee5ng<\/li>\n<li>Kh\u1ed1i ABS ch\u1ea5t l\u01b0\u1ee3ng cao<\/li>\n<\/ul>","protected":false},"featured_media":14823,"comment_status":"open","ping_status":"closed","template":"","meta":{"_acf_changed":false},"product_cat":[],"product_tag":[],"class_list":["product","first","instock","shipping-taxable","purchasable","product-type-simple"],"acf":[],"_links":{"self":[{"href":"https:\/\/mouldking.store\/vi\/wp-json\/wp\/v2\/product\/14822","targetHints":{"allow":["GET"]}}],"collection":[{"href":"https:\/\/mouldking.store\/vi\/wp-json\/wp\/v2\/product"}],"about":[{"href":"https:\/\/mouldking.store\/vi\/wp-json\/wp\/v2\/types\/product"}],"replies":[{"embeddable":true,"href":"https:\/\/mouldking.store\/vi\/wp-json\/wp\/v2\/comments?post=14822"}],"wp:featuredmedia":[{"embeddable":true,"href":"https:\/\/mouldking.store\/vi\/wp-json\/wp\/v2\/media\/14823"}],"wp:attachment":[{"href":"https:\/\/mouldking.store\/vi\/wp-json\/wp\/v2\/media?parent=14822"}],"wp:term":[{"taxonomy":"product_cat","embeddable":true,"href":"https:\/\/mouldking.store\/vi\/wp-json\/wp\/v2\/product_cat?post=14822"},{"taxonomy":"product_tag","embeddable":true,"href":"https:\/\/mouldking.store\/vi\/wp-json\/wp\/v2\/product_tag?post=14822"}],"curies":[{"name":"wp","href":"https:\/\/api.w.org\/{rel}","templated":true}]}}