{"id":14837,"date":"2021-09-28T03:12:01","date_gmt":"2021-09-28T03:12:01","guid":{"rendered":"https:\/\/mouldking.store\/product\/xingbao-xb-06005-8u218-tel-8k11-scud-missile-vehicle-2059867"},"modified":"2021-12-23T09:53:41","modified_gmt":"2021-12-23T09:53:41","slug":"xingbao-xb-06005-8u218-tel-8k11-scud-missile-vehicle","status":"publish","type":"product","link":"https:\/\/mouldking.store\/vi\/shop\/xingbao-xb-06005-8u218-tel-8k11-scud-missile-vehicle\/","title":{"rendered":"Xe t\u00ean l\u1eeda Scud XINGBAO XB-06005 8U218 TEL 8K11"},"content":{"rendered":"<p><span>Xe t\u00ean l\u1eeda SCUD 8U218 TEL 8K11 (Scud A) (8U218 TEL 8K11) thu\u1ed9c lo\u1ea1t m\u00f4 h\u00ecnh ti\u00ean ti\u1ebfn c\u1ee7a b\u1ed9 kh\u1ed1i x\u00e2y d\u1ef1ng. To\u00e0n b\u1ed9 b\u1ed9 ch\u1ee9a 1750 h\u1ea1t kh\u1ed1i x\u00e2y d\u1ef1ng.\u00a0<\/span><span>N\u00f3 \u0111\u01b0\u1ee3c ra m\u1eaft l\u1ea7n \u0111\u1ea7u ti\u00ean v\u00e0o n\u0103m 2017.<\/span><\/p>\n<p><img fetchpriority=\"high\" decoding=\"async\" class=\"size-full wp-image-192617 aligncenter\" src=\"https:\/\/pay.lpwstore.com\/wp-content\/uploads\/2020\/06\/XINGBAO-XB-06005-8U218-TEL-8K11-Scud-missile-car-5.jpg\" alt=\"XINGBAO-XB-06005-8U218-TEL-8K11-Scud-missile-car-5\" width=\"800\" height=\"800\" title=\"-\"> <img decoding=\"async\" class=\"size-full wp-image-192618 aligncenter\" src=\"https:\/\/pay.lpwstore.com\/wp-content\/uploads\/2020\/06\/XINGBAO-XB-06005-8U218-TEL-8K11-Scud-missile-car-6.jpg\" alt=\"-\" width=\"800\" height=\"800\" title=\"-\"> <img decoding=\"async\" class=\"size-full wp-image-192619 aligncenter\" src=\"https:\/\/pay.lpwstore.com\/wp-content\/uploads\/2020\/06\/XINGBAO-XB-06005-8U218-TEL-8K11-Scud-missile-car-7.jpg\" alt=\"-\" width=\"800\" height=\"800\" title=\"-\"> <img loading=\"lazy\" decoding=\"async\" class=\"size-full wp-image-192620 aligncenter\" src=\"https:\/\/pay.lpwstore.com\/wp-content\/uploads\/2020\/06\/XINGBAO-XB-06005-8U218-TEL-8K11-Scud-missile-car-8.jpg\" alt=\"-\" width=\"800\" height=\"800\" title=\"-\"> <img loading=\"lazy\" decoding=\"async\" class=\"size-full wp-image-192621 aligncenter\" src=\"https:\/\/pay.lpwstore.com\/wp-content\/uploads\/2020\/06\/XINGBAO-XB-06005-8U218-TEL-8K11-Scud-missile-car-9.jpg\" alt=\"-\" width=\"800\" height=\"800\" title=\"-\"> <img loading=\"lazy\" decoding=\"async\" class=\"size-full wp-image-192616 aligncenter\" src=\"https:\/\/pay.lpwstore.com\/wp-content\/uploads\/2020\/06\/XINGBAO-XB-06005-8U218-TEL-8K11-Scud-missile-car-4.jpg\" alt=\"-\" width=\"800\" height=\"800\" title=\"-\"> <img loading=\"lazy\" decoding=\"async\" class=\"size-full wp-image-192615 aligncenter\" src=\"https:\/\/pay.lpwstore.com\/wp-content\/uploads\/2020\/06\/XINGBAO-XB-06005-8U218-TEL-8K11-Scud-missile-car-3.jpg\" alt=\"-\" width=\"800\" height=\"800\" title=\"-\"> <img loading=\"lazy\" decoding=\"async\" class=\"size-full wp-image-192614 aligncenter\" src=\"https:\/\/pay.lpwstore.com\/wp-content\/uploads\/2020\/06\/XINGBAO-XB-06005-8U218-TEL-8K11-Scud-missile-car-2.jpg\" alt=\"-\" width=\"800\" height=\"800\" title=\"-\"> <img loading=\"lazy\" decoding=\"async\" class=\"size-full wp-image-192613 aligncenter\" src=\"https:\/\/pay.lpwstore.com\/wp-content\/uploads\/2020\/06\/XINGBAO-XB-06005-8U218-TEL-8K11-Scud-missile-car.jpg\" alt=\"-\" width=\"800\" height=\"800\" title=\"-\"><\/p>","protected":false},"excerpt":{"rendered":"<ul>\n<li>Bao g\u1ed3m <strong>1750+<\/strong> chi\u1ebfc<\/li>\n<li>S\u00e1ch h\u01b0\u1edbng d\u1eabn s\u1eed d\u1ee5ng<\/li>\n<li>Kh\u1ed1i ABS ch\u1ea5t l\u01b0\u1ee3ng cao<\/li>\n<\/ul>","protected":false},"featured_media":14838,"comment_status":"open","ping_status":"closed","template":"","meta":{"_acf_changed":false},"product_cat":[],"product_tag":[],"class_list":["product","first","instock","shipping-taxable","purchasable","product-type-simple"],"acf":[],"_links":{"self":[{"href":"https:\/\/mouldking.store\/vi\/wp-json\/wp\/v2\/product\/14837","targetHints":{"allow":["GET"]}}],"collection":[{"href":"https:\/\/mouldking.store\/vi\/wp-json\/wp\/v2\/product"}],"about":[{"href":"https:\/\/mouldking.store\/vi\/wp-json\/wp\/v2\/types\/product"}],"replies":[{"embeddable":true,"href":"https:\/\/mouldking.store\/vi\/wp-json\/wp\/v2\/comments?post=14837"}],"wp:featuredmedia":[{"embeddable":true,"href":"https:\/\/mouldking.store\/vi\/wp-json\/wp\/v2\/media\/14838"}],"wp:attachment":[{"href":"https:\/\/mouldking.store\/vi\/wp-json\/wp\/v2\/media?parent=14837"}],"wp:term":[{"taxonomy":"product_cat","embeddable":true,"href":"https:\/\/mouldking.store\/vi\/wp-json\/wp\/v2\/product_cat?post=14837"},{"taxonomy":"product_tag","embeddable":true,"href":"https:\/\/mouldking.store\/vi\/wp-json\/wp\/v2\/product_tag?post=14837"}],"curies":[{"name":"wp","href":"https:\/\/api.w.org\/{rel}","templated":true}]}}