{"id":14851,"date":"2021-09-28T03:12:08","date_gmt":"2021-09-27T20:12:08","guid":{"rendered":"https:\/\/mouldking.store\/product\/kazi-ky10001-stryker-mgs-m1128-mgs-armored-vehicle-1796271"},"modified":"2023-08-07T16:44:16","modified_gmt":"2023-08-07T09:44:16","slug":"kazi-ky10001-stryker-mgs-m1128-mgs-armored-vehicle","status":"publish","type":"product","link":"https:\/\/mouldking.store\/vi\/shop\/kazi-ky10001-stryker-mgs-m1128-mgs-armored-vehicle\/","title":{"rendered":"Xe b\u1ecdc th\u00e9p KAZI KY10001 STRYKER MGS-M1128 MGS"},"content":{"rendered":"<p><span>Ph\u00e1o c\u01a1 \u0111\u1ed9ng b\u00e1nh h\u01a1i Stryker 1:21 (Xe b\u1ecdc th\u00e9p STRYKER MGS-M1128 MGS) thu\u1ed9c d\u00f2ng m\u00f4 h\u00ecnh ti\u00ean ti\u1ebfn c\u1ee7a b\u1ed9 x\u1ebfp kh\u1ed1i. To\u00e0n b\u1ed9 b\u1ed9 ch\u1ee9a 1672 h\u1ea1t kh\u1ed1i x\u00e2y d\u1ef1ng.\u00a0<\/span><span>N\u00f3 \u0111\u01b0\u1ee3c ra m\u1eaft l\u1ea7n \u0111\u1ea7u ti\u00ean v\u00e0o n\u0103m 2017.<\/span><\/p>\n<p><img fetchpriority=\"high\" decoding=\"async\" class=\"size-full wp-image-192662 aligncenter\" src=\"https:\/\/pay.lpwstore.com\/wp-content\/uploads\/2020\/06\/KAZI-KY10001-STRYKER-MGS-M1128-MGS-Armored-Vehicle.jpg\" alt=\"KAZI-KY10001-STRYKER-MGS-M1128-MGS-Armored-Vehicle\" width=\"800\" height=\"800\" title=\"-\"> <img decoding=\"async\" class=\"size-full wp-image-192663 aligncenter\" src=\"https:\/\/pay.lpwstore.com\/wp-content\/uploads\/2020\/06\/KAZI-KY10001-STRYKER-MGS-M1128-MGS-Armored-Vehicle-2.jpg\" alt=\"-\" width=\"800\" height=\"800\" title=\"-\"> <img decoding=\"async\" class=\"size-full wp-image-192664 aligncenter\" src=\"https:\/\/pay.lpwstore.com\/wp-content\/uploads\/2020\/06\/KAZI-KY10001-STRYKER-MGS-M1128-MGS-Armored-Vehicle-3.jpg\" alt=\"-\" width=\"800\" height=\"800\" title=\"-\"> <img loading=\"lazy\" decoding=\"async\" class=\"size-full wp-image-192665 aligncenter\" src=\"https:\/\/pay.lpwstore.com\/wp-content\/uploads\/2020\/06\/KAZI-KY10001-STRYKER-MGS-M1128-MGS-Armored-Vehicle-4.jpg\" alt=\"-\" width=\"800\" height=\"800\" title=\"-\"> <img loading=\"lazy\" decoding=\"async\" class=\"size-full wp-image-192666 aligncenter\" src=\"https:\/\/pay.lpwstore.com\/wp-content\/uploads\/2020\/06\/KAZI-KY10001-STRYKER-MGS-M1128-MGS-Armored-Vehicle-5.jpg\" alt=\"-\" width=\"800\" height=\"800\" title=\"-\"><\/p>","protected":false},"excerpt":{"rendered":"<ul>\n<li>Bao g\u1ed3m <strong>1672+<\/strong> chi\u1ebfc<\/li>\n<li>S\u00e1ch h\u01b0\u1edbng d\u1eabn s\u1eed d\u1ee5ng<\/li>\n<li>Kh\u1ed1i ABS ch\u1ea5t l\u01b0\u1ee3ng cao<\/li>\n<\/ul>","protected":false},"featured_media":14852,"comment_status":"open","ping_status":"closed","template":"","meta":{"_acf_changed":false},"product_cat":[15],"product_tag":[],"class_list":["product","first","outofstock","shipping-taxable","purchasable","product-type-simple"],"acf":[],"_links":{"self":[{"href":"https:\/\/mouldking.store\/vi\/wp-json\/wp\/v2\/product\/14851","targetHints":{"allow":["GET"]}}],"collection":[{"href":"https:\/\/mouldking.store\/vi\/wp-json\/wp\/v2\/product"}],"about":[{"href":"https:\/\/mouldking.store\/vi\/wp-json\/wp\/v2\/types\/product"}],"replies":[{"embeddable":true,"href":"https:\/\/mouldking.store\/vi\/wp-json\/wp\/v2\/comments?post=14851"}],"wp:featuredmedia":[{"embeddable":true,"href":"https:\/\/mouldking.store\/vi\/wp-json\/wp\/v2\/media\/14852"}],"wp:attachment":[{"href":"https:\/\/mouldking.store\/vi\/wp-json\/wp\/v2\/media?parent=14851"}],"wp:term":[{"taxonomy":"product_cat","embeddable":true,"href":"https:\/\/mouldking.store\/vi\/wp-json\/wp\/v2\/product_cat?post=14851"},{"taxonomy":"product_tag","embeddable":true,"href":"https:\/\/mouldking.store\/vi\/wp-json\/wp\/v2\/product_tag?post=14851"}],"curies":[{"name":"wp","href":"https:\/\/api.w.org\/{rel}","templated":true}]}}