{"id":14875,"date":"2021-09-28T03:12:30","date_gmt":"2021-09-28T03:12:30","guid":{"rendered":"https:\/\/mouldking.store\/product\/panlos-635017-counter-terrorist-tank-gun-strike-3281370"},"modified":"2021-12-23T09:53:41","modified_gmt":"2021-12-23T09:53:41","slug":"panlos-635017-counter-terrorist-tank-gun-strike","status":"publish","type":"product","link":"https:\/\/mouldking.store\/vi\/shop\/panlos-635017-counter-terrorist-tank-gun-strike\/","title":{"rendered":"PANLOS 635017 T\u1ea5n c\u00f4ng s\u00fang xe t\u0103ng ch\u1ed1ng kh\u1ee7ng b\u1ed1"},"content":{"rendered":"<p><span>\u0110\u1ed9t k\u00edch ch\u1ed1ng kh\u1ee7ng b\u1ed1: Xe t\u0103ng bi\u1ebfn h\u00ecnh ph\u1ea3n di\u1ec7n (GunStrike) thu\u1ed9c d\u00f2ng game x\u1ebfp h\u00ecnh kh\u1ed1i x\u00e2y d\u1ef1ng qu\u00e2n \u0111\u1ed9i. To\u00e0n b\u1ed9 b\u1ed9 ch\u1ee9a 1435 h\u1ea1t kh\u1ed1i x\u00e2y d\u1ef1ng.\u00a0<\/span><span>N\u00f3 \u0111\u01b0\u1ee3c ra m\u1eaft l\u1ea7n \u0111\u1ea7u ti\u00ean v\u00e0o n\u0103m 2018.<\/span><\/p>\n<p><img fetchpriority=\"high\" decoding=\"async\" class=\"size-full wp-image-192713 aligncenter\" src=\"https:\/\/pay.lpwstore.com\/wp-content\/uploads\/2020\/06\/PANLOS-635017-Counter-terrorist-Tank-Gun-Strike4.jpg\" alt=\"PANLOS-635017-Counter-terrorist-Tank-Gun-Strike4\" width=\"800\" height=\"800\" title=\"-\"> <img decoding=\"async\" class=\"size-full wp-image-192710 aligncenter\" src=\"https:\/\/pay.lpwstore.com\/wp-content\/uploads\/2020\/06\/PANLOS-635017-Counter-terrorist-Tank-Gun-Strike.jpg\" alt=\"-\" width=\"800\" height=\"800\" title=\"-\"> <img decoding=\"async\" class=\"size-full wp-image-192711 aligncenter\" src=\"https:\/\/pay.lpwstore.com\/wp-content\/uploads\/2020\/06\/PANLOS-635017-Counter-terrorist-Tank-Gun-Strike2.jpg\" alt=\"-\" width=\"800\" height=\"800\" title=\"-\"> <img loading=\"lazy\" decoding=\"async\" class=\"size-full wp-image-192712 aligncenter\" src=\"https:\/\/pay.lpwstore.com\/wp-content\/uploads\/2020\/06\/PANLOS-635017-Counter-terrorist-Tank-Gun-Strike3.jpg\" alt=\"-\" width=\"800\" height=\"800\" title=\"-\"><\/p>","protected":false},"excerpt":{"rendered":"<ul>\n<li>Bao g\u1ed3m <strong>1435+<\/strong> chi\u1ebfc<\/li>\n<li>S\u00e1ch h\u01b0\u1edbng d\u1eabn s\u1eed d\u1ee5ng<\/li>\n<li>Kh\u1ed1i ABS ch\u1ea5t l\u01b0\u1ee3ng cao<\/li>\n<\/ul>","protected":false},"featured_media":14876,"comment_status":"open","ping_status":"closed","template":"","meta":{"_acf_changed":false},"product_cat":[],"product_tag":[],"class_list":["product","first","instock","shipping-taxable","purchasable","product-type-simple"],"acf":[],"_links":{"self":[{"href":"https:\/\/mouldking.store\/vi\/wp-json\/wp\/v2\/product\/14875","targetHints":{"allow":["GET"]}}],"collection":[{"href":"https:\/\/mouldking.store\/vi\/wp-json\/wp\/v2\/product"}],"about":[{"href":"https:\/\/mouldking.store\/vi\/wp-json\/wp\/v2\/types\/product"}],"replies":[{"embeddable":true,"href":"https:\/\/mouldking.store\/vi\/wp-json\/wp\/v2\/comments?post=14875"}],"wp:featuredmedia":[{"embeddable":true,"href":"https:\/\/mouldking.store\/vi\/wp-json\/wp\/v2\/media\/14876"}],"wp:attachment":[{"href":"https:\/\/mouldking.store\/vi\/wp-json\/wp\/v2\/media?parent=14875"}],"wp:term":[{"taxonomy":"product_cat","embeddable":true,"href":"https:\/\/mouldking.store\/vi\/wp-json\/wp\/v2\/product_cat?post=14875"},{"taxonomy":"product_tag","embeddable":true,"href":"https:\/\/mouldking.store\/vi\/wp-json\/wp\/v2\/product_tag?post=14875"}],"curies":[{"name":"wp","href":"https:\/\/api.w.org\/{rel}","templated":true}]}}