{"id":14928,"date":"2021-09-28T03:13:13","date_gmt":"2021-09-28T03:13:13","guid":{"rendered":"https:\/\/mouldking.store\/product\/zhegao-ql0961-the-saint-basils-cathedral-in-moscow-russia-1578008"},"modified":"2021-12-23T09:53:40","modified_gmt":"2021-12-23T09:53:40","slug":"zhegao-ql0961-the-saint-basils-cathedral-in-moscow-russia","status":"publish","type":"product","link":"https:\/\/mouldking.store\/vi\/shop\/zhegao-ql0961-the-saint-basils-cathedral-in-moscow-russia\/","title":{"rendered":"ZHEGAO QL0961 Nh\u00e0 th\u1edd Saint Basil \u1edf Moscow Nga"},"content":{"rendered":"<p><span>Nh\u00e0 th\u1edd Saint Basil \u1edf Moscow, Nga (T\u00d2A NH\u00c0 N\u1ed4I TI\u1ebeNG: Nh\u00e0 th\u1edd Saint Basil) thu\u1ed9c lo\u1ea1t m\u00f4 h\u00ecnh b\u1ed9 kh\u1ed1i x\u00e2y d\u1ef1ng ti\u00ean ti\u1ebfn. To\u00e0n b\u1ed9 ch\u1ee9a 2894 h\u1ea1t kh\u1ed1i x\u00e2y d\u1ef1ng.\u00a0<\/span><span>N\u00f3 s\u1ebd \u0111\u01b0\u1ee3c ra m\u1eaft v\u00e0o n\u0103m 2020.<\/span><\/p>\n<p><img fetchpriority=\"high\" decoding=\"async\" class=\"size-full wp-image-192826 aligncenter\" src=\"https:\/\/pay.lpwstore.com\/wp-content\/uploads\/2020\/07\/ZHEGAO-QL0961-The-Saint-Basils-Cathedral-in-Moscow-Russia.jpg\" alt=\"ZHEGAO-QL0961-The-Saint-Basil&#039;s-Cathedral-in-Moscow-Russia\" width=\"800\" height=\"800\" title=\"-\"> <img decoding=\"async\" class=\"size-full wp-image-192827 aligncenter\" src=\"https:\/\/pay.lpwstore.com\/wp-content\/uploads\/2020\/07\/ZHEGAO-QL0961-The-Saint-Basils-Cathedral-in-Moscow-Russia-2.jpg\" alt=\"-\" width=\"800\" height=\"800\" title=\"-\"> <img decoding=\"async\" class=\"size-full wp-image-192828 aligncenter\" src=\"https:\/\/pay.lpwstore.com\/wp-content\/uploads\/2020\/07\/ZHEGAO-QL0961-The-Saint-Basils-Cathedral-in-Moscow-Russia-3.jpg\" alt=\"-\" width=\"800\" height=\"800\" title=\"-\"> <img loading=\"lazy\" decoding=\"async\" class=\"size-full wp-image-192829 aligncenter\" src=\"https:\/\/pay.lpwstore.com\/wp-content\/uploads\/2020\/07\/ZHEGAO-QL0961-The-Saint-Basils-Cathedral-in-Moscow-Russia-4.jpg\" alt=\"-\" width=\"800\" height=\"800\" title=\"-\"> <img loading=\"lazy\" decoding=\"async\" class=\"size-full wp-image-192830 aligncenter\" src=\"https:\/\/pay.lpwstore.com\/wp-content\/uploads\/2020\/07\/ZHEGAO-QL0961-The-Saint-Basils-Cathedral-in-Moscow-Russia-5.jpg\" alt=\"-\" width=\"800\" height=\"800\" title=\"-\"><\/p>","protected":false},"excerpt":{"rendered":"<p><span style=\"font-size: 150%; color: #ff0000;\"><strong>B\u00c1N TR\u01af\u1edaC. C\u00d3 S\u1eb4N V\u00c0O TH\u00c1NG 8 N\u0102M 2020<\/strong><\/span><\/p>\n<ul>\n<li>Bao g\u1ed3m <strong>2894+<\/strong> chi\u1ebfc<\/li>\n<li>S\u00e1ch h\u01b0\u1edbng d\u1eabn s\u1eed d\u1ee5ng<\/li>\n<li>Kh\u1ed1i ABS ch\u1ea5t l\u01b0\u1ee3ng cao<\/li>\n<\/ul>","protected":false},"featured_media":14929,"comment_status":"open","ping_status":"closed","template":"","meta":{"_acf_changed":false},"product_cat":[],"product_tag":[],"class_list":["product","first","instock","shipping-taxable","purchasable","product-type-simple"],"acf":[],"_links":{"self":[{"href":"https:\/\/mouldking.store\/vi\/wp-json\/wp\/v2\/product\/14928","targetHints":{"allow":["GET"]}}],"collection":[{"href":"https:\/\/mouldking.store\/vi\/wp-json\/wp\/v2\/product"}],"about":[{"href":"https:\/\/mouldking.store\/vi\/wp-json\/wp\/v2\/types\/product"}],"replies":[{"embeddable":true,"href":"https:\/\/mouldking.store\/vi\/wp-json\/wp\/v2\/comments?post=14928"}],"wp:featuredmedia":[{"embeddable":true,"href":"https:\/\/mouldking.store\/vi\/wp-json\/wp\/v2\/media\/14929"}],"wp:attachment":[{"href":"https:\/\/mouldking.store\/vi\/wp-json\/wp\/v2\/media?parent=14928"}],"wp:term":[{"taxonomy":"product_cat","embeddable":true,"href":"https:\/\/mouldking.store\/vi\/wp-json\/wp\/v2\/product_cat?post=14928"},{"taxonomy":"product_tag","embeddable":true,"href":"https:\/\/mouldking.store\/vi\/wp-json\/wp\/v2\/product_tag?post=14928"}],"curies":[{"name":"wp","href":"https:\/\/api.w.org\/{rel}","templated":true}]}}