{"id":14954,"date":"2021-09-28T03:13:33","date_gmt":"2021-09-28T03:13:33","guid":{"rendered":"https:\/\/mouldking.store\/product\/builo-yc-20004-burjal-arab-tower-hotel-dubai-yacht-hotel-1400-8888767"},"modified":"2021-12-23T09:53:40","modified_gmt":"2021-12-23T09:53:40","slug":"builo-yc-20004-burjal-arab-tower-hotel-dubai-yacht-hotel-1400","status":"publish","type":"product","link":"https:\/\/mouldking.store\/vi\/shop\/builo-yc-20004-burjal-arab-tower-hotel-dubai-yacht-hotel-1400\/","title":{"rendered":"BUILO YC-20004 Kh\u00e1ch s\u1ea1n th\u00e1p Burjal Arab (Kh\u00e1ch s\u1ea1n du thuy\u1ec1n Dubai) 1:400"},"content":{"rendered":"<p>T\u00f2a nh\u00e0 n\u1ed5i b\u1eadt: Kh\u00e1ch s\u1ea1n Th\u00e1p \u1ea2 R\u1eadp (Kh\u00e1ch s\u1ea1n Burjal Dubai) 1:400 (Ki\u1ebfn tr\u00fac: Burjal Arab) thu\u1ed9c d\u00f2ng m\u00f4 h\u00ecnh ti\u00ean ti\u1ebfn c\u1ee7a b\u1ed9 kh\u1ed1i x\u00e2y d\u1ef1ng, to\u00e0n b\u1ed9 b\u1ed9 ch\u1ee9a 1336 h\u1ea1t kh\u1ed1i x\u00e2y d\u1ef1ng. N\u00f3 s\u1ebd \u0111\u01b0\u1ee3c ra m\u1eaft v\u00e0o n\u0103m 2020.<\/p>\n<p><img fetchpriority=\"high\" decoding=\"async\" class=\"size-full wp-image-192888 aligncenter\" src=\"https:\/\/pay.lpwstore.com\/wp-content\/uploads\/2020\/07\/BUILO-YC-20004-Burjal-Arab-Tower-Hotel-Dubai-Yacht-Hotel-1400-2.jpg\" alt=\"BUILO-YC-20004-Burjal-Arab-Tower-Hotel-(Dubai-Yacht-Hotel)-1400-2\" width=\"800\" height=\"2492\" title=\"-\"><\/p>","protected":false},"excerpt":{"rendered":"<p><span style=\"font-size: 150%; color: #ff0000;\"><strong>B\u00c1N TR\u01af\u1edaC. C\u00d3 S\u1eb4N V\u00c0O CU\u1ed0I TH\u00c1NG 7 N\u0102M 2020<\/strong><\/span><\/p>\n<ul>\n<li>Bao g\u1ed3m <strong>1336+<\/strong> chi\u1ebfc<\/li>\n<li>S\u00e1ch h\u01b0\u1edbng d\u1eabn s\u1eed d\u1ee5ng<\/li>\n<li>Kh\u1ed1i ABS ch\u1ea5t l\u01b0\u1ee3ng cao<\/li>\n<\/ul>","protected":false},"featured_media":14955,"comment_status":"open","ping_status":"closed","template":"","meta":{"_acf_changed":false},"product_cat":[],"product_tag":[],"class_list":["product","first","instock","shipping-taxable","purchasable","product-type-simple"],"acf":[],"_links":{"self":[{"href":"https:\/\/mouldking.store\/vi\/wp-json\/wp\/v2\/product\/14954","targetHints":{"allow":["GET"]}}],"collection":[{"href":"https:\/\/mouldking.store\/vi\/wp-json\/wp\/v2\/product"}],"about":[{"href":"https:\/\/mouldking.store\/vi\/wp-json\/wp\/v2\/types\/product"}],"replies":[{"embeddable":true,"href":"https:\/\/mouldking.store\/vi\/wp-json\/wp\/v2\/comments?post=14954"}],"wp:featuredmedia":[{"embeddable":true,"href":"https:\/\/mouldking.store\/vi\/wp-json\/wp\/v2\/media\/14955"}],"wp:attachment":[{"href":"https:\/\/mouldking.store\/vi\/wp-json\/wp\/v2\/media?parent=14954"}],"wp:term":[{"taxonomy":"product_cat","embeddable":true,"href":"https:\/\/mouldking.store\/vi\/wp-json\/wp\/v2\/product_cat?post=14954"},{"taxonomy":"product_tag","embeddable":true,"href":"https:\/\/mouldking.store\/vi\/wp-json\/wp\/v2\/product_tag?post=14954"}],"curies":[{"name":"wp","href":"https:\/\/api.w.org\/{rel}","templated":true}]}}