{"id":14956,"date":"2021-09-28T03:13:34","date_gmt":"2021-09-28T03:13:34","guid":{"rendered":"https:\/\/mouldking.store\/product\/builo-yc-20002-elizabeth-tower-big-ben-london-uk-9934538"},"modified":"2021-12-23T09:53:40","modified_gmt":"2021-12-23T09:53:40","slug":"builo-yc-20002-elizabeth-tower-big-ben-london-uk","status":"publish","type":"product","link":"https:\/\/mouldking.store\/vi\/shop\/builo-yc-20002-elizabeth-tower-big-ben-london-uk\/","title":{"rendered":"BUILO YC-20002 Th\u00e1p Elizabeth Big Ben, Lu\u00e2n \u0110\u00f4n, V\u01b0\u01a1ng qu\u1ed1c Anh"},"content":{"rendered":"<p>Landmark building: 1:400 (Architecture: Elizabeth Tower), Big Ben, London, UK, belongs to the high-level model series of building block sets. The entire set contains 1303 building block particles.\u00a0It will be launched in 2020.<\/p>\n<p><img fetchpriority=\"high\" decoding=\"async\" class=\"size-full wp-image-192891 aligncenter\" src=\"https:\/\/pay.lpwstore.com\/wp-content\/uploads\/2020\/07\/BUILO-YC-20002-Elizabeth-Tower-Big-Ben-London-UK.jpg\" alt=\"BUILO-YC-20002-Elizabeth-Tower-Big-Ben,-London,-UK\" width=\"800\" height=\"2492\" title=\"-\"><\/p>","protected":false},"excerpt":{"rendered":"<p><span style=\"font-size: 150%; color: #ff0000;\"><strong>B\u00c1N TR\u01af\u1edaC. C\u00d3 S\u1eb4N V\u00c0O CU\u1ed0I TH\u00c1NG 7 N\u0102M 2020<\/strong><\/span><\/p>\n<ul>\n<li>Bao g\u1ed3m <strong>1303+<\/strong> chi\u1ebfc<\/li>\n<li>S\u00e1ch h\u01b0\u1edbng d\u1eabn s\u1eed d\u1ee5ng<\/li>\n<li>Kh\u1ed1i ABS ch\u1ea5t l\u01b0\u1ee3ng cao<\/li>\n<\/ul>","protected":false},"featured_media":14957,"comment_status":"open","ping_status":"closed","template":"","meta":{"_acf_changed":false},"product_cat":[],"product_tag":[],"class_list":["product","first","outofstock","shipping-taxable","purchasable","product-type-simple"],"acf":[],"_links":{"self":[{"href":"https:\/\/mouldking.store\/vi\/wp-json\/wp\/v2\/product\/14956","targetHints":{"allow":["GET"]}}],"collection":[{"href":"https:\/\/mouldking.store\/vi\/wp-json\/wp\/v2\/product"}],"about":[{"href":"https:\/\/mouldking.store\/vi\/wp-json\/wp\/v2\/types\/product"}],"replies":[{"embeddable":true,"href":"https:\/\/mouldking.store\/vi\/wp-json\/wp\/v2\/comments?post=14956"}],"wp:featuredmedia":[{"embeddable":true,"href":"https:\/\/mouldking.store\/vi\/wp-json\/wp\/v2\/media\/14957"}],"wp:attachment":[{"href":"https:\/\/mouldking.store\/vi\/wp-json\/wp\/v2\/media?parent=14956"}],"wp:term":[{"taxonomy":"product_cat","embeddable":true,"href":"https:\/\/mouldking.store\/vi\/wp-json\/wp\/v2\/product_cat?post=14956"},{"taxonomy":"product_tag","embeddable":true,"href":"https:\/\/mouldking.store\/vi\/wp-json\/wp\/v2\/product_tag?post=14956"}],"curies":[{"name":"wp","href":"https:\/\/api.w.org\/{rel}","templated":true}]}}