{"id":14993,"date":"2021-09-28T03:14:08","date_gmt":"2021-09-28T03:14:08","guid":{"rendered":"https:\/\/mouldking.store\/product\/zhegao-ql0932-yueyang-tower-yueyang-hunan-9125877"},"modified":"2021-12-23T09:53:37","modified_gmt":"2021-12-23T09:53:37","slug":"zhegao-ql0932-yueyang-tower-yueyang-hunan","status":"publish","type":"product","link":"https:\/\/mouldking.store\/vi\/shop\/zhegao-ql0932-yueyang-tower-yueyang-hunan\/","title":{"rendered":"ZHEGAO QL0932 Th\u00e1p Nh\u1ea1c D\u01b0\u01a1ng Nh\u1ea1c D\u01b0\u01a1ng H\u1ed3 Nam"},"content":{"rendered":"<p>t\u00f2a nh\u00e0 th\u00fa v\u1ecb \u1edf Trung Qu\u1ed1c: T\u00f2a nh\u00e0 Yueyang \u1edf Nh\u1ea1c D\u01b0\u01a1ng, H\u1ed3 Nam thu\u1ed9c lo\u1ea1t m\u00f4 h\u00ecnh kh\u1ed1i x\u00e2y d\u1ef1ng c\u1ea5p cao. To\u00e0n b\u1ed9 ch\u1ee9a 3267 h\u1ea1t kh\u1ed1i x\u00e2y d\u1ef1ng. N\u00f3 s\u1ebd \u0111\u01b0\u1ee3c ra m\u1eaft v\u00e0o n\u0103m 2020.<\/p>\n<p><img fetchpriority=\"high\" decoding=\"async\" class=\"size-full wp-image-193106 aligncenter\" src=\"https:\/\/pay.lpwstore.com\/wp-content\/uploads\/2020\/07\/ZHEGAO-QL0932-Yueyang-Tower-Yueyang-Hunan-3.jpg\" alt=\"ZHEGAO-QL0932-Yueyang-Tower-Yueyang-Hunan-3\" width=\"800\" height=\"2308\" title=\"-\"><\/p>","protected":false},"excerpt":{"rendered":"<ul>\n<li>Bao g\u1ed3m <strong>3267+<\/strong> chi\u1ebfc<\/li>\n<li>S\u00e1ch h\u01b0\u1edbng d\u1eabn s\u1eed d\u1ee5ng<\/li>\n<li>Kh\u1ed1i ABS ch\u1ea5t l\u01b0\u1ee3ng cao<\/li>\n<\/ul>","protected":false},"featured_media":14994,"comment_status":"open","ping_status":"closed","template":"","meta":{"_acf_changed":false},"product_cat":[],"product_tag":[],"class_list":["product","first","instock","shipping-taxable","purchasable","product-type-simple"],"acf":[],"_links":{"self":[{"href":"https:\/\/mouldking.store\/vi\/wp-json\/wp\/v2\/product\/14993","targetHints":{"allow":["GET"]}}],"collection":[{"href":"https:\/\/mouldking.store\/vi\/wp-json\/wp\/v2\/product"}],"about":[{"href":"https:\/\/mouldking.store\/vi\/wp-json\/wp\/v2\/types\/product"}],"replies":[{"embeddable":true,"href":"https:\/\/mouldking.store\/vi\/wp-json\/wp\/v2\/comments?post=14993"}],"wp:featuredmedia":[{"embeddable":true,"href":"https:\/\/mouldking.store\/vi\/wp-json\/wp\/v2\/media\/14994"}],"wp:attachment":[{"href":"https:\/\/mouldking.store\/vi\/wp-json\/wp\/v2\/media?parent=14993"}],"wp:term":[{"taxonomy":"product_cat","embeddable":true,"href":"https:\/\/mouldking.store\/vi\/wp-json\/wp\/v2\/product_cat?post=14993"},{"taxonomy":"product_tag","embeddable":true,"href":"https:\/\/mouldking.store\/vi\/wp-json\/wp\/v2\/product_tag?post=14993"}],"curies":[{"name":"wp","href":"https:\/\/api.w.org\/{rel}","templated":true}]}}