{"id":15016,"date":"2021-09-28T03:14:26","date_gmt":"2021-09-28T03:14:26","guid":{"rendered":"https:\/\/mouldking.store\/product\/zhegao-ql0922-european-mall-4474667"},"modified":"2021-12-23T09:53:37","modified_gmt":"2021-12-23T09:53:37","slug":"zhegao-ql0922-european-mall","status":"publish","type":"product","link":"https:\/\/mouldking.store\/vi\/shop\/zhegao-ql0922-european-mall\/","title":{"rendered":"Trung t\u00e2m mua s\u1eafm Ch\u00e2u \u00c2u ZHEGAO QL0922"},"content":{"rendered":"<div class=\"richtext_wrap\">\n<div class=\"richtext\">Trung t\u00e2m th\u01b0\u01a1ng m\u1ea1i phong c\u00e1ch Ch\u00e2u \u00c2u thu\u1ed9c d\u00f2ng m\u00f4 h\u00ecnh nh\u00e0 li\u1ec1n kh\u1ed1i ti\u00ean ti\u1ebfn. To\u00e0n b\u1ed9 ch\u1ee9a 2039 h\u1ea1t kh\u1ed1i x\u00e2y d\u1ef1ng. N\u00f3 \u0111\u01b0\u1ee3c ra m\u1eaft v\u00e0o n\u0103m 2019.<\/div>\n<div><img fetchpriority=\"high\" decoding=\"async\" class=\"size-full wp-image-193120 aligncenter\" src=\"https:\/\/pay.lpwstore.com\/wp-content\/uploads\/2020\/07\/ZHEGAO-QL0922-European-Mall.jpg\" alt=\"ZHEGAO-QL0922-European-Mall\" width=\"800\" height=\"800\" title=\"-\"> <img decoding=\"async\" class=\"size-full wp-image-193121 aligncenter\" src=\"https:\/\/pay.lpwstore.com\/wp-content\/uploads\/2020\/07\/ZHEGAO-QL0922-European-Mall-2.jpg\" alt=\"-\" width=\"800\" height=\"800\" title=\"-\"> <img decoding=\"async\" class=\"size-full wp-image-193122 aligncenter\" src=\"https:\/\/pay.lpwstore.com\/wp-content\/uploads\/2020\/07\/ZHEGAO-QL0922-European-Mall-3.jpg\" alt=\"-\" width=\"800\" height=\"800\" title=\"-\"> <img loading=\"lazy\" decoding=\"async\" class=\"size-full wp-image-193123 aligncenter\" src=\"https:\/\/pay.lpwstore.com\/wp-content\/uploads\/2020\/07\/ZHEGAO-QL0922-European-Mall-4.jpg\" alt=\"-\" width=\"800\" height=\"800\" title=\"-\"> <img loading=\"lazy\" decoding=\"async\" class=\"size-full wp-image-193124 aligncenter\" src=\"https:\/\/pay.lpwstore.com\/wp-content\/uploads\/2020\/07\/ZHEGAO-QL0922-European-Mall-5.jpg\" alt=\"-\" width=\"800\" height=\"800\" title=\"-\"><\/div>\n<\/div>","protected":false},"excerpt":{"rendered":"<ul>\n<li>Bao g\u1ed3m <strong>2039+<\/strong> chi\u1ebfc<\/li>\n<li>S\u00e1ch h\u01b0\u1edbng d\u1eabn s\u1eed d\u1ee5ng<\/li>\n<li>Kh\u1ed1i ABS ch\u1ea5t l\u01b0\u1ee3ng cao<\/li>\n<\/ul>","protected":false},"featured_media":15017,"comment_status":"open","ping_status":"closed","template":"","meta":{"_acf_changed":false},"product_cat":[],"product_tag":[],"class_list":["product","first","instock","shipping-taxable","purchasable","product-type-simple"],"acf":[],"_links":{"self":[{"href":"https:\/\/mouldking.store\/vi\/wp-json\/wp\/v2\/product\/15016","targetHints":{"allow":["GET"]}}],"collection":[{"href":"https:\/\/mouldking.store\/vi\/wp-json\/wp\/v2\/product"}],"about":[{"href":"https:\/\/mouldking.store\/vi\/wp-json\/wp\/v2\/types\/product"}],"replies":[{"embeddable":true,"href":"https:\/\/mouldking.store\/vi\/wp-json\/wp\/v2\/comments?post=15016"}],"wp:featuredmedia":[{"embeddable":true,"href":"https:\/\/mouldking.store\/vi\/wp-json\/wp\/v2\/media\/15017"}],"wp:attachment":[{"href":"https:\/\/mouldking.store\/vi\/wp-json\/wp\/v2\/media?parent=15016"}],"wp:term":[{"taxonomy":"product_cat","embeddable":true,"href":"https:\/\/mouldking.store\/vi\/wp-json\/wp\/v2\/product_cat?post=15016"},{"taxonomy":"product_tag","embeddable":true,"href":"https:\/\/mouldking.store\/vi\/wp-json\/wp\/v2\/product_tag?post=15016"}],"curies":[{"name":"wp","href":"https:\/\/api.w.org\/{rel}","templated":true}]}}