{"id":15022,"date":"2021-09-28T03:14:35","date_gmt":"2021-09-28T03:14:35","guid":{"rendered":"https:\/\/mouldking.store\/product\/decool-824-my-world-mushroom-island-minecraft-compatible-moc-21129-6651981"},"modified":"2025-12-25T09:28:05","modified_gmt":"2025-12-25T02:28:05","slug":"decool-824-my-world-mushroom-island-minecraft-compatible-moc-21129","status":"publish","type":"product","link":"https:\/\/mouldking.store\/vi\/shop\/decool-824-my-world-mushroom-island-minecraft-compatible-moc-21129\/","title":{"rendered":"DECOOL 824 My World: Mushroom Island T\u01b0\u01a1ng th\u00edch Minecraft MOC 21129"},"content":{"rendered":"<p>Minecraft: \u0110\u1ea3o N\u1ea5m thu\u1ed9c b\u1ed9 Minecraft x\u00e2y d\u1ef1ng kh\u1ed1i. To\u00e0n b\u1ed9 b\u1ed9 ch\u1ee9a 252 h\u1ea1t kh\u1ed1i x\u00e2y d\u1ef1ng. \u0111\u01b0\u1ee3c ra m\u1eaft l\u1ea7n \u0111\u1ea7u ti\u00ean v\u00e0o n\u0103m 2017,<\/p>\n<p><img fetchpriority=\"high\" decoding=\"async\" class=\"size-full wp-image-193142 aligncenter\" src=\"https:\/\/pay.lpwstore.com\/wp-content\/uploads\/2020\/07\/DECOOL-824-My-World-Mushroom-Island-Minecraft-Compatible-LEGO-21129.jpg\" alt=\"DECOOL-824-My-World-Mushroom-Island-Minecraft-Compatible-LEGO-21129\" width=\"800\" height=\"800\" title=\"-\"> <img decoding=\"async\" class=\"size-full wp-image-193143 aligncenter\" src=\"https:\/\/pay.lpwstore.com\/wp-content\/uploads\/2020\/07\/DECOOL-824-My-World-Mushroom-Island-Minecraft-Compatible-LEGO-21129-2.jpg\" alt=\"DECOOL-824-My-World-Mushroom-Island-Minecraft-Compatible-LEGO-21129-2\" width=\"800\" height=\"800\" title=\"-\"><\/p>\n<p><img decoding=\"async\" class=\"size-medium wp-image-193144 aligncenter\" src=\"https:\/\/pay.lpwstore.com\/wp-content\/uploads\/2020\/07\/DECOOL-824-My-World-Mushroom-Island-Minecraft-Compatible-LEGO-21129-3.jpg\" alt=\"-\" width=\"800\" height=\"800\" title=\"-\"> <img loading=\"lazy\" decoding=\"async\" class=\"size-medium wp-image-193145 aligncenter\" src=\"https:\/\/pay.lpwstore.com\/wp-content\/uploads\/2020\/07\/DECOOL-824-My-World-Mushroom-Island-Minecraft-Compatible-LEGO-21129-4.jpg\" alt=\"-\" width=\"800\" height=\"800\" title=\"-\"><\/p>","protected":false},"excerpt":{"rendered":"<ul>\n<li>Bao g\u1ed3m <strong>252+<\/strong> chi\u1ebfc<\/li>\n<li>S\u00e1ch h\u01b0\u1edbng d\u1eabn s\u1eed d\u1ee5ng<\/li>\n<li>Kh\u1ed1i ABS ch\u1ea5t l\u01b0\u1ee3ng cao<\/li>\n<\/ul>","protected":false},"featured_media":15023,"comment_status":"open","ping_status":"closed","template":"","meta":{"_acf_changed":false},"product_cat":[15],"product_tag":[],"class_list":["product","first","instock","shipping-taxable","purchasable","product-type-simple"],"acf":[],"_links":{"self":[{"href":"https:\/\/mouldking.store\/vi\/wp-json\/wp\/v2\/product\/15022","targetHints":{"allow":["GET"]}}],"collection":[{"href":"https:\/\/mouldking.store\/vi\/wp-json\/wp\/v2\/product"}],"about":[{"href":"https:\/\/mouldking.store\/vi\/wp-json\/wp\/v2\/types\/product"}],"replies":[{"embeddable":true,"href":"https:\/\/mouldking.store\/vi\/wp-json\/wp\/v2\/comments?post=15022"}],"wp:featuredmedia":[{"embeddable":true,"href":"https:\/\/mouldking.store\/vi\/wp-json\/wp\/v2\/media\/15023"}],"wp:attachment":[{"href":"https:\/\/mouldking.store\/vi\/wp-json\/wp\/v2\/media?parent=15022"}],"wp:term":[{"taxonomy":"product_cat","embeddable":true,"href":"https:\/\/mouldking.store\/vi\/wp-json\/wp\/v2\/product_cat?post=15022"},{"taxonomy":"product_tag","embeddable":true,"href":"https:\/\/mouldking.store\/vi\/wp-json\/wp\/v2\/product_tag?post=15022"}],"curies":[{"name":"wp","href":"https:\/\/api.w.org\/{rel}","templated":true}]}}