{"id":15100,"date":"2021-09-28T03:15:56","date_gmt":"2021-09-28T03:15:56","guid":{"rendered":"https:\/\/mouldking.store\/product\/sembo-705980-705984-jackie-chan-dc-racing-super-cars-1493580"},"modified":"2021-10-11T03:01:02","modified_gmt":"2021-10-11T03:01:02","slug":"sembo-705980-705984-jackie-chan-dc-racing-super-cars","status":"publish","type":"product","link":"https:\/\/mouldking.store\/vi\/shop\/sembo-705980-705984-jackie-chan-dc-racing-super-cars\/","title":{"rendered":"SEMBO 705980 \u2013 705984 Th\u00e0nh Long DC Racing Si\u00eau xe"},"content":{"rendered":"<p>Th\u00e0nh Long DC Raching m\u00f4 h\u00ecnh 1:14 5 (Jackie Chan DC Raching) thu\u1ed9c nh\u00f3m c\u01a1 h\u1ecdc c\u1ee7a b\u1ed9 kh\u1ed1i x\u00e2y d\u1ef1ng, to\u00e0n b\u1ed9 b\u1ed9 ch\u1ee9a 7691 h\u1ea1t kh\u1ed1i x\u00e2y d\u1ef1ng. N\u00f3 s\u1ebd \u0111\u01b0\u1ee3c ra m\u1eaft v\u00e0o n\u0103m 2020.<\/p>\n<p><img fetchpriority=\"high\" decoding=\"async\" class=\"alignnone size-full wp-image-193335\" src=\"https:\/\/pay.lpwstore.com\/wp-content\/uploads\/2020\/07\/SEMBO-705984-Jackie-Chan-DC-Racing-Car.jpg\" alt=\"SEMBO-705984-Jackie-Chan-DC-Racing-Car\" width=\"800\" height=\"800\" title=\"-\"> <img decoding=\"async\" class=\"alignnone size-full wp-image-193337\" src=\"https:\/\/pay.lpwstore.com\/wp-content\/uploads\/2020\/07\/SEMBO-705984-Jackie-Chan-DC-Racing-Car-3.jpg\" alt=\"SEMBO-705984-Jackie-Chan-DC-Racing-Car-3\" width=\"800\" height=\"800\" title=\"-\"> <img decoding=\"async\" class=\"alignnone size-full wp-image-193336\" src=\"https:\/\/pay.lpwstore.com\/wp-content\/uploads\/2020\/07\/SEMBO-705984-Jackie-Chan-DC-Racing-Car-2.jpg\" alt=\"-\" width=\"800\" height=\"800\" title=\"-\"> <img loading=\"lazy\" decoding=\"async\" class=\"alignnone size-full wp-image-193333\" src=\"https:\/\/pay.lpwstore.com\/wp-content\/uploads\/2020\/07\/SEMBO-705983-Jackie-Chan-yellow-racing-car.jpg\" alt=\"SEMBO-705983-Jackie-Chan-yellow-racing-car\" width=\"800\" height=\"800\" title=\"-\"> <img loading=\"lazy\" decoding=\"async\" class=\"alignnone size-full wp-image-193334\" src=\"https:\/\/pay.lpwstore.com\/wp-content\/uploads\/2020\/07\/SEMBO-705983-Jackie-Chan-yellow-racing-car-2.jpg\" alt=\"-\" width=\"800\" height=\"800\" title=\"-\"> <img loading=\"lazy\" decoding=\"async\" class=\"alignnone size-full wp-image-193330\" src=\"https:\/\/pay.lpwstore.com\/wp-content\/uploads\/2020\/07\/SEMBO-705982-Jackie-Chan-red-blue-racing-car.jpg\" alt=\"SEMBO-705982-Jackie-Chan-red-blue-racing-car\" width=\"800\" height=\"800\" title=\"-\"> <img loading=\"lazy\" decoding=\"async\" class=\"alignnone size-full wp-image-193331\" src=\"https:\/\/pay.lpwstore.com\/wp-content\/uploads\/2020\/07\/SEMBO-705982-Jackie-Chan-red-blue-racing-car-2.jpg\" alt=\"-\" width=\"800\" height=\"800\" title=\"-\"> <img loading=\"lazy\" decoding=\"async\" class=\"alignnone size-full wp-image-193332\" src=\"https:\/\/pay.lpwstore.com\/wp-content\/uploads\/2020\/07\/SEMBO-705982-Jackie-Chan-red-blue-racing-car-3.jpg\" alt=\"-\" width=\"800\" height=\"800\" title=\"-\"> <img loading=\"lazy\" decoding=\"async\" class=\"alignnone size-full wp-image-193234\" src=\"https:\/\/pay.lpwstore.com\/wp-content\/uploads\/2020\/07\/SEMBO-705981-Jackie-Chan-DC-White-Racing-Car.jpg\" alt=\"SEMBO-705981-Jackie-Chan-DC-White-Racing-Car\" width=\"800\" height=\"800\" title=\"-\"> <img loading=\"lazy\" decoding=\"async\" class=\"alignnone size-full wp-image-193235\" src=\"https:\/\/pay.lpwstore.com\/wp-content\/uploads\/2020\/07\/SEMBO-705981-Jackie-Chan-DC-White-Racing-Car-2.jpg\" alt=\"-\" width=\"800\" height=\"800\" title=\"-\"> <img loading=\"lazy\" decoding=\"async\" class=\"alignnone size-full wp-image-193236\" src=\"https:\/\/pay.lpwstore.com\/wp-content\/uploads\/2020\/07\/SEMBO-705981-Jackie-Chan-DC-White-Racing-Car-3.jpg\" alt=\"-\" width=\"800\" height=\"800\" title=\"-\"> <img loading=\"lazy\" decoding=\"async\" class=\"alignnone size-full wp-image-193227\" src=\"https:\/\/pay.lpwstore.com\/wp-content\/uploads\/2020\/07\/SEMBO-705980-Jackie-Chan-DC-Red-Racing-Car.jpg\" alt=\"SEMBO-705980-Jackie-Chan-DC-Red-Racing-Car\" width=\"800\" height=\"800\" title=\"-\"> <img loading=\"lazy\" decoding=\"async\" class=\"alignnone size-full wp-image-193229\" src=\"https:\/\/pay.lpwstore.com\/wp-content\/uploads\/2020\/07\/SEMBO-705980-Jackie-Chan-DC-Red-Racing-Car-3.jpg\" alt=\"-\" width=\"800\" height=\"970\" title=\"-\"> <img loading=\"lazy\" decoding=\"async\" class=\"alignnone size-full wp-image-193230\" src=\"https:\/\/pay.lpwstore.com\/wp-content\/uploads\/2020\/07\/SEMBO-705980-Jackie-Chan-DC-Red-Racing-Car-4.jpg\" alt=\"-\" width=\"800\" height=\"800\" title=\"-\"><\/p>","protected":false},"excerpt":{"rendered":"<ul>\n<li>S\u00e1ch h\u01b0\u1edbng d\u1eabn s\u1eed d\u1ee5ng<\/li>\n<li>Kh\u1ed1i ABS ch\u1ea5t l\u01b0\u1ee3ng cao<\/li>\n<li>To\u00e0n b\u1ed9 5 b\u1ed9 ch\u1ee9a 7691 h\u1ea1t kh\u1ed1i x\u00e2y d\u1ef1ng<\/li>\n<\/ul>","protected":false},"featured_media":15101,"comment_status":"open","ping_status":"closed","template":"","meta":{"_acf_changed":false},"product_cat":[],"product_tag":[],"class_list":["product","first","outofstock","shipping-taxable","purchasable","product-type-variable","has-default-attributes"],"acf":[],"_links":{"self":[{"href":"https:\/\/mouldking.store\/vi\/wp-json\/wp\/v2\/product\/15100","targetHints":{"allow":["GET"]}}],"collection":[{"href":"https:\/\/mouldking.store\/vi\/wp-json\/wp\/v2\/product"}],"about":[{"href":"https:\/\/mouldking.store\/vi\/wp-json\/wp\/v2\/types\/product"}],"replies":[{"embeddable":true,"href":"https:\/\/mouldking.store\/vi\/wp-json\/wp\/v2\/comments?post=15100"}],"wp:featuredmedia":[{"embeddable":true,"href":"https:\/\/mouldking.store\/vi\/wp-json\/wp\/v2\/media\/15101"}],"wp:attachment":[{"href":"https:\/\/mouldking.store\/vi\/wp-json\/wp\/v2\/media?parent=15100"}],"wp:term":[{"taxonomy":"product_cat","embeddable":true,"href":"https:\/\/mouldking.store\/vi\/wp-json\/wp\/v2\/product_cat?post=15100"},{"taxonomy":"product_tag","embeddable":true,"href":"https:\/\/mouldking.store\/vi\/wp-json\/wp\/v2\/product_tag?post=15100"}],"curies":[{"name":"wp","href":"https:\/\/api.w.org\/{rel}","templated":true}]}}