{"id":15167,"date":"2021-09-28T03:16:44","date_gmt":"2021-09-28T03:16:44","guid":{"rendered":"https:\/\/mouldking.store\/product\/66-663-bumblebee-verion-2018-transformer-robot-9977317"},"modified":"2021-12-23T09:53:36","modified_gmt":"2021-12-23T09:53:36","slug":"66-663-bumblebee-verion-2018-transformer-robot","status":"publish","type":"product","link":"https:\/\/mouldking.store\/vi\/shop\/66-663-bumblebee-verion-2018-transformer-robot\/","title":{"rendered":"66 663 Bumblebee Verion 2018 Transformer Robot"},"content":{"rendered":"<p><strong>CHI TI\u1ebeT S\u1ea2N PH\u1ea8M<\/strong><\/p>\n<p>66 663 Bumblebee Verion 2018 Transformer Robot is based\u00a0 on Bumblebee Verion 2018 Transformer Robot in Transformer series film. \u00a0An awesome Brick set 66 663 Bumblebee Verion 2018 Transformer Robot<\/p>\n<p>&nbsp;<\/p>\n<figure id=\"attachment_193601\" aria-describedby=\"caption-attachment-193601\" style=\"width: 482px\" class=\"wp-caption alignnone\"><img fetchpriority=\"high\" decoding=\"async\" class=\"wp-image-193601 size-full\" src=\"https:\/\/pay.lpwstore.com\/wp-content\/uploads\/2020\/07\/images.jpg\" alt=\"-\" width=\"482\" height=\"723\" title=\"-\"><figcaption id=\"caption-attachment-193601\" class=\"wp-caption-text\">66 663 Bumblebee Verion 2018 Transformer Robot<\/figcaption><\/figure>\n<p>Bumblebee \/\u00a0 Transformers: Bumblebee, is a famous 2018 American science fiction action film centered on the Transformers character of the same name.<\/p>\n<p>It is the sixth installment of the live-action Transformers film series. Developed as a spin-off and prequel, it was later declared a reboot of the franchise<\/p>\n<ul>\n<li>+3500 pieces made from high-quality 100% ABS plastic bricks, safe for children, long time to play, 100% compatible with other brick brands<\/li>\n<li><span style=\"font-size: 14.4px;\">Easy-to-build with manual instruction of 66 663 Bumblebee Verion 2018 Transformer Robot <\/span><span style=\"font-size: 14.4px; color: #555555;\">v\u1edbi g\u1ea1ch b\u1eb1ng g\u1ea1ch h\u01b0\u1edbng d\u1eabn v\u00e0 h\u00ecnh \u1ea3nh ch\u1ea5t l\u01b0\u1ee3ng cao<\/span><\/li>\n<li><span style=\"font-size: 14.4px;\">Full dimensions of 66-661 Optimus Prime Transformer Robot: High 44.5cm x 27cm x 14.5cm<\/span><\/li>\n<\/ul>\n<figure id=\"attachment_193596\" aria-describedby=\"caption-attachment-193596\" style=\"width: 576px\" class=\"wp-caption alignnone\"><img decoding=\"async\" class=\"wp-image-193596 size-large\" src=\"https:\/\/pay.lpwstore.com\/wp-content\/uploads\/2020\/07\/66-663-Bumblebee-Verion-2018-Transformer-Robot-3-576x1024.jpg\" alt=\"-\" width=\"576\" height=\"1024\" title=\"-\"><figcaption id=\"caption-attachment-193596\" class=\"wp-caption-text\">66 663 Bumblebee Verion 2018 Transformer Robot<\/figcaption><\/figure>\n<figure id=\"attachment_193600\" aria-describedby=\"caption-attachment-193600\" style=\"width: 1020px\" class=\"wp-caption alignnone\"><img decoding=\"async\" class=\"size-large wp-image-193600\" src=\"https:\/\/pay.lpwstore.com\/wp-content\/uploads\/2020\/07\/66-663-Bumblebee-Verion-2018-Transformer-Robot-4-1024x720.png\" alt=\"-\" width=\"1020\" height=\"717\" title=\"-\"><figcaption id=\"caption-attachment-193600\" class=\"wp-caption-text\">66 663 Bumblebee Verion 2018 Transformer Robot Vs Version 2018 Film<\/figcaption><\/figure>\n<h4><strong>GIAO H\u00c0NG V\u00c0 TR\u1ea2 L\u1ea0I<\/strong><\/h4>\n<p>We guarantee for 66 663 Bumblebee Verion 2018 Transformer Robot<\/p>\n<ul>\n<li>Ho\u00e0n tr\u1ea3 \u0111\u1ea7y \u0111\u1ee7 n\u1ebfu kh\u00f4ng nh\u1eadn \u0111\u01b0\u1ee3c \u0111\u01a1n \u0111\u1eb7t h\u00e0ng c\u1ee7a b\u1ea1n<\/li>\n<li>Cung c\u1ea5p mi\u1ec5n ph\u00ed c\u00e1c ph\u1ea7n c\u00f2n thi\u1ebfu ho\u1eb7c s\u00e1ch h\u01b0\u1edbng d\u1eabn<\/li>\n<li>Kh\u00e1ch h\u00e0ng s\u1ebd kh\u00f4ng ph\u1ea3i tr\u1ea3 th\u00eam ti\u1ec1n thu\u1ebf v\u00e0 l\u1ec7 ph\u00ed h\u1ea3i quan. (N\u1ebfu b\u1ea1n ph\u1ea3i tr\u1ea3 ti\u1ec1n, ch\u00fang t\u00f4i s\u1ebd ho\u00e0n l\u1ea1i ti\u1ec1n cho b\u1ea1n)<\/li>\n<li>V\u1eadn chuy\u1ec3n qu\u1ed1c t\u1ebf kh\u00e1 ph\u1ee9c t\u1ea1p, ch\u00fang t\u00f4i c\u1ed1 g\u1eafng h\u1ebft s\u1ee9c \u0111\u1ec3 x\u1eed l\u00fd t\u1ea5t c\u1ea3 c\u00e1c v\u1ea5n \u0111\u1ec1 c\u1ee7a b\u1ea1n. Tuy nhi\u00ean, n\u1ebfu \u0111\u01a1n \u0111\u1eb7t h\u00e0ng c\u1ee7a b\u1ea1n g\u1eb7p m\u1ed9t s\u1ed1 r\u1eafc r\u1ed1i, vui l\u00f2ng li\u00ean h\u1ec7 v\u1edbi ch\u00fang t\u00f4i qua email<\/li>\n<li><span data-text-color=\"alert\"><strong>H\u1ee7y \u0111\u01a1n h\u00e0ng:<\/strong><\/span> N\u1ebfu c\u1ea7n h\u1ee7y \u0111\u01a1n h\u00e0ng, b\u1ea1n c\u1ea7n li\u00ean h\u1ec7 v\u1edbi ch\u00fang t\u00f4i qua email contact@pay.lpwstore.com c\u00e0ng s\u1edbm c\u00e0ng t\u1ed1t. Ch\u00fang t\u00f4i kh\u00f4ng th\u1ec3 d\u1eebng \u0111\u1eb7t h\u00e0ng cho \u0111\u1ebfn 48 gi\u1edd<\/li>\n<\/ul>\n<h4><strong>NH\u1eeeNG PH\u1ea6N C\u00d2N THI\u1ebeU<\/strong><\/h4>\n<p>All parts of 66 663 Bumblebee Verion 2018 Transformer Robot are quality checked before shipping, so if you find some missing or damaged parts, don&#8217;t worry.\u00a0 Please contact us and we will send them to you without any fees, or we will offer a small refund for you to buy in other places.<\/p>\n<figure id=\"attachment_193593\" aria-describedby=\"caption-attachment-193593\" style=\"width: 576px\" class=\"wp-caption alignnone\"><img loading=\"lazy\" decoding=\"async\" class=\"wp-image-193593 size-large\" src=\"https:\/\/pay.lpwstore.com\/wp-content\/uploads\/2020\/07\/66-663-Bumblebee-Verion-2018-Transformer-Robot-1-576x1024.jpg\" alt=\"-\" width=\"576\" height=\"1024\" title=\"-\"><figcaption id=\"caption-attachment-193593\" class=\"wp-caption-text\">66 663 Bumblebee Verion 2018 Transformer Robot<\/figcaption><\/figure>\n<figure id=\"attachment_193595\" aria-describedby=\"caption-attachment-193595\" style=\"width: 576px\" class=\"wp-caption alignnone\"><img loading=\"lazy\" decoding=\"async\" class=\"wp-image-193595 size-large\" src=\"https:\/\/pay.lpwstore.com\/wp-content\/uploads\/2020\/07\/66-663-Bumblebee-Verion-2018-Transformer-Robot-2-576x1024.jpg\" alt=\"-\" width=\"576\" height=\"1024\" title=\"-\"><figcaption id=\"caption-attachment-193595\" class=\"wp-caption-text\">66 663 Bumblebee Verion 2018 Transformer Robot<\/figcaption><\/figure>\n<figure id=\"attachment_193597\" aria-describedby=\"caption-attachment-193597\" style=\"width: 576px\" class=\"wp-caption alignnone\"><img loading=\"lazy\" decoding=\"async\" class=\"wp-image-193597 size-large\" src=\"https:\/\/pay.lpwstore.com\/wp-content\/uploads\/2020\/07\/66-663-Bumblebee-Verion-2018-Transformer-Robot-5-576x1024.jpg\" alt=\"-\" width=\"576\" height=\"1024\" title=\"-\"><figcaption id=\"caption-attachment-193597\" class=\"wp-caption-text\">66 663 Bumblebee Verion 2018 Transformer Robot<\/figcaption><\/figure>\n<figure id=\"attachment_193598\" aria-describedby=\"caption-attachment-193598\" style=\"width: 576px\" class=\"wp-caption alignnone\"><img loading=\"lazy\" decoding=\"async\" class=\"wp-image-193598 size-large\" src=\"https:\/\/pay.lpwstore.com\/wp-content\/uploads\/2020\/07\/66-663-Bumblebee-Verion-2018-Transformer-Robot-6-576x1024.jpg\" alt=\"-\" width=\"576\" height=\"1024\" title=\"-\"><figcaption id=\"caption-attachment-193598\" class=\"wp-caption-text\">66 663 Bumblebee Verion 2018 Transformer Robot<\/figcaption><\/figure>\n<figure id=\"attachment_180966\" class=\"wp-caption alignnone\" style=\"width: 605px;\" aria-describedby=\"caption-attachment-180966\"><\/figure>\n<div id=\"gtx-anchor\" style=\"position: absolute; visibility: hidden; left: 10px; top: 51.7813px; width: 522px; height: 16px;\"><\/div>\n<div class=\"jfk-bubble gtx-bubble\" style=\"visibility: visible; left: -54px; top: 78px; opacity: 1;\" role=\"alertdialog\" aria-describedby=\"bubble-2\">\n<div id=\"bubble-2\" class=\"jfk-bubble-content-id\">\n<div id=\"gtx-host\" style=\"min-width: 200px; max-width: 400px;\"><\/div>\n<\/div>\n<div class=\"jfk-bubble-closebtn-id jfk-bubble-closebtn\" tabindex=\"0\" role=\"button\" aria-label=\"\u0110\u00f3ng\"><\/div>\n<div class=\"jfk-bubble-arrow-id jfk-bubble-arrow jfk-bubble-arrowup\" style=\"left: 261px;\">\n<div class=\"jfk-bubble-arrowimplbefore\"><\/div>\n<div class=\"jfk-bubble-arrowimplafter\"><\/div>\n<\/div>\n<\/div>","protected":false},"excerpt":{"rendered":"<h2><span style=\"color: #ff0000;\"><strong>B\u00c1N TR\u01af\u1edaC!<\/strong><\/span><\/h2>\n<h2><strong>66 663 Bumblebee Verion 2018 Transformer Robot<\/strong><\/h2>\n<ul>\n<li>S\u1ed1 l\u01b0\u1ee3ng g\u1ea1ch:<strong>3500+ <\/strong>chi\u1ebfc<\/li>\n<li>kh\u1ed1i ch\u1ea5t l\u01b0\u1ee3ng cao<\/li>\n<li>D\u1ecbch v\u1ee5: Ph\u1ee5 t\u00f9ng thay th\u1ebf mi\u1ec5n ph\u00ed<\/li>\n<\/ul>","protected":false},"featured_media":15168,"comment_status":"open","ping_status":"closed","template":"","meta":{"_acf_changed":false},"product_cat":[],"product_tag":[],"class_list":["product","first","outofstock","shipping-taxable","purchasable","product-type-simple"],"acf":[],"_links":{"self":[{"href":"https:\/\/mouldking.store\/vi\/wp-json\/wp\/v2\/product\/15167","targetHints":{"allow":["GET"]}}],"collection":[{"href":"https:\/\/mouldking.store\/vi\/wp-json\/wp\/v2\/product"}],"about":[{"href":"https:\/\/mouldking.store\/vi\/wp-json\/wp\/v2\/types\/product"}],"replies":[{"embeddable":true,"href":"https:\/\/mouldking.store\/vi\/wp-json\/wp\/v2\/comments?post=15167"}],"wp:featuredmedia":[{"embeddable":true,"href":"https:\/\/mouldking.store\/vi\/wp-json\/wp\/v2\/media\/15168"}],"wp:attachment":[{"href":"https:\/\/mouldking.store\/vi\/wp-json\/wp\/v2\/media?parent=15167"}],"wp:term":[{"taxonomy":"product_cat","embeddable":true,"href":"https:\/\/mouldking.store\/vi\/wp-json\/wp\/v2\/product_cat?post=15167"},{"taxonomy":"product_tag","embeddable":true,"href":"https:\/\/mouldking.store\/vi\/wp-json\/wp\/v2\/product_tag?post=15167"}],"curies":[{"name":"wp","href":"https:\/\/api.w.org\/{rel}","templated":true}]}}