{"id":15325,"date":"2021-09-28T03:18:19","date_gmt":"2021-09-28T03:18:19","guid":{"rendered":"https:\/\/mouldking.store\/product\/18k-k1980-infernal-fc-contra-game-machine-5288000"},"modified":"2021-12-23T09:53:33","modified_gmt":"2021-12-23T09:53:33","slug":"18k-k1980-infernal-fc-contra-game-machine","status":"publish","type":"product","link":"https:\/\/mouldking.store\/vi\/shop\/18k-k1980-infernal-fc-contra-game-machine\/","title":{"rendered":"M\u00e1y ch\u01a1i game Infernal FC Contra 18K K1980"},"content":{"rendered":"<div class=\"richtext_wrap\">\n<div class=\"richtext\"><span>Infernal FC Contra 30 \u0111\u1eddi (Infernal FC Contra) thu\u1ed9c b\u1ed9 kh\u1ed1i x\u00e2y d\u1ef1ng s\u00ea-ri m\u00f4 h\u00ecnh cao c\u1ea5p, c\u1ea3 b\u1ed9 ch\u1ee9a 2980 h\u1ea1t kh\u1ed1i x\u00e2y d\u1ef1ng. L\u1ea7n \u0111\u1ea7u ti\u00ean \u0111\u01b0\u1ee3c ph\u00e1t h\u00e0nh v\u00e0o n\u0103m 2020.<\/span><\/div>\n<div><img fetchpriority=\"high\" decoding=\"async\" class=\"size-full wp-image-193879 aligncenter\" src=\"https:\/\/pay.lpwstore.com\/wp-content\/uploads\/2020\/07\/18K-K1980-Infernal-FC-Contra-game-machine.jpg\" alt=\"18K-K1980-Infernal-FC-Contra-game-machine\" width=\"800\" height=\"800\" title=\"-\"><\/div>\n<\/div>","protected":false},"excerpt":{"rendered":"<ul>\n<li>Bao g\u1ed3m <strong>2980+<\/strong> chi\u1ebfc<\/li>\n<li>S\u00e1ch h\u01b0\u1edbng d\u1eabn s\u1eed d\u1ee5ng<\/li>\n<li>Kh\u1ed1i ABS ch\u1ea5t l\u01b0\u1ee3ng cao<\/li>\n<\/ul>","protected":false},"featured_media":15326,"comment_status":"open","ping_status":"closed","template":"","meta":{"_acf_changed":false},"product_cat":[],"product_tag":[],"class_list":["product","first","instock","shipping-taxable","purchasable","product-type-simple"],"acf":[],"_links":{"self":[{"href":"https:\/\/mouldking.store\/vi\/wp-json\/wp\/v2\/product\/15325","targetHints":{"allow":["GET"]}}],"collection":[{"href":"https:\/\/mouldking.store\/vi\/wp-json\/wp\/v2\/product"}],"about":[{"href":"https:\/\/mouldking.store\/vi\/wp-json\/wp\/v2\/types\/product"}],"replies":[{"embeddable":true,"href":"https:\/\/mouldking.store\/vi\/wp-json\/wp\/v2\/comments?post=15325"}],"wp:featuredmedia":[{"embeddable":true,"href":"https:\/\/mouldking.store\/vi\/wp-json\/wp\/v2\/media\/15326"}],"wp:attachment":[{"href":"https:\/\/mouldking.store\/vi\/wp-json\/wp\/v2\/media?parent=15325"}],"wp:term":[{"taxonomy":"product_cat","embeddable":true,"href":"https:\/\/mouldking.store\/vi\/wp-json\/wp\/v2\/product_cat?post=15325"},{"taxonomy":"product_tag","embeddable":true,"href":"https:\/\/mouldking.store\/vi\/wp-json\/wp\/v2\/product_tag?post=15325"}],"curies":[{"name":"wp","href":"https:\/\/api.w.org\/{rel}","templated":true}]}}