{"id":15346,"date":"2021-09-28T03:18:50","date_gmt":"2021-09-28T03:18:50","guid":{"rendered":"https:\/\/mouldking.store\/product\/panlos-628001-cn373-earth-carrier-van-5500040"},"modified":"2021-12-23T09:53:33","modified_gmt":"2021-12-23T09:53:33","slug":"panlos-628001-cn373-earth-carrier-van","status":"publish","type":"product","link":"https:\/\/mouldking.store\/vi\/shop\/panlos-628001-cn373-earth-carrier-van\/","title":{"rendered":"PANLOS 628001 CN373 Earth Carrier Van"},"content":{"rendered":"<p style=\"text-align: left;\"><span>Wandering Earth: CN373 Earth Truck belongs to the building block set of the film and television game series. The whole set contains 2105 building block particles.\u00a0<\/span><span>L\u1ea7n \u0111\u1ea7u ti\u00ean \u0111\u01b0\u1ee3c ph\u00e1t h\u00e0nh v\u00e0o n\u0103m 2019.<\/span><\/p>\n<p><img fetchpriority=\"high\" decoding=\"async\" class=\"alignnone size-full wp-image-193926 aligncenter\" src=\"https:\/\/pay.lpwstore.com\/wp-content\/uploads\/2020\/07\/PANLOS-628001-CN373-Earth-Carrier-Van.jpg\" alt=\"PANLOS-628001-CN373-Earth-Carrier-Van\" width=\"800\" height=\"800\" title=\"-\"> <img decoding=\"async\" class=\"alignnone size-full wp-image-193928 aligncenter\" src=\"https:\/\/pay.lpwstore.com\/wp-content\/uploads\/2020\/07\/PANLOS-628001-CN373-Earth-Carrier-Van-3.jpg\" alt=\"-\" width=\"800\" height=\"800\" title=\"-\"> <img decoding=\"async\" class=\"alignnone size-full wp-image-193927 aligncenter\" src=\"https:\/\/pay.lpwstore.com\/wp-content\/uploads\/2020\/07\/PANLOS-628001-CN373-Earth-Carrier-Van-2.jpg\" alt=\"-\" width=\"800\" height=\"800\" title=\"-\"> <img loading=\"lazy\" decoding=\"async\" class=\"alignnone size-full wp-image-193930 aligncenter\" src=\"https:\/\/pay.lpwstore.com\/wp-content\/uploads\/2020\/07\/PANLOS-628001-CN373-Earth-Carrier-Van-5.jpg\" alt=\"-\" width=\"800\" height=\"800\" title=\"-\"> <img loading=\"lazy\" decoding=\"async\" class=\"alignnone size-full wp-image-193929 aligncenter\" src=\"https:\/\/pay.lpwstore.com\/wp-content\/uploads\/2020\/07\/PANLOS-628001-CN373-Earth-Carrier-Van-4.jpg\" alt=\"PANLOS-628001-CN373-Earth-Carrier-Van-4\" width=\"800\" height=\"800\" title=\"-\"><\/p>","protected":false},"excerpt":{"rendered":"<ul>\n<li>Bao g\u1ed3m <strong>2105+<\/strong> chi\u1ebfc<\/li>\n<li>S\u00e1ch h\u01b0\u1edbng d\u1eabn s\u1eed d\u1ee5ng<\/li>\n<li>High quallty ABS block<\/li>\n<\/ul>","protected":false},"featured_media":15347,"comment_status":"open","ping_status":"closed","template":"","meta":{"_acf_changed":false},"product_cat":[],"product_tag":[],"class_list":["product","first","instock","shipping-taxable","purchasable","product-type-simple"],"acf":[],"_links":{"self":[{"href":"https:\/\/mouldking.store\/vi\/wp-json\/wp\/v2\/product\/15346","targetHints":{"allow":["GET"]}}],"collection":[{"href":"https:\/\/mouldking.store\/vi\/wp-json\/wp\/v2\/product"}],"about":[{"href":"https:\/\/mouldking.store\/vi\/wp-json\/wp\/v2\/types\/product"}],"replies":[{"embeddable":true,"href":"https:\/\/mouldking.store\/vi\/wp-json\/wp\/v2\/comments?post=15346"}],"wp:featuredmedia":[{"embeddable":true,"href":"https:\/\/mouldking.store\/vi\/wp-json\/wp\/v2\/media\/15347"}],"wp:attachment":[{"href":"https:\/\/mouldking.store\/vi\/wp-json\/wp\/v2\/media?parent=15346"}],"wp:term":[{"taxonomy":"product_cat","embeddable":true,"href":"https:\/\/mouldking.store\/vi\/wp-json\/wp\/v2\/product_cat?post=15346"},{"taxonomy":"product_tag","embeddable":true,"href":"https:\/\/mouldking.store\/vi\/wp-json\/wp\/v2\/product_tag?post=15346"}],"curies":[{"name":"wp","href":"https:\/\/api.w.org\/{rel}","templated":true}]}}