{"id":15399,"date":"2021-09-28T03:19:42","date_gmt":"2021-09-28T03:19:42","guid":{"rendered":"https:\/\/mouldking.store\/product\/xingbao-xb-06023-across-the-battlefield-ac130-air-gunship-2077781"},"modified":"2021-12-23T09:53:31","modified_gmt":"2021-12-23T09:53:31","slug":"xingbao-xb-06023-across-the-battlefield-ac130-air-gunship","status":"publish","type":"product","link":"https:\/\/mouldking.store\/vi\/shop\/xingbao-xb-06023-across-the-battlefield-ac130-air-gunship\/","title":{"rendered":"XINGBAO XB-06023 Xuy\u00ean Chi\u1ebfn Tr\u01b0\u1eddng: Phi \u0110\u1ed9i Kh\u00f4ng Qu\u00e2n AC130"},"content":{"rendered":"<p style=\"text-align: left;\"><span>Xuy\u00ean chi\u1ebfn tr\u01b0\u1eddng: Chi\u1ebfn h\u1ea1m tr\u00ean kh\u00f4ng AC130 (Across The Battlefield: AC130) thu\u1ed9c b\u1ed9 kh\u1ed1i x\u00e2y d\u1ef1ng series qu\u00e2n s\u1ef1, tr\u1ecdn b\u1ed9 g\u1ed3m 1713 h\u1ea1t kh\u1ed1i x\u00e2y d\u1ef1ng.\u00a0<\/span><span>L\u1ea7n \u0111\u1ea7u ti\u00ean \u0111\u01b0\u1ee3c ph\u00e1t h\u00e0nh v\u00e0o n\u0103m 2018.<\/span><\/p>\n<p><img fetchpriority=\"high\" decoding=\"async\" class=\"alignnone size-full wp-image-194054 aligncenter\" src=\"https:\/\/pay.lpwstore.com\/wp-content\/uploads\/2020\/07\/XINGBAO-XB-06023-Across-The-Battlefield-AC130-Air-Gunship.jpg\" alt=\"XINGBAO-XB-06023-Across-The-Battlefield-AC130-Air-Gunship\" width=\"800\" height=\"800\" title=\"-\"> <img decoding=\"async\" class=\"alignnone size-full wp-image-194055 aligncenter\" src=\"https:\/\/pay.lpwstore.com\/wp-content\/uploads\/2020\/07\/XINGBAO-XB-06023-Across-The-Battlefield-AC130-Air-Gunship-2.jpg\" alt=\"-\" width=\"800\" height=\"800\" title=\"-\"> <img decoding=\"async\" class=\"alignnone size-full wp-image-194056 aligncenter\" src=\"https:\/\/pay.lpwstore.com\/wp-content\/uploads\/2020\/07\/XINGBAO-XB-06023-Across-The-Battlefield-AC130-Air-Gunship-3.jpg\" alt=\"-\" width=\"800\" height=\"800\" title=\"-\"><\/p>","protected":false},"excerpt":{"rendered":"<ul>\n<li>Bao g\u1ed3m <strong>1713+<\/strong> chi\u1ebfc<\/li>\n<li>S\u00e1ch h\u01b0\u1edbng d\u1eabn s\u1eed d\u1ee5ng<\/li>\n<li>Kh\u1ed1i ABS ch\u1ea5t l\u01b0\u1ee3ng cao<\/li>\n<\/ul>","protected":false},"featured_media":15400,"comment_status":"open","ping_status":"closed","template":"","meta":{"_acf_changed":false},"product_cat":[],"product_tag":[],"class_list":["product","first","instock","shipping-taxable","purchasable","product-type-simple"],"acf":[],"_links":{"self":[{"href":"https:\/\/mouldking.store\/vi\/wp-json\/wp\/v2\/product\/15399","targetHints":{"allow":["GET"]}}],"collection":[{"href":"https:\/\/mouldking.store\/vi\/wp-json\/wp\/v2\/product"}],"about":[{"href":"https:\/\/mouldking.store\/vi\/wp-json\/wp\/v2\/types\/product"}],"replies":[{"embeddable":true,"href":"https:\/\/mouldking.store\/vi\/wp-json\/wp\/v2\/comments?post=15399"}],"wp:featuredmedia":[{"embeddable":true,"href":"https:\/\/mouldking.store\/vi\/wp-json\/wp\/v2\/media\/15400"}],"wp:attachment":[{"href":"https:\/\/mouldking.store\/vi\/wp-json\/wp\/v2\/media?parent=15399"}],"wp:term":[{"taxonomy":"product_cat","embeddable":true,"href":"https:\/\/mouldking.store\/vi\/wp-json\/wp\/v2\/product_cat?post=15399"},{"taxonomy":"product_tag","embeddable":true,"href":"https:\/\/mouldking.store\/vi\/wp-json\/wp\/v2\/product_tag?post=15399"}],"curies":[{"name":"wp","href":"https:\/\/api.w.org\/{rel}","templated":true}]}}