{"id":15412,"date":"2021-09-28T03:19:57","date_gmt":"2021-09-28T03:19:57","guid":{"rendered":"https:\/\/mouldking.store\/product\/builo-yc-qc017-shine-yu-land-rover-defender-110-9862050"},"modified":"2021-12-23T09:53:30","modified_gmt":"2021-12-23T09:53:30","slug":"builo-yc-qc017-shine-yu-land-rover-defender-110","status":"publish","type":"product","link":"https:\/\/mouldking.store\/vi\/shop\/builo-yc-qc017-shine-yu-land-rover-defender-110\/","title":{"rendered":"BUILO YC-QC017 Shine YU: Land Rover Defender 110"},"content":{"rendered":"<p>Yuji Workshop: Land Rover Defender 110 (Shine YU: Land Rover Defender 110) belongs to the mechanical group series building block set, the whole set contains 3,500 building block particles.\u00a0First released in 2020.<\/p>\n<p><img fetchpriority=\"high\" decoding=\"async\" class=\"size-full wp-image-194190 aligncenter\" src=\"https:\/\/pay.lpwstore.com\/wp-content\/uploads\/2020\/07\/BUILO-YC-QC017-Shine-YU-Land-Rover-Defender-110.jpg\" alt=\"BUILO-YC-QC017-Shine-YU-Land-Rover-Defender-110\" width=\"800\" height=\"800\" title=\"-\"><\/p>","protected":false},"excerpt":{"rendered":"<p><span style=\"font-size: 150%; color: #ff0000;\"><strong>B\u00c1N TR\u01af\u1edaC. C\u00d3 S\u1eb4N V\u00c0O TH\u00c1NG 8 N\u0102M 2020<\/strong><\/span><\/p>\n<ul>\n<li>Bao g\u1ed3m <strong>3500+<\/strong> chi\u1ebfc<\/li>\n<li>S\u00e1ch h\u01b0\u1edbng d\u1eabn s\u1eed d\u1ee5ng<\/li>\n<li>Kh\u1ed1i ABS ch\u1ea5t l\u01b0\u1ee3ng cao<\/li>\n<\/ul>","protected":false},"featured_media":15413,"comment_status":"open","ping_status":"closed","template":"","meta":{"_acf_changed":false},"product_cat":[],"product_tag":[],"class_list":["product","first","outofstock","shipping-taxable","purchasable","product-type-simple"],"acf":[],"_links":{"self":[{"href":"https:\/\/mouldking.store\/vi\/wp-json\/wp\/v2\/product\/15412","targetHints":{"allow":["GET"]}}],"collection":[{"href":"https:\/\/mouldking.store\/vi\/wp-json\/wp\/v2\/product"}],"about":[{"href":"https:\/\/mouldking.store\/vi\/wp-json\/wp\/v2\/types\/product"}],"replies":[{"embeddable":true,"href":"https:\/\/mouldking.store\/vi\/wp-json\/wp\/v2\/comments?post=15412"}],"wp:featuredmedia":[{"embeddable":true,"href":"https:\/\/mouldking.store\/vi\/wp-json\/wp\/v2\/media\/15413"}],"wp:attachment":[{"href":"https:\/\/mouldking.store\/vi\/wp-json\/wp\/v2\/media?parent=15412"}],"wp:term":[{"taxonomy":"product_cat","embeddable":true,"href":"https:\/\/mouldking.store\/vi\/wp-json\/wp\/v2\/product_cat?post=15412"},{"taxonomy":"product_tag","embeddable":true,"href":"https:\/\/mouldking.store\/vi\/wp-json\/wp\/v2\/product_tag?post=15412"}],"curies":[{"name":"wp","href":"https:\/\/api.w.org\/{rel}","templated":true}]}}