{"id":15460,"date":"2021-09-28T03:20:52","date_gmt":"2021-09-28T03:20:52","guid":{"rendered":"https:\/\/mouldking.store\/product\/sx-3040-heartlake-grand-hotel-4026217"},"modified":"2021-12-23T09:53:30","modified_gmt":"2021-12-23T09:53:30","slug":"sx-3040-heartlake-grand-hotel","status":"publish","type":"product","link":"https:\/\/mouldking.store\/vi\/shop\/sx-3040-heartlake-grand-hotel\/","title":{"rendered":"SX 3040 Kh\u00e1ch s\u1ea1n Heartlake Grand"},"content":{"rendered":"<p style=\"text-align: left;\">B\u1ea1n th\u00e2n m\u1ebfn: Heartlake Grand Hotel thu\u1ed9c b\u1ed9 x\u1ebfp h\u00ecnh d\u00e0nh cho b\u00e9 g\u00e1i. To\u00e0n b\u1ed9 b\u1ed9 s\u1ea3n ph\u1ea9m bao g\u1ed3m 1552 m\u1ea3nh gh\u00e9p.<\/p>\n<p><img fetchpriority=\"high\" decoding=\"async\" class=\"alignnone size-full wp-image-194429 aligncenter\" src=\"https:\/\/pay.lpwstore.com\/wp-content\/uploads\/2020\/08\/SX-3040-Heartlake-Grand-Hotel.jpg\" alt=\"SX-3040-Heartlake-Grand-Hotel\" width=\"800\" height=\"800\" title=\"-\"> <img decoding=\"async\" class=\"alignnone size-full wp-image-194430 aligncenter\" src=\"https:\/\/pay.lpwstore.com\/wp-content\/uploads\/2020\/08\/SX-3040-Heartlake-Grand-Hotel-2.jpg\" alt=\"-\" width=\"800\" height=\"800\" title=\"-\"> <img decoding=\"async\" class=\"alignnone size-full wp-image-194431 aligncenter\" src=\"https:\/\/pay.lpwstore.com\/wp-content\/uploads\/2020\/08\/SX-3040-Heartlake-Grand-Hotel-3.jpg\" alt=\"SX-3040-Heartlake-Grand-Hotel-3\" width=\"800\" height=\"800\" title=\"-\"> <img loading=\"lazy\" decoding=\"async\" class=\"alignnone size-full wp-image-194432 aligncenter\" src=\"https:\/\/pay.lpwstore.com\/wp-content\/uploads\/2020\/08\/SX-3040-Heartlake-Grand-Hotel-4.jpg\" alt=\"-\" width=\"800\" height=\"800\" title=\"-\"> <img loading=\"lazy\" decoding=\"async\" class=\"alignnone size-full wp-image-194433 aligncenter\" src=\"https:\/\/pay.lpwstore.com\/wp-content\/uploads\/2020\/08\/SX-3040-Heartlake-Grand-Hotel-5.jpg\" alt=\"SX-3040-Heartlake-Grand-Hotel-5\" width=\"800\" height=\"800\" title=\"-\"><\/p>","protected":false},"excerpt":{"rendered":"<ul>\n<li>Bao g\u1ed3m <strong>1552+<\/strong> chi\u1ebfc<\/li>\n<li>S\u00e1ch h\u01b0\u1edbng d\u1eabn s\u1eed d\u1ee5ng<\/li>\n<li>Kh\u1ed1i ABS ch\u1ea5t l\u01b0\u1ee3ng cao<\/li>\n<\/ul>","protected":false},"featured_media":15461,"comment_status":"open","ping_status":"closed","template":"","meta":{"_acf_changed":false},"product_cat":[],"product_tag":[],"class_list":["product","first","instock","shipping-taxable","purchasable","product-type-simple"],"acf":[],"_links":{"self":[{"href":"https:\/\/mouldking.store\/vi\/wp-json\/wp\/v2\/product\/15460","targetHints":{"allow":["GET"]}}],"collection":[{"href":"https:\/\/mouldking.store\/vi\/wp-json\/wp\/v2\/product"}],"about":[{"href":"https:\/\/mouldking.store\/vi\/wp-json\/wp\/v2\/types\/product"}],"replies":[{"embeddable":true,"href":"https:\/\/mouldking.store\/vi\/wp-json\/wp\/v2\/comments?post=15460"}],"wp:featuredmedia":[{"embeddable":true,"href":"https:\/\/mouldking.store\/vi\/wp-json\/wp\/v2\/media\/15461"}],"wp:attachment":[{"href":"https:\/\/mouldking.store\/vi\/wp-json\/wp\/v2\/media?parent=15460"}],"wp:term":[{"taxonomy":"product_cat","embeddable":true,"href":"https:\/\/mouldking.store\/vi\/wp-json\/wp\/v2\/product_cat?post=15460"},{"taxonomy":"product_tag","embeddable":true,"href":"https:\/\/mouldking.store\/vi\/wp-json\/wp\/v2\/product_tag?post=15460"}],"curies":[{"name":"wp","href":"https:\/\/api.w.org\/{rel}","templated":true}]}}