{"id":15471,"date":"2021-09-28T03:21:00","date_gmt":"2021-09-28T03:21:00","guid":{"rendered":"https:\/\/mouldking.store\/product\/sy-5400-snow-princess-castle-s-girls-5248412"},"modified":"2021-12-23T09:53:30","modified_gmt":"2021-12-23T09:53:30","slug":"sy-5400-snow-princess-castle-s-girls","status":"publish","type":"product","link":"https:\/\/mouldking.store\/vi\/shop\/sy-5400-snow-princess-castle-s-girls\/","title":{"rendered":"L\u00e2u \u0111\u00e0i C\u00f4ng ch\u00faa Tuy\u1ebft SY 5400 \u2013 D\u00e0nh cho b\u00e9 g\u00e1i (S-Girls)"},"content":{"rendered":"<div class=\"richtext_wrap\">\n<div class=\"richtext\"><span>S-Girls belongs to the girl series building block set, the whole set contains 784 building block particles.\u00a0First released in 2020.<\/span><\/div>\n<div><img fetchpriority=\"high\" decoding=\"async\" class=\"size-full wp-image-194570 aligncenter\" src=\"https:\/\/pay.lpwstore.com\/wp-content\/uploads\/2020\/08\/SY-5400-Snow-Princess-Castle-S-Girls.jpg\" alt=\"SY-5400-Snow-Princess-Castle---S-Girls\" width=\"800\" height=\"800\" title=\"-\"><\/div>\n<\/div>","protected":false},"excerpt":{"rendered":"<ul>\n<li>Bao g\u1ed3m: <strong>784+<\/strong> chi\u1ebfc<\/li>\n<li>S\u00e1ch h\u01b0\u1edbng d\u1eabn s\u1eed d\u1ee5ng<\/li>\n<li>Kh\u1ed1i ABS ch\u1ea5t l\u01b0\u1ee3ng cao<\/li>\n<li>Kh\u00f4ng c\u00f3 h\u1ed9p ban \u0111\u1ea7u<\/li>\n<\/ul>","protected":false},"featured_media":15472,"comment_status":"open","ping_status":"closed","template":"","meta":{"_acf_changed":false},"product_cat":[],"product_tag":[],"class_list":["product","first","instock","shipping-taxable","purchasable","product-type-simple"],"acf":[],"_links":{"self":[{"href":"https:\/\/mouldking.store\/vi\/wp-json\/wp\/v2\/product\/15471","targetHints":{"allow":["GET"]}}],"collection":[{"href":"https:\/\/mouldking.store\/vi\/wp-json\/wp\/v2\/product"}],"about":[{"href":"https:\/\/mouldking.store\/vi\/wp-json\/wp\/v2\/types\/product"}],"replies":[{"embeddable":true,"href":"https:\/\/mouldking.store\/vi\/wp-json\/wp\/v2\/comments?post=15471"}],"wp:featuredmedia":[{"embeddable":true,"href":"https:\/\/mouldking.store\/vi\/wp-json\/wp\/v2\/media\/15472"}],"wp:attachment":[{"href":"https:\/\/mouldking.store\/vi\/wp-json\/wp\/v2\/media?parent=15471"}],"wp:term":[{"taxonomy":"product_cat","embeddable":true,"href":"https:\/\/mouldking.store\/vi\/wp-json\/wp\/v2\/product_cat?post=15471"},{"taxonomy":"product_tag","embeddable":true,"href":"https:\/\/mouldking.store\/vi\/wp-json\/wp\/v2\/product_tag?post=15471"}],"curies":[{"name":"wp","href":"https:\/\/api.w.org\/{rel}","templated":true}]}}