{"id":15488,"date":"2021-09-28T03:21:16","date_gmt":"2021-09-28T03:21:16","guid":{"rendered":"https:\/\/mouldking.store\/product\/cada-c61004-pgz-09-self-propelled-artillery-8379852"},"modified":"2021-12-23T09:53:30","modified_gmt":"2021-12-23T09:53:30","slug":"cada-c61004-pgz-09-self-propelled-artillery","status":"publish","type":"product","link":"https:\/\/mouldking.store\/vi\/shop\/cada-c61004-pgz-09-self-propelled-artillery\/","title":{"rendered":"CADA C61004 PGZ-09 self-propelled artillery"},"content":{"rendered":"<p><span>Jackets defeat land warfare: PGZ-09 self-propelled anti-aircraft gun belongs to the military series building block set, the whole set contains 1762 building block particles.\u00a0<\/span><span>L\u1ea7n \u0111\u1ea7u ti\u00ean \u0111\u01b0\u1ee3c ph\u00e1t h\u00e0nh v\u00e0o n\u0103m 2020.<\/span><\/p>\n<p><img fetchpriority=\"high\" decoding=\"async\" class=\"alignnone size-full wp-image-194654\" src=\"https:\/\/pay.lpwstore.com\/wp-content\/uploads\/2020\/08\/CADA-C61004-PGZ-09-self-propelled-artillery.jpg\" alt=\"CADA-C61004-PGZ-09-self-propelled-artillery\" width=\"1280\" height=\"1280\" title=\"-\"><\/p>","protected":false},"excerpt":{"rendered":"<ul>\n<li>Bao g\u1ed3m <strong>1762+<\/strong> chi\u1ebfc<\/li>\n<li>S\u00e1ch h\u01b0\u1edbng d\u1eabn<\/li>\n<li>Kh\u1ed1i ABS ch\u1ea5t l\u01b0\u1ee3ng cao<\/li>\n<\/ul>","protected":false},"featured_media":15489,"comment_status":"open","ping_status":"closed","template":"","meta":{"_acf_changed":false},"product_cat":[],"product_tag":[],"class_list":["product","first","instock","shipping-taxable","purchasable","product-type-simple"],"acf":[],"_links":{"self":[{"href":"https:\/\/mouldking.store\/vi\/wp-json\/wp\/v2\/product\/15488","targetHints":{"allow":["GET"]}}],"collection":[{"href":"https:\/\/mouldking.store\/vi\/wp-json\/wp\/v2\/product"}],"about":[{"href":"https:\/\/mouldking.store\/vi\/wp-json\/wp\/v2\/types\/product"}],"replies":[{"embeddable":true,"href":"https:\/\/mouldking.store\/vi\/wp-json\/wp\/v2\/comments?post=15488"}],"wp:featuredmedia":[{"embeddable":true,"href":"https:\/\/mouldking.store\/vi\/wp-json\/wp\/v2\/media\/15489"}],"wp:attachment":[{"href":"https:\/\/mouldking.store\/vi\/wp-json\/wp\/v2\/media?parent=15488"}],"wp:term":[{"taxonomy":"product_cat","embeddable":true,"href":"https:\/\/mouldking.store\/vi\/wp-json\/wp\/v2\/product_cat?post=15488"},{"taxonomy":"product_tag","embeddable":true,"href":"https:\/\/mouldking.store\/vi\/wp-json\/wp\/v2\/product_tag?post=15488"}],"curies":[{"name":"wp","href":"https:\/\/api.w.org\/{rel}","templated":true}]}}