{"id":15537,"date":"2021-09-28T03:22:32","date_gmt":"2021-09-28T03:22:32","guid":{"rendered":"https:\/\/mouldking.store\/product\/xingbao-xb-06018-crossing-the-battlefield-tracked-armored-fighting-vehicle-1233120"},"modified":"2022-03-07T23:11:22","modified_gmt":"2022-03-07T16:11:22","slug":"xingbao-xb-06018-crossing-the-battlefield-tracked-armored-fighting-vehicle","status":"publish","type":"product","link":"https:\/\/mouldking.store\/vi\/shop\/xingbao-xb-06018-crossing-the-battlefield-tracked-armored-fighting-vehicle\/","title":{"rendered":"XINGBAO XB-06018 V\u01b0\u1ee3t qua chi\u1ebfn tr\u01b0\u1eddng: xe chi\u1ebfn \u0111\u1ea5u b\u1ecdc th\u00e9p b\u00e1nh x\u00edch"},"content":{"rendered":"<p>Xuy\u00ean chi\u1ebfn tr\u01b0\u1eddng: Across The Battlefield (Xe b\u1ecdc th\u00e9p) thu\u1ed9c b\u1ed9 kh\u1ed1i x\u00e2y d\u1ef1ng s\u00ea-ri qu\u00e2n s\u1ef1, tr\u1ecdn b\u1ed9 g\u1ed3m 1049 h\u1ea1t kh\u1ed1i x\u00e2y d\u1ef1ng. L\u1ea7n \u0111\u1ea7u ti\u00ean \u0111\u01b0\u1ee3c ph\u00e1t h\u00e0nh v\u00e0o n\u0103m 2017.<\/p>\n<p><img fetchpriority=\"high\" decoding=\"async\" class=\"alignnone size-full wp-image-194837\" src=\"https:\/\/pay.lpwstore.com\/wp-content\/uploads\/2020\/08\/06018-4.jpg\" alt=\"-\" width=\"800\" height=\"800\" title=\"-\"> <img decoding=\"async\" class=\"alignnone size-full wp-image-194836\" src=\"https:\/\/pay.lpwstore.com\/wp-content\/uploads\/2020\/08\/06018-3.jpg\" alt=\"-\" width=\"800\" height=\"800\" title=\"-\"> <img decoding=\"async\" class=\"alignnone size-full wp-image-194835\" src=\"https:\/\/pay.lpwstore.com\/wp-content\/uploads\/2020\/08\/06018-2.jpg\" alt=\"XINGBAO XB-06018 Crossing the battlefield: tracked armored fighting vehicle\" width=\"800\" height=\"800\" title=\"-\"> <img loading=\"lazy\" decoding=\"async\" class=\"alignnone size-full wp-image-194834\" src=\"https:\/\/pay.lpwstore.com\/wp-content\/uploads\/2020\/08\/06018-1.jpg\" alt=\"XINGBAO XB-06018 Crossing the battlefield: tracked armored fighting vehicle\" width=\"800\" height=\"800\" title=\"-\"><\/p>","protected":false},"excerpt":{"rendered":"<ul>\n<li>Bao g\u1ed3m <strong>1049+<\/strong> chi\u1ebfc<\/li>\n<li>S\u00e1ch h\u01b0\u1edbng d\u1eabn s\u1eed d\u1ee5ng<\/li>\n<li>Kh\u1ed1i ABS ch\u1ea5t l\u01b0\u1ee3ng cao<\/li>\n<\/ul>","protected":false},"featured_media":15538,"comment_status":"open","ping_status":"closed","template":"","meta":{"_acf_changed":false},"product_cat":[15],"product_tag":[],"class_list":["product","first","outofstock","shipping-taxable","purchasable","product-type-simple"],"acf":[],"_links":{"self":[{"href":"https:\/\/mouldking.store\/vi\/wp-json\/wp\/v2\/product\/15537","targetHints":{"allow":["GET"]}}],"collection":[{"href":"https:\/\/mouldking.store\/vi\/wp-json\/wp\/v2\/product"}],"about":[{"href":"https:\/\/mouldking.store\/vi\/wp-json\/wp\/v2\/types\/product"}],"replies":[{"embeddable":true,"href":"https:\/\/mouldking.store\/vi\/wp-json\/wp\/v2\/comments?post=15537"}],"wp:featuredmedia":[{"embeddable":true,"href":"https:\/\/mouldking.store\/vi\/wp-json\/wp\/v2\/media\/15538"}],"wp:attachment":[{"href":"https:\/\/mouldking.store\/vi\/wp-json\/wp\/v2\/media?parent=15537"}],"wp:term":[{"taxonomy":"product_cat","embeddable":true,"href":"https:\/\/mouldking.store\/vi\/wp-json\/wp\/v2\/product_cat?post=15537"},{"taxonomy":"product_tag","embeddable":true,"href":"https:\/\/mouldking.store\/vi\/wp-json\/wp\/v2\/product_tag?post=15537"}],"curies":[{"name":"wp","href":"https:\/\/api.w.org\/{rel}","templated":true}]}}