{"id":15565,"date":"2021-09-28T03:23:09","date_gmt":"2021-09-28T03:23:09","guid":{"rendered":"https:\/\/mouldking.store\/product\/wange-5661-jungle-command-war-6-combination-armed-reconnaissance-3254821"},"modified":"2021-12-23T09:53:29","modified_gmt":"2021-12-23T09:53:29","slug":"wange-5661-jungle-command-war-6-combination-armed-reconnaissance","status":"publish","type":"product","link":"https:\/\/mouldking.store\/vi\/shop\/wange-5661-jungle-command-war-6-combination-armed-reconnaissance\/","title":{"rendered":"WANGE 5661 Jungle Command War 6 Trinh s\u00e1t v\u0169 trang k\u1ebft h\u1ee3p"},"content":{"rendered":"<p><span>Ph\u00f2ng chi\u1ebfn tranh ch\u1ec9 huy trong r\u1eebng, M\u00e1y bay tr\u1ef1c th\u0103ng chi\u1ebfn \u0111\u1ea5u 6 M\u00e1y bay trinh s\u00e1t v\u0169 trang k\u1ebft h\u1ee3p, T\u00e0u ng\u1ea7m chi\u1ebfn \u0111\u1ea5u tr\u00ean b\u1ed9, Tr\u1ea1m \u0111i\u1ec1u tra th\u1ef1c \u0111\u1ecba, Xe b\u1ecdc th\u00e9p ph\u00f2ng kh\u00f4ng, UAV ch\u1eb7t \u0111\u1ea7u, C\u0103n c\u1ee9 giam gi\u1eef v\u0169 trang (H\u00f2a b\u00ecnh) thu\u1ed9c b\u1ed9 kh\u1ed1i x\u00e2y d\u1ef1ng s\u00ea-ri qu\u00e2n s\u1ef1, to\u00e0n b\u1ed9 ch\u1ee9a 1059 t\u00f2a nh\u00e0 kh\u1ed1i H\u1ea1t.\u00a0<\/span><span>L\u1ea7n \u0111\u1ea7u ti\u00ean \u0111\u01b0\u1ee3c ph\u00e1t h\u00e0nh v\u00e0o n\u0103m 2020.<\/span><\/p>\n<p><img fetchpriority=\"high\" decoding=\"async\" class=\"wp-image-195082 aligncenter\" src=\"https:\/\/pay.lpwstore.com\/wp-content\/uploads\/2020\/08\/WANGE-5661-Jungle-Command-War-6-Combination-Armed-Reconnaissance-2.jpg\" alt=\"WANGE-5661-Jungle-Command-War-6-Combination-Armed-Reconnaissance-2\" width=\"747\" height=\"1055\" title=\"-\"><\/p>","protected":false},"excerpt":{"rendered":"<ul>\n<li>Bao g\u1ed3m <strong>1059+<\/strong> chi\u1ebfc<\/li>\n<li>S\u00e1ch h\u01b0\u1edbng d\u1eabn s\u1eed d\u1ee5ng<\/li>\n<li>Kh\u1ed1i ABS ch\u1ea5t l\u01b0\u1ee3ng cao<\/li>\n<\/ul>","protected":false},"featured_media":15566,"comment_status":"open","ping_status":"closed","template":"","meta":{"_acf_changed":false},"product_cat":[],"product_tag":[],"class_list":["product","first","instock","shipping-taxable","purchasable","product-type-simple"],"acf":[],"_links":{"self":[{"href":"https:\/\/mouldking.store\/vi\/wp-json\/wp\/v2\/product\/15565","targetHints":{"allow":["GET"]}}],"collection":[{"href":"https:\/\/mouldking.store\/vi\/wp-json\/wp\/v2\/product"}],"about":[{"href":"https:\/\/mouldking.store\/vi\/wp-json\/wp\/v2\/types\/product"}],"replies":[{"embeddable":true,"href":"https:\/\/mouldking.store\/vi\/wp-json\/wp\/v2\/comments?post=15565"}],"wp:featuredmedia":[{"embeddable":true,"href":"https:\/\/mouldking.store\/vi\/wp-json\/wp\/v2\/media\/15566"}],"wp:attachment":[{"href":"https:\/\/mouldking.store\/vi\/wp-json\/wp\/v2\/media?parent=15565"}],"wp:term":[{"taxonomy":"product_cat","embeddable":true,"href":"https:\/\/mouldking.store\/vi\/wp-json\/wp\/v2\/product_cat?post=15565"},{"taxonomy":"product_tag","embeddable":true,"href":"https:\/\/mouldking.store\/vi\/wp-json\/wp\/v2\/product_tag?post=15565"}],"curies":[{"name":"wp","href":"https:\/\/api.w.org\/{rel}","templated":true}]}}