{"id":15691,"date":"2021-09-28T03:23:40","date_gmt":"2021-09-28T03:23:40","guid":{"rendered":"https:\/\/mouldking.store\/product\/qizhile-90011-typewriter-3065849"},"modified":"2021-12-23T09:53:25","modified_gmt":"2021-12-23T09:53:25","slug":"qizhile-90011-typewriter","status":"publish","type":"product","link":"https:\/\/mouldking.store\/vi\/shop\/qizhile-90011-typewriter\/","title":{"rendered":"m\u00e1y \u0111\u00e1nh ch\u1eef QIZHILE 90011"},"content":{"rendered":"<p>M\u00e1y \u0111\u00e1nh ch\u1eef (Typewriter) thu\u1ed9c b\u1ed9 x\u1ebfp h\u00ecnh kh\u1ed1i m\u00f4 h\u00ecnh ti\u00ean ti\u1ebfn, tr\u1ecdn b\u1ed9 g\u1ed3m 1503 h\u1ea1t gh\u00e9p kh\u1ed1i x\u1ebfp h\u00ecnh. L\u1ea7n \u0111\u1ea7u ti\u00ean \u0111\u01b0\u1ee3c ph\u00e1t h\u00e0nh v\u00e0o n\u0103m 2019.<\/p>\n<p><img fetchpriority=\"high\" decoding=\"async\" class=\"alignnone size-full wp-image-195249\" src=\"https:\/\/pay.lpwstore.com\/wp-content\/uploads\/2020\/08\/90011-3.jpg\" alt=\"QIZHILE 90011 typewriter \" width=\"800\" height=\"800\" title=\"-\"> <img decoding=\"async\" class=\"alignnone size-full wp-image-195247\" src=\"https:\/\/pay.lpwstore.com\/wp-content\/uploads\/2020\/08\/90011-1.jpg\" alt=\"QIZHILE 90011 typewriter\" width=\"800\" height=\"800\" title=\"-\"> <img decoding=\"async\" class=\"alignnone size-full wp-image-195248\" src=\"https:\/\/pay.lpwstore.com\/wp-content\/uploads\/2020\/08\/90011-2.jpg\" alt=\"QIZHILE 90011 typewriter\" width=\"800\" height=\"800\" title=\"-\"><\/p>","protected":false},"excerpt":{"rendered":"<ul>\n<li>Bao g\u1ed3m <strong>1503+<\/strong> chi\u1ebfc<\/li>\n<li>S\u00e1ch h\u01b0\u1edbng d\u1eabn s\u1eed d\u1ee5ng<\/li>\n<li>Kh\u1ed1i ABS ch\u1ea5t l\u01b0\u1ee3ng cao<\/li>\n<\/ul>","protected":false},"featured_media":15692,"comment_status":"open","ping_status":"closed","template":"","meta":{"_acf_changed":false},"product_cat":[],"product_tag":[],"class_list":["product","first","instock","shipping-taxable","purchasable","product-type-simple"],"acf":[],"_links":{"self":[{"href":"https:\/\/mouldking.store\/vi\/wp-json\/wp\/v2\/product\/15691","targetHints":{"allow":["GET"]}}],"collection":[{"href":"https:\/\/mouldking.store\/vi\/wp-json\/wp\/v2\/product"}],"about":[{"href":"https:\/\/mouldking.store\/vi\/wp-json\/wp\/v2\/types\/product"}],"replies":[{"embeddable":true,"href":"https:\/\/mouldking.store\/vi\/wp-json\/wp\/v2\/comments?post=15691"}],"wp:featuredmedia":[{"embeddable":true,"href":"https:\/\/mouldking.store\/vi\/wp-json\/wp\/v2\/media\/15692"}],"wp:attachment":[{"href":"https:\/\/mouldking.store\/vi\/wp-json\/wp\/v2\/media?parent=15691"}],"wp:term":[{"taxonomy":"product_cat","embeddable":true,"href":"https:\/\/mouldking.store\/vi\/wp-json\/wp\/v2\/product_cat?post=15691"},{"taxonomy":"product_tag","embeddable":true,"href":"https:\/\/mouldking.store\/vi\/wp-json\/wp\/v2\/product_tag?post=15691"}],"curies":[{"name":"wp","href":"https:\/\/api.w.org\/{rel}","templated":true}]}}