{"id":15722,"date":"2021-09-28T03:24:06","date_gmt":"2021-09-28T03:24:06","guid":{"rendered":"https:\/\/mouldking.store\/product\/kazi-ky98253-military-train-dpk32-railway-track-laying-machine-3042530"},"modified":"2021-12-23T09:53:24","modified_gmt":"2021-12-23T09:53:24","slug":"kazi-ky98253-military-train-dpk32-railway-track-laying-machine","status":"publish","type":"product","link":"https:\/\/mouldking.store\/vi\/shop\/kazi-ky98253-military-train-dpk32-railway-track-laying-machine\/","title":{"rendered":"KAZI KY98253 Xe l\u1eeda qu\u00e2n s\u1ef1: M\u00e1y r\u1ea3i \u0111\u01b0\u1eddng ray DPK32"},"content":{"rendered":"<p style=\"text-align: left;\">Xe l\u1eeda qu\u00e2n s\u1ef1: M\u00e1y \u0111\u1eb7t \u0111\u01b0\u1eddng ray DPK32 (Xe l\u1eeda qu\u00e2n s\u1ef1) thu\u1ed9c b\u1ed9 kh\u1ed1i x\u00e2y d\u1ef1ng s\u00ea-ri th\u00e0nh ph\u1ed1, c\u1ea3 b\u1ed9 ch\u1ee9a 1270 h\u1ea1t kh\u1ed1i x\u00e2y d\u1ef1ng. L\u1ea7n \u0111\u1ea7u ti\u00ean \u0111\u01b0\u1ee3c ph\u00e1t h\u00e0nh v\u00e0o n\u0103m 2020.<\/p>\n<p><img fetchpriority=\"high\" decoding=\"async\" class=\"alignnone size-full wp-image-195374 aligncenter\" src=\"https:\/\/pay.lpwstore.com\/wp-content\/uploads\/2020\/08\/KAZI-KY98253-Military-train-DPK32-railway-track-laying-machine.jpg\" alt=\"KAZI-KY98253-Military-train-DPK32-railway-track-laying-machine\" width=\"800\" height=\"800\" title=\"-\"> <img decoding=\"async\" class=\"alignnone size-full wp-image-195375 aligncenter\" src=\"https:\/\/pay.lpwstore.com\/wp-content\/uploads\/2020\/08\/KAZI-KY98253-Military-train-DPK32-railway-track-laying-machine-2.jpg\" alt=\"KAZI-KY98253-Military-train-DPK32-railway-track-laying-machine-2\" width=\"800\" height=\"800\" title=\"-\"><\/p>","protected":false},"excerpt":{"rendered":"<ul>\n<li>Bao g\u1ed3m <strong>1270+<\/strong> chi\u1ebfc<\/li>\n<li>S\u00e1ch h\u01b0\u1edbng d\u1eabn s\u1eed d\u1ee5ng<\/li>\n<li>Kh\u1ed1i ABS ch\u1ea5t l\u01b0\u1ee3ng cao<\/li>\n<li>Kh\u00f4ng c\u00f3 h\u1ed9p ban \u0111\u1ea7u<\/li>\n<\/ul>","protected":false},"featured_media":15723,"comment_status":"open","ping_status":"closed","template":"","meta":{"_acf_changed":false},"product_cat":[372],"product_tag":[],"class_list":["product","first","instock","shipping-taxable","purchasable","product-type-simple"],"acf":[],"_links":{"self":[{"href":"https:\/\/mouldking.store\/vi\/wp-json\/wp\/v2\/product\/15722","targetHints":{"allow":["GET"]}}],"collection":[{"href":"https:\/\/mouldking.store\/vi\/wp-json\/wp\/v2\/product"}],"about":[{"href":"https:\/\/mouldking.store\/vi\/wp-json\/wp\/v2\/types\/product"}],"replies":[{"embeddable":true,"href":"https:\/\/mouldking.store\/vi\/wp-json\/wp\/v2\/comments?post=15722"}],"wp:featuredmedia":[{"embeddable":true,"href":"https:\/\/mouldking.store\/vi\/wp-json\/wp\/v2\/media\/15723"}],"wp:attachment":[{"href":"https:\/\/mouldking.store\/vi\/wp-json\/wp\/v2\/media?parent=15722"}],"wp:term":[{"taxonomy":"product_cat","embeddable":true,"href":"https:\/\/mouldking.store\/vi\/wp-json\/wp\/v2\/product_cat?post=15722"},{"taxonomy":"product_tag","embeddable":true,"href":"https:\/\/mouldking.store\/vi\/wp-json\/wp\/v2\/product_tag?post=15722"}],"curies":[{"name":"wp","href":"https:\/\/api.w.org\/{rel}","templated":true}]}}