{"id":15725,"date":"2021-09-28T03:24:08","date_gmt":"2021-09-28T03:24:08","guid":{"rendered":"https:\/\/mouldking.store\/product\/kazi-ky10006-type-84-tank-bridge-car-130-9531282"},"modified":"2025-03-14T16:49:33","modified_gmt":"2025-03-14T09:49:33","slug":"kazi-ky10006-type-84-tank-bridge-car-130","status":"publish","type":"product","link":"https:\/\/mouldking.store\/vi\/shop\/kazi-ky10006-type-84-tank-bridge-car-130\/","title":{"rendered":"Xe c\u1ea7u b\u1ed3n KAZI KY10006 Type 84 1:30"},"content":{"rendered":"<p>Xe c\u1ea7u t\u0103ng Type 84 l\u00fac 1:30 thu\u1ed9c b\u1ed9 kh\u1ed1i x\u00e2y d\u1ef1ng s\u00ea-ri qu\u00e2n s\u1ef1, tr\u1ecdn b\u1ed9 g\u1ed3m 1155 h\u1ea1t kh\u1ed1i x\u00e2y d\u1ef1ng. L\u1ea7n \u0111\u1ea7u ti\u00ean \u0111\u01b0\u1ee3c ph\u00e1t h\u00e0nh v\u00e0o n\u0103m 2020.<\/p>\n<p><img fetchpriority=\"high\" decoding=\"async\" class=\"alignnone size-full wp-image-195294\" src=\"https:\/\/pay.lpwstore.com\/wp-content\/uploads\/2020\/08\/10006.jpg\" alt=\"KAZI KY10006 Type 84 tank bridge car 1:30\" width=\"800\" height=\"800\" title=\"-\"><\/p>\n<p><img decoding=\"async\" class=\"alignnone size-full wp-image-196747\" src=\"https:\/\/pay.lpwstore.com\/wp-content\/uploads\/2020\/08\/KAZI-KY10006-Type-84-tank-bridge-car-130-2.jpg\" alt=\"-\" width=\"800\" height=\"800\" title=\"-\"> <img decoding=\"async\" class=\"alignnone size-full wp-image-196748\" src=\"https:\/\/pay.lpwstore.com\/wp-content\/uploads\/2020\/08\/KAZI-KY10006-Type-84-tank-bridge-car-130-3.jpg\" alt=\"-\" width=\"800\" height=\"800\" title=\"-\"> <img loading=\"lazy\" decoding=\"async\" class=\"alignnone size-full wp-image-196749\" src=\"https:\/\/pay.lpwstore.com\/wp-content\/uploads\/2020\/08\/KAZI-KY10006-Type-84-tank-bridge-car-130-4.jpg\" alt=\"-\" width=\"800\" height=\"800\" title=\"-\"> <img loading=\"lazy\" decoding=\"async\" class=\"alignnone size-full wp-image-196750\" src=\"https:\/\/pay.lpwstore.com\/wp-content\/uploads\/2020\/08\/KAZI-KY10006-Type-84-tank-bridge-car-130-5.jpg\" alt=\"-\" width=\"800\" height=\"800\" title=\"-\"> <img loading=\"lazy\" decoding=\"async\" class=\"alignnone size-full wp-image-196751\" src=\"https:\/\/pay.lpwstore.com\/wp-content\/uploads\/2020\/08\/KAZI-KY10006-Type-84-tank-bridge-car-130-6.jpg\" alt=\"-\" width=\"800\" height=\"800\" title=\"-\"> <img loading=\"lazy\" decoding=\"async\" class=\"alignnone size-full wp-image-196752\" src=\"https:\/\/pay.lpwstore.com\/wp-content\/uploads\/2020\/08\/KAZI-KY10006-Type-84-tank-bridge-car-130-7.jpg\" alt=\"-\" width=\"800\" height=\"800\" title=\"-\"><\/p>","protected":false},"excerpt":{"rendered":"<ul>\n<li>Bao g\u1ed3m\u00a0<strong>1155+<\/strong>\u00a0chi\u1ebfc<\/li>\n<li>S\u00e1ch h\u01b0\u1edbng d\u1eabn s\u1eed d\u1ee5ng<\/li>\n<li>Kh\u1ed1i ABS ch\u1ea5t l\u01b0\u1ee3ng cao<\/li>\n<li>Kh\u00f4ng c\u00f3 h\u1ed9p ban \u0111\u1ea7u<\/li>\n<\/ul>","protected":false},"featured_media":15726,"comment_status":"open","ping_status":"closed","template":"","meta":{"_acf_changed":false},"product_cat":[15],"product_tag":[],"class_list":["product","first","instock","shipping-taxable","purchasable","product-type-simple"],"acf":[],"_links":{"self":[{"href":"https:\/\/mouldking.store\/vi\/wp-json\/wp\/v2\/product\/15725","targetHints":{"allow":["GET"]}}],"collection":[{"href":"https:\/\/mouldking.store\/vi\/wp-json\/wp\/v2\/product"}],"about":[{"href":"https:\/\/mouldking.store\/vi\/wp-json\/wp\/v2\/types\/product"}],"replies":[{"embeddable":true,"href":"https:\/\/mouldking.store\/vi\/wp-json\/wp\/v2\/comments?post=15725"}],"wp:featuredmedia":[{"embeddable":true,"href":"https:\/\/mouldking.store\/vi\/wp-json\/wp\/v2\/media\/15726"}],"wp:attachment":[{"href":"https:\/\/mouldking.store\/vi\/wp-json\/wp\/v2\/media?parent=15725"}],"wp:term":[{"taxonomy":"product_cat","embeddable":true,"href":"https:\/\/mouldking.store\/vi\/wp-json\/wp\/v2\/product_cat?post=15725"},{"taxonomy":"product_tag","embeddable":true,"href":"https:\/\/mouldking.store\/vi\/wp-json\/wp\/v2\/product_tag?post=15725"}],"curies":[{"name":"wp","href":"https:\/\/api.w.org\/{rel}","templated":true}]}}