{"id":15828,"date":"2021-09-28T03:25:41","date_gmt":"2021-09-28T03:25:41","guid":{"rendered":"https:\/\/mouldking.store\/product\/zhegao-ql0452-kar98k-mauser-sniper-rifle-6620233"},"modified":"2021-12-23T09:53:22","modified_gmt":"2021-12-23T09:53:22","slug":"zhegao-ql0452-kar98k-mauser-sniper-rifle","status":"publish","type":"product","link":"https:\/\/mouldking.store\/vi\/shop\/zhegao-ql0452-kar98k-mauser-sniper-rifle\/","title":{"rendered":"S\u00fang tr\u01b0\u1eddng b\u1eafn t\u1ec9a ZHEGAO QL0452 Kar98k Mauser"},"content":{"rendered":"<p style=\"text-align: left;\"><span>S\u00fang tr\u01b0\u1eddng Kar98k Mauser (MHWP KAE98K) thu\u1ed9c b\u1ed9 kh\u1ed1i x\u00e2y d\u1ef1ng s\u00ea-ri nh\u00f3m c\u01a1 kh\u00ed, c\u1ea3 b\u1ed9 ch\u1ee9a 1004 h\u1ea1t kh\u1ed1i x\u00e2y d\u1ef1ng.\u00a0<\/span><span>L\u1ea7n \u0111\u1ea7u ti\u00ean \u0111\u01b0\u1ee3c ph\u00e1t h\u00e0nh v\u00e0o n\u0103m 2020.<\/span><\/p>\n<p><img fetchpriority=\"high\" decoding=\"async\" class=\"alignnone size-full wp-image-195821 aligncenter\" src=\"https:\/\/pay.lpwstore.com\/wp-content\/uploads\/2020\/09\/ZHEGAO-QL0452-Kar98k-Mauser-Sniper-rifle.jpg\" alt=\"ZHEGAO-QL0452-Kar98k-Mauser-Sniper-rifle\" width=\"800\" height=\"800\" title=\"-\"> <img decoding=\"async\" class=\"alignnone size-full wp-image-195822 aligncenter\" src=\"https:\/\/pay.lpwstore.com\/wp-content\/uploads\/2020\/09\/ZHEGAO-QL0452-Kar98k-Mauser-Sniper-rifle-2.jpg\" alt=\"ZHEGAO-QL0452-Kar98k-Mauser-Sniper-rifle-2\" width=\"800\" height=\"800\" title=\"-\"> <img decoding=\"async\" class=\"alignnone size-full wp-image-195823 aligncenter\" src=\"https:\/\/pay.lpwstore.com\/wp-content\/uploads\/2020\/09\/ZHEGAO-QL0452-Kar98k-Mauser-Sniper-rifle-3.jpg\" alt=\"ZHEGAO-QL0452-Kar98k-Mauser-Sniper-rifle-3\" width=\"800\" height=\"800\" title=\"-\"> <img loading=\"lazy\" decoding=\"async\" class=\"alignnone size-full wp-image-195824 aligncenter\" src=\"https:\/\/pay.lpwstore.com\/wp-content\/uploads\/2020\/09\/ZHEGAO-QL0452-Kar98k-Mauser-Sniper-rifle-4.jpg\" alt=\"ZHEGAO-QL0452-Kar98k-Mauser-Sniper-rifle-4\" width=\"800\" height=\"800\" title=\"-\"><\/p>","protected":false},"excerpt":{"rendered":"<ul>\n<li>Bao g\u1ed3m <strong>1004+<\/strong> chi\u1ebfc<\/li>\n<li>S\u00e1ch h\u01b0\u1edbng d\u1eabn s\u1eed d\u1ee5ng<\/li>\n<li>Kh\u1ed1i ABS ch\u1ea5t l\u01b0\u1ee3ng cao<\/li>\n<\/ul>","protected":false},"featured_media":15829,"comment_status":"open","ping_status":"closed","template":"","meta":{"_acf_changed":false},"product_cat":[],"product_tag":[],"class_list":["product","first","instock","shipping-taxable","purchasable","product-type-simple"],"acf":[],"_links":{"self":[{"href":"https:\/\/mouldking.store\/vi\/wp-json\/wp\/v2\/product\/15828","targetHints":{"allow":["GET"]}}],"collection":[{"href":"https:\/\/mouldking.store\/vi\/wp-json\/wp\/v2\/product"}],"about":[{"href":"https:\/\/mouldking.store\/vi\/wp-json\/wp\/v2\/types\/product"}],"replies":[{"embeddable":true,"href":"https:\/\/mouldking.store\/vi\/wp-json\/wp\/v2\/comments?post=15828"}],"wp:featuredmedia":[{"embeddable":true,"href":"https:\/\/mouldking.store\/vi\/wp-json\/wp\/v2\/media\/15829"}],"wp:attachment":[{"href":"https:\/\/mouldking.store\/vi\/wp-json\/wp\/v2\/media?parent=15828"}],"wp:term":[{"taxonomy":"product_cat","embeddable":true,"href":"https:\/\/mouldking.store\/vi\/wp-json\/wp\/v2\/product_cat?post=15828"},{"taxonomy":"product_tag","embeddable":true,"href":"https:\/\/mouldking.store\/vi\/wp-json\/wp\/v2\/product_tag?post=15828"}],"curies":[{"name":"wp","href":"https:\/\/api.w.org\/{rel}","templated":true}]}}