{"id":15843,"date":"2021-09-28T03:26:07","date_gmt":"2021-09-28T03:26:07","guid":{"rendered":"https:\/\/mouldking.store\/product\/zhegao-ql1106-windsor-castle-dream-shadow-city-1176775"},"modified":"2021-12-23T09:53:22","modified_gmt":"2021-12-23T09:53:22","slug":"zhegao-ql1106-windsor-castle-dream-shadow-city","status":"publish","type":"product","link":"https:\/\/mouldking.store\/vi\/shop\/zhegao-ql1106-windsor-castle-dream-shadow-city\/","title":{"rendered":"ZHEGAO QL1106 L\u00e2u \u0111\u00e0i Windsor: Th\u00e0nh ph\u1ed1 b\u00f3ng \u0111\u00eam trong m\u01a1"},"content":{"rendered":"<p style=\"text-align: left;\"><span>L\u00e2u \u0111\u00e0i Windsor: Th\u00e0nh ph\u1ed1 b\u00f3ng t\u1ed1i trong m\u01a1 thu\u1ed9c b\u1ed9 kh\u1ed1i x\u00e2y d\u1ef1ng s\u00ea-ri d\u00e0nh cho b\u00e9 g\u00e1i, c\u1ea3 b\u1ed9 ch\u1ee9a 731 h\u1ea1t kh\u1ed1i x\u00e2y d\u1ef1ng.\u00a0<\/span><span>L\u1ea7n \u0111\u1ea7u ti\u00ean \u0111\u01b0\u1ee3c ph\u00e1t h\u00e0nh v\u00e0o n\u0103m 2020.<\/span><\/p>\n<p><img fetchpriority=\"high\" decoding=\"async\" class=\"alignnone size-full wp-image-195909 aligncenter\" src=\"https:\/\/pay.lpwstore.com\/wp-content\/uploads\/2020\/09\/ZHEGAO-QL1106-Windsor-Castle-Dream-Shadow-City.jpg\" alt=\"ZHEGAO-QL1106-Windsor-Castle-Dream-Shadow-City\" width=\"800\" height=\"800\" title=\"-\"> <img decoding=\"async\" class=\"alignnone size-full wp-image-195910 aligncenter\" src=\"https:\/\/pay.lpwstore.com\/wp-content\/uploads\/2020\/09\/ZHEGAO-QL1106-Windsor-Castle-Dream-Shadow-City-2.jpg\" alt=\"ZHEGAO-QL1106-Windsor-Castle-Dream-Shadow-City-2\" width=\"800\" height=\"800\" title=\"-\"> <img decoding=\"async\" class=\"alignnone size-full wp-image-195911 aligncenter\" src=\"https:\/\/pay.lpwstore.com\/wp-content\/uploads\/2020\/09\/ZHEGAO-QL1106-Windsor-Castle-Dream-Shadow-City-3.jpg\" alt=\"ZHEGAO-QL1106-Windsor-Castle-Dream-Shadow-City-3\" width=\"800\" height=\"800\" title=\"-\"> <img loading=\"lazy\" decoding=\"async\" class=\"alignnone size-full wp-image-195912 aligncenter\" src=\"https:\/\/pay.lpwstore.com\/wp-content\/uploads\/2020\/09\/ZHEGAO-QL1106-Windsor-Castle-Dream-Shadow-City-4.jpg\" alt=\"ZHEGAO-QL1106-Windsor-Castle-Dream-Shadow-City-4\" width=\"800\" height=\"800\" title=\"-\"><\/p>","protected":false},"excerpt":{"rendered":"<ul>\n<li>Bao g\u1ed3m <strong>731+<\/strong> chi\u1ebfc<\/li>\n<li>S\u00e1ch h\u01b0\u1edbng d\u1eabn s\u1eed d\u1ee5ng<\/li>\n<li>Kh\u1ed1i ABS ch\u1ea5t l\u01b0\u1ee3ng cao<\/li>\n<\/ul>","protected":false},"featured_media":15844,"comment_status":"open","ping_status":"closed","template":"","meta":{"_acf_changed":false},"product_cat":[],"product_tag":[],"class_list":["product","first","instock","shipping-taxable","purchasable","product-type-simple"],"acf":[],"_links":{"self":[{"href":"https:\/\/mouldking.store\/vi\/wp-json\/wp\/v2\/product\/15843","targetHints":{"allow":["GET"]}}],"collection":[{"href":"https:\/\/mouldking.store\/vi\/wp-json\/wp\/v2\/product"}],"about":[{"href":"https:\/\/mouldking.store\/vi\/wp-json\/wp\/v2\/types\/product"}],"replies":[{"embeddable":true,"href":"https:\/\/mouldking.store\/vi\/wp-json\/wp\/v2\/comments?post=15843"}],"wp:featuredmedia":[{"embeddable":true,"href":"https:\/\/mouldking.store\/vi\/wp-json\/wp\/v2\/media\/15844"}],"wp:attachment":[{"href":"https:\/\/mouldking.store\/vi\/wp-json\/wp\/v2\/media?parent=15843"}],"wp:term":[{"taxonomy":"product_cat","embeddable":true,"href":"https:\/\/mouldking.store\/vi\/wp-json\/wp\/v2\/product_cat?post=15843"},{"taxonomy":"product_tag","embeddable":true,"href":"https:\/\/mouldking.store\/vi\/wp-json\/wp\/v2\/product_tag?post=15843"}],"curies":[{"name":"wp","href":"https:\/\/api.w.org\/{rel}","templated":true}]}}