{"id":15848,"date":"2021-09-28T03:26:16","date_gmt":"2021-09-28T03:26:16","guid":{"rendered":"https:\/\/mouldking.store\/product\/sy-8402-8404-mechanical-rage-7636826"},"modified":"2021-10-11T02:54:25","modified_gmt":"2021-10-11T02:54:25","slug":"sy-8402-8404-mechanical-rage","status":"publish","type":"product","link":"https:\/\/mouldking.store\/vi\/shop\/sy-8402-8404-mechanical-rage\/","title":{"rendered":"SY 8402 \u2013 8404 C\u01a1n th\u1ecbnh n\u1ed9 c\u01a1 h\u1ecdc"},"content":{"rendered":"<p style=\"text-align: left;\">C\u01a1 kh\u00ed \u0111i\u00ean r\u1ed3: Chevrolet mui tr\u1ea7n m\u00e0u h\u1ed3ng c\u1ed5 \u0111i\u1ec3n (K\u1ef9 thu\u1eadt) v\u00e0 Cadillac Pink Retro Convertible thu\u1ed9c b\u1ed9 kh\u1ed1i x\u00e2y d\u1ef1ng s\u00ea-ri xe \u0111ua, to\u00e0n b\u1ed9 b\u1ed9 ch\u1ee9a 1468 h\u1ea1t kh\u1ed1i x\u00e2y d\u1ef1ng. L\u1ea7n \u0111\u1ea7u ti\u00ean \u0111\u01b0\u1ee3c ph\u00e1t h\u00e0nh v\u00e0o n\u0103m 2020.<\/p>\n<p><img fetchpriority=\"high\" decoding=\"async\" class=\"alignnone size-full wp-image-195890 aligncenter\" src=\"https:\/\/pay.lpwstore.com\/wp-content\/uploads\/2020\/09\/SY-8404-Chevrolet-Pink-Retro-Convertible.jpg\" alt=\"SY-8404-Chevrolet-Pink-Retro-Convertible\" width=\"800\" height=\"800\" title=\"-\"> <img decoding=\"async\" class=\"alignnone size-full wp-image-195891 aligncenter\" src=\"https:\/\/pay.lpwstore.com\/wp-content\/uploads\/2020\/09\/SY-8404-Chevrolet-Pink-Retro-Convertible-2.jpg\" alt=\"SY-8404-Chevrolet-Pink-Retro-Convertible-2\" width=\"800\" height=\"800\" title=\"-\"> <img decoding=\"async\" class=\"alignnone size-full wp-image-195892 aligncenter\" src=\"https:\/\/pay.lpwstore.com\/wp-content\/uploads\/2020\/09\/SY-8404-Chevrolet-Pink-Retro-Convertible-3.jpg\" alt=\"SY-8404-Chevrolet-Pink-Retro-Convertible-3\" width=\"800\" height=\"800\" title=\"-\"> <img loading=\"lazy\" decoding=\"async\" class=\"alignnone size-full wp-image-195893 aligncenter\" src=\"https:\/\/pay.lpwstore.com\/wp-content\/uploads\/2020\/09\/SY-8404-Chevrolet-Pink-Retro-Convertible-4.jpg\" alt=\"-\" width=\"800\" height=\"800\" title=\"-\"> <img loading=\"lazy\" decoding=\"async\" class=\"alignnone size-full wp-image-195887 aligncenter\" src=\"https:\/\/pay.lpwstore.com\/wp-content\/uploads\/2020\/09\/SY-8402-Cadillac-Pink-Retro-Convertible.jpg\" alt=\"SY-8402-Cadillac-Pink-Retro-Convertible\" width=\"800\" height=\"800\" title=\"-\"> <img loading=\"lazy\" decoding=\"async\" class=\"alignnone size-full wp-image-195886 aligncenter\" src=\"https:\/\/pay.lpwstore.com\/wp-content\/uploads\/2020\/09\/SY-8402-Cadillac-Pink-Retro-Convertible-4.jpg\" alt=\"SY-8402-Cadillac-Pink-Retro-Convertible-4\" width=\"800\" height=\"800\" title=\"-\"> <img loading=\"lazy\" decoding=\"async\" class=\"alignnone size-full wp-image-195889 aligncenter\" src=\"https:\/\/pay.lpwstore.com\/wp-content\/uploads\/2020\/09\/SY-8402-Cadillac-Pink-Retro-Convertible-3.jpg\" alt=\"SY-8402-Cadillac-Pink-Retro-Convertible-3\" width=\"800\" height=\"800\" title=\"-\"> <img loading=\"lazy\" decoding=\"async\" class=\"alignnone size-full wp-image-195888 aligncenter\" src=\"https:\/\/pay.lpwstore.com\/wp-content\/uploads\/2020\/09\/SY-8402-Cadillac-Pink-Retro-Convertible-2.jpg\" alt=\"SY-8402-Cadillac-Pink-Retro-Convertible-2\" width=\"800\" height=\"800\" title=\"-\"><\/p>","protected":false},"excerpt":{"rendered":"<ul>\n<li>S\u00e1ch h\u01b0\u1edbng d\u1eabn s\u1eed d\u1ee5ng<\/li>\n<li>Kh\u1ed1i ABS ch\u1ea5t l\u01b0\u1ee3ng cao<\/li>\n<\/ul>","protected":false},"featured_media":15849,"comment_status":"open","ping_status":"closed","template":"","meta":{"_acf_changed":false},"product_cat":[],"product_tag":[],"class_list":["product","first","outofstock","shipping-taxable","purchasable","product-type-variable","has-default-attributes"],"acf":[],"_links":{"self":[{"href":"https:\/\/mouldking.store\/vi\/wp-json\/wp\/v2\/product\/15848","targetHints":{"allow":["GET"]}}],"collection":[{"href":"https:\/\/mouldking.store\/vi\/wp-json\/wp\/v2\/product"}],"about":[{"href":"https:\/\/mouldking.store\/vi\/wp-json\/wp\/v2\/types\/product"}],"replies":[{"embeddable":true,"href":"https:\/\/mouldking.store\/vi\/wp-json\/wp\/v2\/comments?post=15848"}],"wp:featuredmedia":[{"embeddable":true,"href":"https:\/\/mouldking.store\/vi\/wp-json\/wp\/v2\/media\/15849"}],"wp:attachment":[{"href":"https:\/\/mouldking.store\/vi\/wp-json\/wp\/v2\/media?parent=15848"}],"wp:term":[{"taxonomy":"product_cat","embeddable":true,"href":"https:\/\/mouldking.store\/vi\/wp-json\/wp\/v2\/product_cat?post=15848"},{"taxonomy":"product_tag","embeddable":true,"href":"https:\/\/mouldking.store\/vi\/wp-json\/wp\/v2\/product_tag?post=15848"}],"curies":[{"name":"wp","href":"https:\/\/api.w.org\/{rel}","templated":true}]}}