{"id":15865,"date":"2021-09-28T03:26:31","date_gmt":"2021-09-28T03:26:31","guid":{"rendered":"https:\/\/mouldking.store\/product\/zhegao-ql0430-lamborghini-aventador-svj-roadster-18-moc-17698-8195220"},"modified":"2025-12-25T09:28:05","modified_gmt":"2025-12-25T02:28:05","slug":"zhegao-ql0430-lamborghini-aventador-svj-roadster-18-moc-17698","status":"publish","type":"product","link":"https:\/\/mouldking.store\/vi\/shop\/zhegao-ql0430-lamborghini-aventador-svj-roadster-18-moc-17698\/","title":{"rendered":"ZHEGAO QL0430 Lamborghini Aventador SVJ Roadster 1:8 MOC-17698"},"content":{"rendered":"<p style=\"text-align: left\">Lamborghini Aventador SVJ Roadster 1:8 (Lamborghini Aventador SVJ Roadster) thu\u1ed9c b\u1ed9 kh\u1ed1i x\u00e2y d\u1ef1ng s\u00ea-ri nh\u00f3m c\u01a1 h\u1ecdc, to\u00e0n b\u1ed9 b\u1ed9 ch\u1ee9a 3712 h\u1ea1t kh\u1ed1i x\u00e2y d\u1ef1ng. L\u1ea7n \u0111\u1ea7u ti\u00ean \u0111\u01b0\u1ee3c ph\u00e1t h\u00e0nh v\u00e0o n\u0103m 2020.<\/p>\n<p>&nbsp;<\/p>\n<p>Th\u1eddi gian s\u1eafp x\u1ebfp: 4-8 tu\u1ea7n<\/p>\n<figure id=\"attachment_15866\" aria-describedby=\"caption-attachment-15866\" style=\"width: 800px\" class=\"wp-caption aligncenter\"><img fetchpriority=\"high\" decoding=\"async\" class=\"wp-image-15866 size-full\" src=\"https:\/\/mouldking.store\/wp-content\/uploads\/2021\/09\/zhegao_ql0430_lamborghini_aventador_svj_roadster_18_moc-17698_5858.jpg\" alt=\"ZHEGAO QL0430 Lamborghini Aventador SVJ Roadster 1:8 MOC-17698\" width=\"800\" height=\"800\" title=\"-\"><figcaption id=\"caption-attachment-15866\" class=\"wp-caption-text\">ZHEGAO QL0430 Lamborghini Aventador SVJ Roadster 1:8 MOC-17698<\/figcaption><\/figure>\n<figure id=\"attachment_15867\" aria-describedby=\"caption-attachment-15867\" style=\"width: 800px\" class=\"wp-caption aligncenter\"><img decoding=\"async\" class=\"wp-image-15867 size-full\" src=\"https:\/\/mouldking.store\/wp-content\/uploads\/2021\/09\/zhegao_ql0430_lamborghini_aventador_svj_roadster_18_moc-17698_8078.jpg\" alt=\"ZHEGAO QL0430 Lamborghini Aventador SVJ Roadster 1:8 MOC-17698\" width=\"800\" height=\"800\" title=\"-\"><figcaption id=\"caption-attachment-15867\" class=\"wp-caption-text\">ZHEGAO QL0430 Lamborghini Aventador SVJ Roadster 1:8 MOC-17698<\/figcaption><\/figure>\n<figure id=\"attachment_15868\" aria-describedby=\"caption-attachment-15868\" style=\"width: 800px\" class=\"wp-caption aligncenter\"><img decoding=\"async\" class=\"wp-image-15868 size-full\" src=\"https:\/\/mouldking.store\/wp-content\/uploads\/2021\/09\/zhegao_ql0430_lamborghini_aventador_svj_roadster_18_moc-17698_2874.jpg\" alt=\"ZHEGAO QL0430 Lamborghini Aventador SVJ Roadster 1:8 MOC-17698\" width=\"800\" height=\"800\" title=\"-\"><figcaption id=\"caption-attachment-15868\" class=\"wp-caption-text\">ZHEGAO QL0430 Lamborghini Aventador SVJ Roadster 1:8 MOC-17698<\/figcaption><\/figure>\n<figure id=\"attachment_15869\" aria-describedby=\"caption-attachment-15869\" style=\"width: 800px\" class=\"wp-caption aligncenter\"><img loading=\"lazy\" decoding=\"async\" class=\"wp-image-15869 size-full\" src=\"https:\/\/mouldking.store\/wp-content\/uploads\/2021\/09\/zhegao_ql0430_lamborghini_aventador_svj_roadster_18_moc-17698_1519.jpg\" alt=\"ZHEGAO QL0430 Lamborghini Aventador SVJ Roadster 1:8 MOC-17698\" width=\"800\" height=\"800\" title=\"-\"><figcaption id=\"caption-attachment-15869\" class=\"wp-caption-text\">ZHEGAO QL0430 Lamborghini Aventador SVJ Roadster 1:8 MOC-17698<\/figcaption><\/figure>","protected":false},"excerpt":{"rendered":"<ul>\n<li>Bao g\u1ed3m <strong>3712+<\/strong> chi\u1ebfc<\/li>\n<li>S\u00e1ch h\u01b0\u1edbng d\u1eabn s\u1eed d\u1ee5ng<\/li>\n<li>Kh\u1ed1i ABS ch\u1ea5t l\u01b0\u1ee3ng cao<\/li>\n<\/ul>","protected":false},"featured_media":15866,"comment_status":"open","ping_status":"closed","template":"","meta":{"_acf_changed":false},"product_cat":[1357],"product_tag":[6579,6583,6581,6580,6582,6578],"class_list":["product","first","instock","shipping-taxable","purchasable","product-type-simple"],"acf":[],"_links":{"self":[{"href":"https:\/\/mouldking.store\/vi\/wp-json\/wp\/v2\/product\/15865","targetHints":{"allow":["GET"]}}],"collection":[{"href":"https:\/\/mouldking.store\/vi\/wp-json\/wp\/v2\/product"}],"about":[{"href":"https:\/\/mouldking.store\/vi\/wp-json\/wp\/v2\/types\/product"}],"replies":[{"embeddable":true,"href":"https:\/\/mouldking.store\/vi\/wp-json\/wp\/v2\/comments?post=15865"}],"wp:featuredmedia":[{"embeddable":true,"href":"https:\/\/mouldking.store\/vi\/wp-json\/wp\/v2\/media\/15866"}],"wp:attachment":[{"href":"https:\/\/mouldking.store\/vi\/wp-json\/wp\/v2\/media?parent=15865"}],"wp:term":[{"taxonomy":"product_cat","embeddable":true,"href":"https:\/\/mouldking.store\/vi\/wp-json\/wp\/v2\/product_cat?post=15865"},{"taxonomy":"product_tag","embeddable":true,"href":"https:\/\/mouldking.store\/vi\/wp-json\/wp\/v2\/product_tag?post=15865"}],"curies":[{"name":"wp","href":"https:\/\/api.w.org\/{rel}","templated":true}]}}