{"id":15895,"date":"2021-09-28T03:27:05","date_gmt":"2021-09-28T03:27:05","guid":{"rendered":"https:\/\/mouldking.store\/product\/sembo-105804-df-41-intercontinental-ballistic-missile-8109725"},"modified":"2021-12-23T09:53:21","modified_gmt":"2021-12-23T09:53:21","slug":"sembo-105804-df-41-intercontinental-ballistic-missile","status":"publish","type":"product","link":"https:\/\/mouldking.store\/vi\/shop\/sembo-105804-df-41-intercontinental-ballistic-missile\/","title":{"rendered":"T\u00ean l\u1eeda \u0111\u1ea1n \u0111\u1ea1o xuy\u00ean l\u1ee5c \u0111\u1ecba SEMBO 105804 DF-41"},"content":{"rendered":"<p style=\"text-align: left;\"><span>T\u00ean l\u1eeda \u0111\u1ea1n \u0111\u1ea1o xuy\u00ean l\u1ee5c \u0111\u1ecba DF-41 (DF-41 Intercontinental Ballistic Missile) thu\u1ed9c b\u1ed9 kh\u1ed1i x\u00e2y d\u1ef1ng s\u00ea-ri qu\u00e2n s\u1ef1, c\u1ea3 b\u1ed9 ch\u1ee9a 1585 h\u1ea1t kh\u1ed1i x\u00e2y d\u1ef1ng.\u00a0<\/span><span>L\u1ea7n \u0111\u1ea7u ti\u00ean \u0111\u01b0\u1ee3c ph\u00e1t h\u00e0nh v\u00e0o n\u0103m 2020.<\/span><\/p>\n<p><img fetchpriority=\"high\" decoding=\"async\" class=\"alignnone size-full wp-image-196156 aligncenter\" src=\"https:\/\/pay.lpwstore.com\/wp-content\/uploads\/2020\/09\/SEMBO-105804-DF-41-Intercontinental-Ballistic-Missile.jpg\" alt=\"SEMBO-105804-DF-41-Intercontinental-Ballistic-Missile\" width=\"800\" height=\"800\" title=\"-\"> <img decoding=\"async\" class=\"alignnone size-full wp-image-196157 aligncenter\" src=\"https:\/\/pay.lpwstore.com\/wp-content\/uploads\/2020\/09\/SEMBO-105804-DF-41-Intercontinental-Ballistic-Missile-2.jpg\" alt=\"SEMBO-105804-DF-41-Intercontinental-Ballistic-Missile-2\" width=\"800\" height=\"800\" title=\"-\"> <img decoding=\"async\" class=\"alignnone size-full wp-image-196158 aligncenter\" src=\"https:\/\/pay.lpwstore.com\/wp-content\/uploads\/2020\/09\/SEMBO-105804-DF-41-Intercontinental-Ballistic-Missile-3.jpg\" alt=\"SEMBO-105804-DF-41-Intercontinental-Ballistic-Missile-3\" width=\"800\" height=\"800\" title=\"-\"> <img loading=\"lazy\" decoding=\"async\" class=\"alignnone size-full wp-image-196159 aligncenter\" src=\"https:\/\/pay.lpwstore.com\/wp-content\/uploads\/2020\/09\/SEMBO-105804-DF-41-Intercontinental-Ballistic-Missile-4.jpg\" alt=\"SEMBO-105804-DF-41-Intercontinental-Ballistic-Missile-4\" width=\"800\" height=\"800\" title=\"-\"><\/p>","protected":false},"excerpt":{"rendered":"<ul>\n<li>Bao g\u1ed3m <strong>1585+<\/strong> chi\u1ebfc<\/li>\n<li>S\u00e1ch h\u01b0\u1edbng d\u1eabn s\u1eed d\u1ee5ng<\/li>\n<li>Kh\u1ed1i ABS ch\u1ea5t l\u01b0\u1ee3ng cao<\/li>\n<\/ul>","protected":false},"featured_media":15896,"comment_status":"open","ping_status":"closed","template":"","meta":{"_acf_changed":false},"product_cat":[],"product_tag":[],"class_list":["product","first","instock","shipping-taxable","purchasable","product-type-simple"],"acf":[],"_links":{"self":[{"href":"https:\/\/mouldking.store\/vi\/wp-json\/wp\/v2\/product\/15895","targetHints":{"allow":["GET"]}}],"collection":[{"href":"https:\/\/mouldking.store\/vi\/wp-json\/wp\/v2\/product"}],"about":[{"href":"https:\/\/mouldking.store\/vi\/wp-json\/wp\/v2\/types\/product"}],"replies":[{"embeddable":true,"href":"https:\/\/mouldking.store\/vi\/wp-json\/wp\/v2\/comments?post=15895"}],"wp:featuredmedia":[{"embeddable":true,"href":"https:\/\/mouldking.store\/vi\/wp-json\/wp\/v2\/media\/15896"}],"wp:attachment":[{"href":"https:\/\/mouldking.store\/vi\/wp-json\/wp\/v2\/media?parent=15895"}],"wp:term":[{"taxonomy":"product_cat","embeddable":true,"href":"https:\/\/mouldking.store\/vi\/wp-json\/wp\/v2\/product_cat?post=15895"},{"taxonomy":"product_tag","embeddable":true,"href":"https:\/\/mouldking.store\/vi\/wp-json\/wp\/v2\/product_tag?post=15895"}],"curies":[{"name":"wp","href":"https:\/\/api.w.org\/{rel}","templated":true}]}}