{"id":15914,"date":"2021-09-28T03:27:28","date_gmt":"2021-09-28T03:27:28","guid":{"rendered":"https:\/\/mouldking.store\/product\/sembo-202126-j-10b-fighter-aircraft-1365416"},"modified":"2021-12-23T09:53:21","modified_gmt":"2021-12-23T09:53:21","slug":"sembo-202126-j-10b-fighter-aircraft","status":"publish","type":"product","link":"https:\/\/mouldking.store\/vi\/shop\/sembo-202126-j-10b-fighter-aircraft\/","title":{"rendered":"M\u00e1y bay chi\u1ebfn \u0111\u1ea5u SEMBO 202126 J-10B"},"content":{"rendered":"<p style=\"text-align: left;\"><span>The J-10B Fighter Aircraft (J-10B Fighter Aircraft) belongs to the military series building block set, the whole set contains 820 building block particles.\u00a0<\/span><span>L\u1ea7n \u0111\u1ea7u ti\u00ean \u0111\u01b0\u1ee3c ph\u00e1t h\u00e0nh v\u00e0o n\u0103m 2020.<\/span><\/p>\n<p><img fetchpriority=\"high\" decoding=\"async\" class=\"alignnone size-full wp-image-196289 aligncenter\" src=\"https:\/\/pay.lpwstore.com\/wp-content\/uploads\/2020\/09\/SEMBO-202126-J-10B-Fighter-Aircraft.jpg\" alt=\"SEMBO-202126-J-10B-Fighter-Aircraft\" width=\"800\" height=\"800\" title=\"-\"> <img decoding=\"async\" class=\"alignnone size-full wp-image-196290 aligncenter\" src=\"https:\/\/pay.lpwstore.com\/wp-content\/uploads\/2020\/09\/SEMBO-202126-J-10B-Fighter-Aircraft-2.jpg\" alt=\"SEMBO-202126-J-10B-Fighter-Aircraft-2\" width=\"800\" height=\"800\" title=\"-\"> <img decoding=\"async\" class=\"alignnone size-full wp-image-196291 aligncenter\" src=\"https:\/\/pay.lpwstore.com\/wp-content\/uploads\/2020\/09\/SEMBO-202126-J-10B-Fighter-Aircraft-3.jpg\" alt=\"SEMBO-202126-J-10B-Fighter-Aircraft-3\" width=\"800\" height=\"800\" title=\"-\"> <img loading=\"lazy\" decoding=\"async\" class=\"alignnone size-full wp-image-196292 aligncenter\" src=\"https:\/\/pay.lpwstore.com\/wp-content\/uploads\/2020\/09\/SEMBO-202126-J-10B-Fighter-Aircraft-4.jpg\" alt=\"SEMBO-202126-J-10B-Fighter-Aircraft-4\" width=\"800\" height=\"800\" title=\"-\"><\/p>","protected":false},"excerpt":{"rendered":"<ul>\n<li>Bao g\u1ed3m <strong>820+<\/strong> chi\u1ebfc<\/li>\n<li>S\u00e1ch h\u01b0\u1edbng d\u1eabn s\u1eed d\u1ee5ng<\/li>\n<li>Kh\u1ed1i ABS ch\u1ea5t l\u01b0\u1ee3ng cao<\/li>\n<\/ul>","protected":false},"featured_media":15915,"comment_status":"open","ping_status":"closed","template":"","meta":{"_acf_changed":false},"product_cat":[],"product_tag":[],"class_list":["product","first","instock","shipping-taxable","purchasable","product-type-simple"],"acf":[],"_links":{"self":[{"href":"https:\/\/mouldking.store\/vi\/wp-json\/wp\/v2\/product\/15914","targetHints":{"allow":["GET"]}}],"collection":[{"href":"https:\/\/mouldking.store\/vi\/wp-json\/wp\/v2\/product"}],"about":[{"href":"https:\/\/mouldking.store\/vi\/wp-json\/wp\/v2\/types\/product"}],"replies":[{"embeddable":true,"href":"https:\/\/mouldking.store\/vi\/wp-json\/wp\/v2\/comments?post=15914"}],"wp:featuredmedia":[{"embeddable":true,"href":"https:\/\/mouldking.store\/vi\/wp-json\/wp\/v2\/media\/15915"}],"wp:attachment":[{"href":"https:\/\/mouldking.store\/vi\/wp-json\/wp\/v2\/media?parent=15914"}],"wp:term":[{"taxonomy":"product_cat","embeddable":true,"href":"https:\/\/mouldking.store\/vi\/wp-json\/wp\/v2\/product_cat?post=15914"},{"taxonomy":"product_tag","embeddable":true,"href":"https:\/\/mouldking.store\/vi\/wp-json\/wp\/v2\/product_tag?post=15914"}],"curies":[{"name":"wp","href":"https:\/\/api.w.org\/{rel}","templated":true}]}}