{"id":15924,"date":"2021-09-28T03:27:41","date_gmt":"2021-09-28T03:27:41","guid":{"rendered":"https:\/\/mouldking.store\/product\/18k-k127-luxury-movie-theater-palace-cinema-apocalypse-version-3024158"},"modified":"2023-12-06T17:07:21","modified_gmt":"2023-12-06T10:07:21","slug":"18k-k127-luxury-movie-theater-palace-cinema-apocalypse-version","status":"publish","type":"product","link":"https:\/\/mouldking.store\/vi\/shop\/18k-k127-luxury-movie-theater-palace-cinema-apocalypse-version\/","title":{"rendered":"R\u1ea1p chi\u1ebfu phim cao c\u1ea5p 18K K127 Palace Cinema-Apocalypse Version"},"content":{"rendered":"<p style=\"text-align: left;\">Phi\u00ean b\u1ea3n Palace Cinema-Apocalypse thu\u1ed9c b\u1ed9 x\u1ebfp h\u00ecnh s\u00ea-ri m\u00f4 h\u00ecnh ti\u00ean ti\u1ebfn. To\u00e0n b\u1ed9 ch\u1ee9a 2193 h\u1ea1t kh\u1ed1i x\u00e2y d\u1ef1ng. L\u1ea7n \u0111\u1ea7u ti\u00ean \u0111\u01b0\u1ee3c ph\u00e1t h\u00e0nh v\u00e0o n\u0103m 2020.<\/p>\n<p><img fetchpriority=\"high\" decoding=\"async\" class=\"alignnone size-full wp-image-196294 aligncenter\" src=\"https:\/\/pay.lpwstore.com\/wp-content\/uploads\/2020\/09\/18K-K127-Luxury-movie-theater-Palace-Cinema-Apocalypse-Version.jpg\" alt=\"18K-K127-Luxury-movie-theater-Palace-Cinema-Apocalypse-Version\" width=\"800\" height=\"800\" title=\"-\"> <img decoding=\"async\" class=\"alignnone size-full wp-image-196295 aligncenter\" src=\"https:\/\/pay.lpwstore.com\/wp-content\/uploads\/2020\/09\/18K-K127-Luxury-movie-theater-Palace-Cinema-Apocalypse-Version-2.jpg\" alt=\"18K-K127-Luxury-movie-theater-Palace-Cinema-Apocalypse-Version-2\" width=\"800\" height=\"800\" title=\"-\"> <img decoding=\"async\" class=\"alignnone size-full wp-image-196296 aligncenter\" src=\"https:\/\/pay.lpwstore.com\/wp-content\/uploads\/2020\/09\/18K-K127-Luxury-movie-theater-Palace-Cinema-Apocalypse-Version-3.jpg\" alt=\"18K-K127-Luxury-movie-theater-Palace-Cinema-Apocalypse-Version-3\" width=\"800\" height=\"800\" title=\"-\"> <img loading=\"lazy\" decoding=\"async\" class=\"alignnone size-full wp-image-196297 aligncenter\" src=\"https:\/\/pay.lpwstore.com\/wp-content\/uploads\/2020\/09\/18K-K127-Luxury-movie-theater-Palace-Cinema-Apocalypse-Version-4.jpg\" alt=\"18K-K127-Luxury-movie-theater-Palace-Cinema-Apocalypse-Version-4\" width=\"800\" height=\"800\" title=\"-\"> <img loading=\"lazy\" decoding=\"async\" class=\"alignnone size-full wp-image-196298 aligncenter\" src=\"https:\/\/pay.lpwstore.com\/wp-content\/uploads\/2020\/09\/18K-K127-Luxury-movie-theater-Palace-Cinema-Apocalypse-Version-5.jpg\" alt=\"18K-K127-Luxury-movie-theater-Palace-Cinema-Apocalypse-Version-5\" width=\"800\" height=\"800\" title=\"-\"><\/p>","protected":false},"excerpt":{"rendered":"<ul>\n<li>Bao g\u1ed3m <strong>2193+<\/strong> chi\u1ebfc<\/li>\n<li>S\u00e1ch h\u01b0\u1edbng d\u1eabn s\u1eed d\u1ee5ng<\/li>\n<li>Kh\u1ed1i ABS ch\u1ea5t l\u01b0\u1ee3ng cao<\/li>\n<\/ul>","protected":false},"featured_media":15925,"comment_status":"open","ping_status":"closed","template":"","meta":{"_acf_changed":false},"product_cat":[581],"product_tag":[],"class_list":["product","first","outofstock","shipping-taxable","purchasable","product-type-simple"],"acf":[],"_links":{"self":[{"href":"https:\/\/mouldking.store\/vi\/wp-json\/wp\/v2\/product\/15924","targetHints":{"allow":["GET"]}}],"collection":[{"href":"https:\/\/mouldking.store\/vi\/wp-json\/wp\/v2\/product"}],"about":[{"href":"https:\/\/mouldking.store\/vi\/wp-json\/wp\/v2\/types\/product"}],"replies":[{"embeddable":true,"href":"https:\/\/mouldking.store\/vi\/wp-json\/wp\/v2\/comments?post=15924"}],"wp:featuredmedia":[{"embeddable":true,"href":"https:\/\/mouldking.store\/vi\/wp-json\/wp\/v2\/media\/15925"}],"wp:attachment":[{"href":"https:\/\/mouldking.store\/vi\/wp-json\/wp\/v2\/media?parent=15924"}],"wp:term":[{"taxonomy":"product_cat","embeddable":true,"href":"https:\/\/mouldking.store\/vi\/wp-json\/wp\/v2\/product_cat?post=15924"},{"taxonomy":"product_tag","embeddable":true,"href":"https:\/\/mouldking.store\/vi\/wp-json\/wp\/v2\/product_tag?post=15924"}],"curies":[{"name":"wp","href":"https:\/\/api.w.org\/{rel}","templated":true}]}}