{"id":16210,"date":"2021-09-28T03:29:37","date_gmt":"2021-09-28T03:29:37","guid":{"rendered":"https:\/\/mouldking.store\/product\/18k-k130-a-song-of-ice-and-fire-the-iron-throne-3954280"},"modified":"2021-12-23T09:53:15","modified_gmt":"2021-12-23T09:53:15","slug":"18k-k130-a-song-of-ice-and-fire-the-iron-throne","status":"publish","type":"product","link":"https:\/\/mouldking.store\/vi\/shop\/18k-k130-a-song-of-ice-and-fire-the-iron-throne\/","title":{"rendered":"18K K130 B\u00e0i h\u00e1t v\u1ec1 b\u0103ng v\u00e0 l\u1eeda: Ngai s\u1eaft"},"content":{"rendered":"<p style=\"text-align: left;\"><span>18K K130 A Song of Ice and Fire: Iron Throne belongs to the building block set of the film and television game series. The whole set contains 1146 building block particles. <\/span><span>L\u1ea7n \u0111\u1ea7u ti\u00ean \u0111\u01b0\u1ee3c ph\u00e1t h\u00e0nh v\u00e0o n\u0103m 2020.<\/span><\/p>\n<p><img fetchpriority=\"high\" decoding=\"async\" class=\"alignnone size-full wp-image-197186 aligncenter\" src=\"https:\/\/pay.lpwstore.com\/wp-content\/uploads\/2020\/11\/18K-K130-A-Song-of-Ice-and-Fire-The-Iron-Throne.jpg\" alt=\"18K-K130-A-Song-of-Ice-and-Fire-The-Iron-Throne\" width=\"800\" height=\"800\" title=\"-\"> <img decoding=\"async\" class=\"alignnone size-full wp-image-197185 aligncenter\" src=\"https:\/\/pay.lpwstore.com\/wp-content\/uploads\/2020\/11\/18K-K130-A-Song-of-Ice-and-Fire-The-Iron-Throne.-2jpg.jpg\" alt=\"18K-K130-A-Song-of-Ice-and-Fire-The-Iron-Throne.-2jpg\" width=\"800\" height=\"800\" title=\"-\"> <img decoding=\"async\" class=\"alignnone size-full wp-image-197187 aligncenter\" src=\"https:\/\/pay.lpwstore.com\/wp-content\/uploads\/2020\/11\/18K-K130-A-Song-of-Ice-and-Fire-The-Iron-Throne-2.jpg\" alt=\"18K-K130-A-Song-of-Ice-and-Fire-The-Iron-Throne-2\" width=\"800\" height=\"800\" title=\"-\"> <img loading=\"lazy\" decoding=\"async\" class=\"alignnone size-full wp-image-197188 aligncenter\" src=\"https:\/\/pay.lpwstore.com\/wp-content\/uploads\/2020\/11\/18K-K130-A-Song-of-Ice-and-Fire-The-Iron-Throne-3.jpg\" alt=\"18K-K130-A-Song-of-Ice-and-Fire-The-Iron-Throne-3\" width=\"800\" height=\"800\" title=\"-\"><\/p>","protected":false},"excerpt":{"rendered":"<ul>\n<li>Bao g\u1ed3m <strong>1146+<\/strong> chi\u1ebfc<\/li>\n<li>S\u00e1ch h\u01b0\u1edbng d\u1eabn s\u1eed d\u1ee5ng<\/li>\n<li>Kh\u1ed1i ABS ch\u1ea5t l\u01b0\u1ee3ng cao<\/li>\n<\/ul>","protected":false},"featured_media":16211,"comment_status":"open","ping_status":"closed","template":"","meta":{"_acf_changed":false},"product_cat":[],"product_tag":[],"class_list":["product","first","instock","shipping-taxable","purchasable","product-type-simple"],"acf":[],"_links":{"self":[{"href":"https:\/\/mouldking.store\/vi\/wp-json\/wp\/v2\/product\/16210","targetHints":{"allow":["GET"]}}],"collection":[{"href":"https:\/\/mouldking.store\/vi\/wp-json\/wp\/v2\/product"}],"about":[{"href":"https:\/\/mouldking.store\/vi\/wp-json\/wp\/v2\/types\/product"}],"replies":[{"embeddable":true,"href":"https:\/\/mouldking.store\/vi\/wp-json\/wp\/v2\/comments?post=16210"}],"wp:featuredmedia":[{"embeddable":true,"href":"https:\/\/mouldking.store\/vi\/wp-json\/wp\/v2\/media\/16211"}],"wp:attachment":[{"href":"https:\/\/mouldking.store\/vi\/wp-json\/wp\/v2\/media?parent=16210"}],"wp:term":[{"taxonomy":"product_cat","embeddable":true,"href":"https:\/\/mouldking.store\/vi\/wp-json\/wp\/v2\/product_cat?post=16210"},{"taxonomy":"product_tag","embeddable":true,"href":"https:\/\/mouldking.store\/vi\/wp-json\/wp\/v2\/product_tag?post=16210"}],"curies":[{"name":"wp","href":"https:\/\/api.w.org\/{rel}","templated":true}]}}